{"id":1065,"date":"2024-03-24T11:43:03","date_gmt":"2024-03-24T10:43:03","guid":{"rendered":"https:\/\/fmpt.ac.ma\/website\/?page_id=1065"},"modified":"2024-04-23T14:10:03","modified_gmt":"2024-04-23T12:10:03","slug":"demarche-de-pre-et-post-soutenance","status":"publish","type":"page","link":"https:\/\/fmpt.ac.ma\/website\/demarche-de-pre-et-post-soutenance\/","title":{"rendered":"D\u00e9marche de pr\u00e9 et post soutenance"},"content":{"rendered":"\n<p>La d\u00e9marche de pr\u00e9-soutenance, de soutenance et de post-soutenance est une \u00e9tape cruciale dans le processus de r\u00e9alisation d\u2019une th\u00e8se jusqu\u2019\u00e0 l\u2019obtention de son dipl\u00f4me. Dans ce qui suit, nous examinerons en d\u00e9tail chacune de ces \u00e9tapes cruciales du processus.<\/p>\n\n\n\n<ol class=\"wp-block-list\">\n<li><strong>Demande d\u2019autorisation d\u2019impression<\/strong><\/li>\n<\/ol>\n\n\n\n<p>Le candidat n\u2019est autoris\u00e9 \u00e0 demander l\u2019autorisation d\u2019impression de son document qu\u2019apr\u00e8s&nbsp;:&nbsp;<\/p>\n\n\n\n<ul class=\"wp-block-list\">\n<li>L\u2019accord du directeur de th\u00e8se.\n<ul class=\"wp-block-list\">\n<li>Un d\u00e9lai minimum de 3 mois apr\u00e8s la date de d\u00e9p\u00f4t de son sujet,<\/li>\n\n\n\n<li>La validation de tous les stages, les modules et les examens cliniques,<\/li>\n\n\n\n<li>\u00catre exempt\u00e9 de toute obligation envers la biblioth\u00e8que.<\/li>\n<\/ul>\n<\/li>\n<\/ul>\n\n\n\n<p>Pour constituer le dossier de demande d\u2019impression, le candidat doit fournir aupr\u00e8s du service de la recherche :<\/p>\n\n\n\n<ul class=\"wp-block-list\">\n<li>Le Quitus du d\u00e9p\u00f4t de sujet de la th\u00e8se,<\/li>\n\n\n\n<li>La fiche de validation de tous les stages, les modules et les examens cliniques, sign\u00e9e par le vis-Doyen p\u00e9dagogique,<\/li>\n\n\n\n<li>La premi\u00e8re page du rapport d\u2019analyse anti-plagiat sign\u00e9e par le Directeur de th\u00e8se et l\u2019\u00e9tudiant (d\u00e9livr\u00e9 par le personnel de la biblioth\u00e8que),<\/li>\n\n\n\n<li>Le Quitus de la biblioth\u00e8que,<\/li>\n\n\n\n<li>Contrat de diffusion \u00e9lectronique de la th\u00e8se sign\u00e9 par&nbsp; l\u2019\u00e9tudiant,<\/li>\n\n\n\n<li>La fiche de demande d\u2019autorisation d\u2019impression sign\u00e9e par le directeur de th\u00e8se.<\/li>\n<\/ul>\n\n\n\n<p>Une \u00ab autorisation d\u2019impression \u00bb ainsi qu\u2019un prototype de la page de garde seront fournis au th\u00e9sard pour lui autoriser&nbsp; l\u2019impression&nbsp; de son document.<\/p>\n\n\n\n<p><br><strong>NB.<\/strong>&nbsp;Les attestations de validation des modules et des stages seront fournies et v\u00e9rifi\u00e9es par la scolarit\u00e9.<\/p>\n\n\n\n<ol class=\"wp-block-list\" start=\"2\">\n<li><strong>D\u00e9signation du jury de la th\u00e8se<\/strong><\/li>\n<\/ol>\n\n\n\n<ul class=\"wp-block-list\">\n<li>Le candidat doit fournir la demande de d\u00e9signation de jury valide et sign\u00e9e par le directeur de la th\u00e8se.<\/li>\n\n\n\n<li>Le nombre de membres du jury doit \u00eatre compris entre trois (au minimum) et six (au maximum):\n<ul class=\"wp-block-list\">\n<li>La pr\u00e9sence de l\u2019encadrant est obligatoire.<\/li>\n\n\n\n<li>Les membres doivent \u00eatre des PES, des professeurs agr\u00e9g\u00e9s ou des professeurs habilit\u00e9s.<\/li>\n\n\n\n<li>Le pr\u00e9sident du jury de th\u00e8se doit \u00eatre un enseignant de la facult\u00e9 de m\u00e9decine et de pharmacie de Tanger.<\/li>\n\n\n\n<li>Un professeur assistant peut \u00eatre dans le jury en tant que membre associ\u00e9.<\/li>\n\n\n\n<li>Le doyen a le droit, sur proposition de la commission de recherche, de d\u00e9signer un autre membre du jury.<\/li>\n\n\n\n<li>Dans la composition du jury, il peut y avoir un membre invit\u00e9 de l\u2019ext\u00e9rieur de la facult\u00e9 avec l\u2019approbation de Monsieur le doyen.<\/li>\n<\/ul>\n<\/li>\n<\/ul>\n\n\n\n<ol class=\"wp-block-list\" start=\"3\">\n<li><strong>Soutenance de la th\u00e8se<\/strong><\/li>\n<\/ol>\n\n\n\n<ul class=\"wp-block-list\">\n<li>La soutenance de th\u00e8se n\u00e9cessite un d\u00e9lai au minimum de 3 mois entre le d\u00e9p\u00f4t du sujet de th\u00e8se et la date de la soutenance,<\/li>\n\n\n\n<li>L\u2019\u00e9tudiant remet \u00e0 chaque membre du jury un exemplaire, au plus tard une semaine avant la date de soutenance.<\/li>\n\n\n\n<li>La soutenance de th\u00e8se n\u00e9cessite au minimum trois membres de jury dont au moins deux enseignants de la facult\u00e9 de m\u00e9decine et de pharmacie de Tanger.<\/li>\n\n\n\n<li>La facult\u00e9 met \u00e0 la disposition du th\u00e9sard la salle de th\u00e8se, le mat\u00e9riel de projection et de sonorisation et le local annex\u00e9 \u00e0 la salle de th\u00e8se,<\/li>\n\n\n\n<li>La soutenance est publique. Elle se fait en toge afin de conf\u00e9rer un aspect solennel \u00e0 cet \u00e9v\u00e9nement qui marque la fin du cursus universitaire,<\/li>\n\n\n\n<li>Elle se d\u00e9roule en trois parties :\n<ul class=\"wp-block-list\">\n<li>Un expos\u00e9 oral de 20 minutes ;<\/li>\n\n\n\n<li>Une discussion;<\/li>\n\n\n\n<li>La d\u00e9lib\u00e9ration du jury.<\/li>\n<\/ul>\n<\/li>\n\n\n\n<li>L\u2019admission ou l\u2019ajournement de la th\u00e8se est prononc\u00e9 apr\u00e8s d\u00e9lib\u00e9ration du jury. Selon la qualit\u00e9 du travail, de la pr\u00e9sentation orale et de la pertinence des r\u00e9ponses aux questions, le jury d\u00e9cerne :\n<ul class=\"wp-block-list\">\n<li>Une mention tr\u00e8s honorable avec f\u00e9licitation du jury;<\/li>\n\n\n\n<li>Une mention tr\u00e8s honorable ;<\/li>\n\n\n\n<li>Une mention honorable.<\/li>\n<\/ul>\n<\/li>\n\n\n\n<li>Apr\u00e8s d\u00e9lib\u00e9ration, le r\u00e9sultat est annonc\u00e9 par le pr\u00e9sident \u00e0 l\u2019\u00e9tudiant. Ce dernier est alors invit\u00e9 \u00e0 pr\u00eater le Serment devant ses pairs.<\/li>\n<\/ul>\n\n\n\n<p><strong>NB&nbsp;: Chaque ann\u00e9e, un prix sera attribu\u00e9 \u00e0 la meilleure th\u00e8se distingu\u00e9e pour la qualit\u00e9 du travail r\u00e9alis\u00e9.<\/strong><\/p>\n\n\n\n<ol class=\"wp-block-list\" start=\"4\">\n<li><strong><\/strong><strong>D\u00e9manche<\/strong><strong>&nbsp;obligatoire apr\u00e8s la soutenance<\/strong><\/li>\n<\/ol>\n\n\n\n<p>Apr\u00e8s la soutenance de th\u00e8se,<\/p>\n\n\n\n<ul class=\"wp-block-list\">\n<li>Le directeur de th\u00e8se doit veiller \u00e0 la prise en compte des \u00e9ventuelles modifications demand\u00e9es par le jury.<\/li>\n\n\n\n<li>Dans 1 mois suivant la soutenance, l\u2019\u00e9tudiant doit transmettre \u00e0 la biblioth\u00e8que la version finale de sa th\u00e8se comme suit&nbsp;:<\/li>\n\n\n\n<li>2 exemplaires corrig\u00e9s, cachet\u00e9s et sign\u00e9s par le Directeur de th\u00e8se,<\/li>\n\n\n\n<li>2 exemplaires de la version \u00e9lectronique de sa th\u00e8se sur CD non r\u00e9inscriptible, portant le logo de la Facult\u00e9 et rang\u00e9 dans une pochette en plastique,<\/li>\n\n\n\n<li>Un mail sur l\u2019adresse&nbsp;<a href=\"mailto:sid.fmpt@uae.ac.ma\">sid.fmpt@uae.ac.ma<\/a>&nbsp;contenant&nbsp;les informations suivantes&nbsp;:<\/li>\n\n\n\n<li>Titre de la th\u00e8se,<\/li>\n\n\n\n<li>Nom et pr\u00e9nom de l\u2019auteur et du directeur de th\u00e8se,<\/li>\n\n\n\n<li>Date de la soutenance,<\/li>\n\n\n\n<li>La th\u00e8se en format PDF,<\/li>\n\n\n\n<li>R\u00e9sum\u00e9 et mots-cl\u00e9s en fran\u00e7ais,<\/li>\n\n\n\n<li>R\u00e9sum\u00e9 et mots-cl\u00e9s en arabe,<\/li>\n\n\n\n<li>R\u00e9sum\u00e9 et mots-cl\u00e9s en anglais.<\/li>\n<\/ul>\n\n\n\n<p><strong>NB&nbsp;:<\/strong>&nbsp;La version \u00e9lectronique doit \u00eatre identique en termes de pages de couverture et de dos incluses, \u00e0 la version finale de la th\u00e8se papier (version qui sert en fait pour l\u2019impression de la th\u00e8se). Elle doit \u00eatre r\u00e9alis\u00e9e avec le logiciel \u00ab&nbsp;Word&nbsp;\u00bb, et enregistr\u00e9e sous un fichier unique en format PDF.<\/p>\n","protected":false},"excerpt":{"rendered":"<p>La d\u00e9marche de pr\u00e9-soutenance, de soutenance et de post-soutenance est une \u00e9tape cruciale dans le processus de r\u00e9alisation d\u2019une th\u00e8se jusqu\u2019\u00e0 l\u2019obtention de son dipl\u00f4me. Dans ce qui suit, nous examinerons en d\u00e9tail chacune de ces \u00e9tapes cruciales du processus. <a href=\"https:\/\/fmpt.ac.ma\/website\/demarche-de-pre-et-post-soutenance\/\" class=\"read-more\">Read More &#8230;<\/a><\/p>\n","protected":false},"author":4,"featured_media":0,"parent":0,"menu_order":0,"comment_status":"closed","ping_status":"closed","template":"","meta":{"footnotes":""},"class_list":["post-1065","page","type-page","status-publish","hentry"],"_links":{"self":[{"href":"https:\/\/fmpt.ac.ma\/website\/wp-json\/wp\/v2\/pages\/1065","targetHints":{"allow":["GET"]}}],"collection":[{"href":"https:\/\/fmpt.ac.ma\/website\/wp-json\/wp\/v2\/pages"}],"about":[{"href":"https:\/\/fmpt.ac.ma\/website\/wp-json\/wp\/v2\/types\/page"}],"author":[{"embeddable":true,"href":"https:\/\/fmpt.ac.ma\/website\/wp-json\/wp\/v2\/users\/4"}],"replies":[{"embeddable":true,"href":"https:\/\/fmpt.ac.ma\/website\/wp-json\/wp\/v2\/comments?post=1065"}],"version-history":[{"count":2,"href":"https:\/\/fmpt.ac.ma\/website\/wp-json\/wp\/v2\/pages\/1065\/revisions"}],"predecessor-version":[{"id":1529,"href":"https:\/\/fmpt.ac.ma\/website\/wp-json\/wp\/v2\/pages\/1065\/revisions\/1529"}],"wp:attachment":[{"href":"https:\/\/fmpt.ac.ma\/website\/wp-json\/wp\/v2\/media?parent=1065"}],"curies":[{"name":"wp","href":"https:\/\/api.w.org\/{rel}","templated":true}]}}