{"id":1145,"date":"2024-03-25T13:41:31","date_gmt":"2024-03-25T12:41:31","guid":{"rendered":"https:\/\/fmpt.ac.ma\/website\/?page_id=1145"},"modified":"2026-04-17T16:48:02","modified_gmt":"2026-04-17T14:48:02","slug":"cours","status":"publish","type":"page","link":"https:\/\/fmpt.ac.ma\/website\/cours\/","title":{"rendered":"Chronogramme des Cours"},"content":{"rendered":"\n<p class=\"has-text-align-center has-text-color has-link-color has-medium-font-size wp-elements-6f2c5f3ece1f3766cc19e99c3fcadc88\" style=\"color:#7e610f\"><strong>Chronogramme : Enseignements et sessions d\u2019examens<\/strong> <strong>Ann\u00e9e universitaire 2025\u2013 2026<\/strong><\/p>\n\n\n\n<div class=\"wp-block-buttons is-content-justification-center is-layout-flex wp-container-core-buttons-is-layout-16018d1d wp-block-buttons-is-layout-flex\">\n<div class=\"wp-block-button\"><a class=\"wp-block-button__link has-text-color has-background has-link-color has-small-font-size has-text-align-center has-custom-font-size wp-element-button\" href=\"https:\/\/fmpt.ac.ma\/website\/wp-content\/uploads\/2026\/02\/Chronogramme-25-26.pdf\" style=\"color:#072a75;background:linear-gradient(135deg,rgb(197,210,246) 0%,rgb(225,151,13) 100%)\"><strong>Je consulte !<\/strong><\/a><\/div>\n<\/div>\n\n\n\n<div style=\"height:50px\" aria-hidden=\"true\" class=\"wp-block-spacer\"><\/div>\n\n\n\n<h1 class=\"wp-block-heading has-text-align-center\" style=\"font-size:40px\"><strong>Planning des cours des \u00e9tudes en M\u00e9decine<\/strong><\/h1>\n\n\n\n<div class=\"wp-block-columns is-layout-flex wp-container-core-columns-is-layout-9d6595d7 wp-block-columns-is-layout-flex\">\n<div class=\"wp-block-column is-layout-flow wp-block-column-is-layout-flow\"><div class=\"wp-block-image\">\n<figure class=\"aligncenter size-large\"><img loading=\"lazy\" decoding=\"async\" width=\"1024\" height=\"1024\" src=\"https:\/\/fmpt.ac.ma\/website\/wp-content\/uploads\/2025\/09\/Calendar-Icon-1024x1024.png\" alt=\"\" class=\"wp-image-5181\" srcset=\"https:\/\/fmpt.ac.ma\/website\/wp-content\/uploads\/2025\/09\/Calendar-Icon-1024x1024.png 1024w, https:\/\/fmpt.ac.ma\/website\/wp-content\/uploads\/2025\/09\/Calendar-Icon-600x600.png 600w, https:\/\/fmpt.ac.ma\/website\/wp-content\/uploads\/2025\/09\/Calendar-Icon-180x180.png 180w, https:\/\/fmpt.ac.ma\/website\/wp-content\/uploads\/2025\/09\/Calendar-Icon-768x768.png 768w, https:\/\/fmpt.ac.ma\/website\/wp-content\/uploads\/2025\/09\/Calendar-Icon-270x270.png 270w, https:\/\/fmpt.ac.ma\/website\/wp-content\/uploads\/2025\/09\/Calendar-Icon.png 1500w\" sizes=\"auto, (max-width: 1024px) 100vw, 1024px\" \/><\/figure>\n<\/div>\n\n\n<p class=\"has-text-align-center has-medium-font-size\"><strong><a href=\"https:\/\/fmpt.ac.ma\/website\/wp-content\/uploads\/2025\/12\/1ere-annee-medecine-2025-2026.pdf\" data-type=\"link\" data-id=\"https:\/\/fmpt.ac.ma\/website\/wp-content\/uploads\/2025\/12\/planning-1ere-annee-2025-2026-medecine.pdf\">Premi\u00e8re Ann\u00e9e<\/a><\/strong> S1<\/p>\n\n\n\n<p class=\"has-text-align-center has-medium-font-size\"><a href=\"https:\/\/fmpt.ac.ma\/website\/wp-content\/uploads\/2026\/04\/Planning-1ere-AM-2025-2026-1.pdf\" data-type=\"link\" data-id=\"https:\/\/fmpt.ac.ma\/website\/wp-content\/uploads\/2026\/04\/Planning-1ere-AM-2025-2026-1.pdf\"><strong>Premi\u00e8re Ann\u00e9e<\/strong> S2<\/a><\/p>\n<\/div>\n\n\n\n<div class=\"wp-block-column is-layout-flow wp-block-column-is-layout-flow\"><div class=\"wp-block-image\">\n<figure class=\"aligncenter size-large\"><img loading=\"lazy\" decoding=\"async\" width=\"1024\" height=\"1024\" src=\"https:\/\/fmpt.ac.ma\/website\/wp-content\/uploads\/2025\/09\/Calendar-Icon-1024x1024.png\" alt=\"\" class=\"wp-image-5181\" srcset=\"https:\/\/fmpt.ac.ma\/website\/wp-content\/uploads\/2025\/09\/Calendar-Icon-1024x1024.png 1024w, https:\/\/fmpt.ac.ma\/website\/wp-content\/uploads\/2025\/09\/Calendar-Icon-600x600.png 600w, https:\/\/fmpt.ac.ma\/website\/wp-content\/uploads\/2025\/09\/Calendar-Icon-180x180.png 180w, https:\/\/fmpt.ac.ma\/website\/wp-content\/uploads\/2025\/09\/Calendar-Icon-768x768.png 768w, https:\/\/fmpt.ac.ma\/website\/wp-content\/uploads\/2025\/09\/Calendar-Icon-270x270.png 270w, https:\/\/fmpt.ac.ma\/website\/wp-content\/uploads\/2025\/09\/Calendar-Icon.png 1500w\" sizes=\"auto, (max-width: 1024px) 100vw, 1024px\" \/><\/figure>\n<\/div>\n\n\n<p class=\"has-text-align-center has-medium-font-size\"><strong><a href=\"https:\/\/fmpt.ac.ma\/website\/wp-content\/uploads\/2026\/01\/2eme-annee-medecine-2025-2026-2.pdf\">Deuxi\u00e8me Ann\u00e9e<\/a><\/strong> S3<\/p>\n\n\n\n<p class=\"has-text-align-center has-medium-font-size\"><a href=\"https:\/\/fmpt.ac.ma\/website\/wp-content\/uploads\/2026\/04\/Planning-2eme-AM-2025-2026-1.pdf\" data-type=\"link\" data-id=\"https:\/\/fmpt.ac.ma\/website\/wp-content\/uploads\/2026\/04\/Planning-2eme-AM-2025-2026-1.pdf\"><strong>Deuxi\u00e8me Ann\u00e9e<\/strong> S4<\/a><\/p>\n<\/div>\n\n\n\n<div class=\"wp-block-column is-layout-flow wp-block-column-is-layout-flow\"><div class=\"wp-block-image\">\n<figure class=\"aligncenter size-large\"><img loading=\"lazy\" decoding=\"async\" width=\"1024\" height=\"1024\" src=\"https:\/\/fmpt.ac.ma\/website\/wp-content\/uploads\/2025\/09\/Calendar-Icon-1024x1024.png\" alt=\"\" class=\"wp-image-5181\" srcset=\"https:\/\/fmpt.ac.ma\/website\/wp-content\/uploads\/2025\/09\/Calendar-Icon-1024x1024.png 1024w, https:\/\/fmpt.ac.ma\/website\/wp-content\/uploads\/2025\/09\/Calendar-Icon-600x600.png 600w, https:\/\/fmpt.ac.ma\/website\/wp-content\/uploads\/2025\/09\/Calendar-Icon-180x180.png 180w, https:\/\/fmpt.ac.ma\/website\/wp-content\/uploads\/2025\/09\/Calendar-Icon-768x768.png 768w, https:\/\/fmpt.ac.ma\/website\/wp-content\/uploads\/2025\/09\/Calendar-Icon-270x270.png 270w, https:\/\/fmpt.ac.ma\/website\/wp-content\/uploads\/2025\/09\/Calendar-Icon.png 1500w\" sizes=\"auto, (max-width: 1024px) 100vw, 1024px\" \/><\/figure>\n<\/div>\n\n\n<p class=\"has-medium-font-size\"><strong><a href=\"https:\/\/fmpt.ac.ma\/website\/wp-content\/uploads\/2026\/01\/3eme-annee-2025-2026-medecine.pdf\" data-type=\"link\" data-id=\"https:\/\/fmpt.ac.ma\/website\/wp-content\/uploads\/2026\/01\/3eme-annee-2025-2026-medecine-7.pdf\">Troisi\u00e8me Ann\u00e9e<\/a><\/strong> S5<\/p>\n\n\n\n<p class=\"has-text-align-center has-medium-font-size\"><a href=\"https:\/\/fmpt.ac.ma\/website\/wp-content\/uploads\/2026\/04\/Planning-3eme-AM-2025-2026.pdf\" data-type=\"link\" data-id=\"https:\/\/fmpt.ac.ma\/website\/wp-content\/uploads\/2026\/04\/Planning-3eme-AM-2025-2026.pdf\"><strong>Troisi\u00e8me Ann\u00e9e<\/strong> S6<\/a><\/p>\n<\/div>\n\n\n\n<div class=\"wp-block-column is-layout-flow wp-block-column-is-layout-flow\"><div class=\"wp-block-image\">\n<figure class=\"aligncenter size-large\"><img loading=\"lazy\" decoding=\"async\" width=\"1024\" height=\"1024\" src=\"https:\/\/fmpt.ac.ma\/website\/wp-content\/uploads\/2025\/09\/Calendar-Icon-1024x1024.png\" alt=\"\" class=\"wp-image-5181\" srcset=\"https:\/\/fmpt.ac.ma\/website\/wp-content\/uploads\/2025\/09\/Calendar-Icon-1024x1024.png 1024w, https:\/\/fmpt.ac.ma\/website\/wp-content\/uploads\/2025\/09\/Calendar-Icon-600x600.png 600w, https:\/\/fmpt.ac.ma\/website\/wp-content\/uploads\/2025\/09\/Calendar-Icon-180x180.png 180w, https:\/\/fmpt.ac.ma\/website\/wp-content\/uploads\/2025\/09\/Calendar-Icon-768x768.png 768w, https:\/\/fmpt.ac.ma\/website\/wp-content\/uploads\/2025\/09\/Calendar-Icon-270x270.png 270w, https:\/\/fmpt.ac.ma\/website\/wp-content\/uploads\/2025\/09\/Calendar-Icon.png 1500w\" sizes=\"auto, (max-width: 1024px) 100vw, 1024px\" \/><\/figure>\n<\/div>\n\n\n<p class=\"has-text-align-center has-medium-font-size\"><strong><a href=\"https:\/\/fmpt.ac.ma\/website\/wp-content\/uploads\/2026\/01\/4eme-annee-2025-2026-medecine-2.pdf\">Quatri\u00e8me Ann\u00e9e<\/a><\/strong> S7<\/p>\n\n\n\n<p class=\"has-text-align-center has-medium-font-size\"><a href=\"https:\/\/fmpt.ac.ma\/website\/wp-content\/uploads\/2026\/04\/Planning-4eme-AM-2025-2026.pdf\"><strong>Quatri\u00e8me Ann\u00e9e<\/strong> S8<\/a><\/p>\n<\/div>\n\n\n\n<div class=\"wp-block-column is-layout-flow wp-block-column-is-layout-flow\"><div class=\"wp-block-image\">\n<figure class=\"aligncenter size-large\"><img loading=\"lazy\" decoding=\"async\" width=\"1024\" height=\"1024\" src=\"https:\/\/fmpt.ac.ma\/website\/wp-content\/uploads\/2025\/09\/Calendar-Icon-1024x1024.png\" alt=\"\" class=\"wp-image-5181\" srcset=\"https:\/\/fmpt.ac.ma\/website\/wp-content\/uploads\/2025\/09\/Calendar-Icon-1024x1024.png 1024w, https:\/\/fmpt.ac.ma\/website\/wp-content\/uploads\/2025\/09\/Calendar-Icon-600x600.png 600w, https:\/\/fmpt.ac.ma\/website\/wp-content\/uploads\/2025\/09\/Calendar-Icon-180x180.png 180w, https:\/\/fmpt.ac.ma\/website\/wp-content\/uploads\/2025\/09\/Calendar-Icon-768x768.png 768w, https:\/\/fmpt.ac.ma\/website\/wp-content\/uploads\/2025\/09\/Calendar-Icon-270x270.png 270w, https:\/\/fmpt.ac.ma\/website\/wp-content\/uploads\/2025\/09\/Calendar-Icon.png 1500w\" sizes=\"auto, (max-width: 1024px) 100vw, 1024px\" \/><\/figure>\n<\/div>\n\n\n<p class=\"has-text-align-center has-medium-font-size\"><strong><a href=\"https:\/\/fmpt.ac.ma\/website\/wp-content\/uploads\/2026\/01\/5eme-annee-medecine-2025-2026.pdf\">Cinqui\u00e8me Ann\u00e9e<\/a><\/strong> S9<\/p>\n\n\n\n<p class=\"has-text-align-center has-medium-font-size\"><a href=\"https:\/\/fmpt.ac.ma\/website\/wp-content\/uploads\/2026\/04\/Planning-5eme-AM-2025-2026-1.pdf\"><strong>Cinqui\u00e8me Ann\u00e9e<\/strong> S10<\/a><\/p>\n<\/div>\n<\/div>\n\n\n\n<div class=\"wp-block-columns is-layout-flex wp-container-core-columns-is-layout-9d6595d7 wp-block-columns-is-layout-flex\">\n<div class=\"wp-block-column is-layout-flow wp-block-column-is-layout-flow\">\n<div class=\"wp-block-buttons is-content-justification-center is-layout-flex wp-container-core-buttons-is-layout-16018d1d wp-block-buttons-is-layout-flex\">\n<div class=\"wp-block-button\"><a class=\"wp-block-button__link has-midnight-gradient-background has-text-color has-background has-link-color has-medium-font-size has-custom-font-size wp-element-button\" href=\"https:\/\/fmpt.ac.ma\/website\/wp-content\/uploads\/2026\/04\/Groupes_Complets.xlsx-Groupe_1.pdf\" style=\"color:#ffe732\"><strong>La liste des \u00e9tudiants en premi\u00e8re <strong>a<\/strong>nn\u00e9e M\u00e9decine<\/strong><\/a><\/div>\n<\/div>\n\n\n\n<div class=\"wp-block-buttons is-content-justification-center is-layout-flex wp-container-core-buttons-is-layout-16018d1d wp-block-buttons-is-layout-flex\">\n<div class=\"wp-block-button\"><a class=\"wp-block-button__link has-midnight-gradient-background has-text-color has-background has-link-color has-medium-font-size has-custom-font-size wp-element-button\" href=\"https:\/\/fmpt.ac.ma\/website\/wp-content\/uploads\/2025\/12\/Liste-des-groupes-2eme-annee-medecine.xlsx-Sheet1.pdf\" style=\"color:#ffe732\"><strong>La liste des \u00e9tudiants en deuxi\u00e8me ann\u00e9e M\u00e9decine<\/strong><\/a><\/div>\n<\/div>\n<\/div>\n<\/div>\n\n\n\n<div style=\"height:50px\" aria-hidden=\"true\" class=\"wp-block-spacer\"><\/div>\n\n\n\n<h1 class=\"wp-block-heading has-text-align-center\" style=\"font-size:40px\"><strong>Planning des cours des \u00e9tudes en Pharmacie<\/strong><\/h1>\n\n\n\n<div class=\"wp-block-columns is-layout-flex wp-container-core-columns-is-layout-9d6595d7 wp-block-columns-is-layout-flex\">\n<div class=\"wp-block-column is-layout-flow wp-block-column-is-layout-flow\"><div class=\"wp-block-image\">\n<figure class=\"aligncenter size-large is-resized\"><img loading=\"lazy\" decoding=\"async\" width=\"1024\" height=\"1024\" src=\"https:\/\/fmpt.ac.ma\/website\/wp-content\/uploads\/2025\/09\/Calendar-Icon-1024x1024.png\" alt=\"\" class=\"wp-image-5181\" style=\"width:192px\" srcset=\"https:\/\/fmpt.ac.ma\/website\/wp-content\/uploads\/2025\/09\/Calendar-Icon-1024x1024.png 1024w, https:\/\/fmpt.ac.ma\/website\/wp-content\/uploads\/2025\/09\/Calendar-Icon-600x600.png 600w, https:\/\/fmpt.ac.ma\/website\/wp-content\/uploads\/2025\/09\/Calendar-Icon-180x180.png 180w, https:\/\/fmpt.ac.ma\/website\/wp-content\/uploads\/2025\/09\/Calendar-Icon-768x768.png 768w, https:\/\/fmpt.ac.ma\/website\/wp-content\/uploads\/2025\/09\/Calendar-Icon-270x270.png 270w, https:\/\/fmpt.ac.ma\/website\/wp-content\/uploads\/2025\/09\/Calendar-Icon.png 1500w\" sizes=\"auto, (max-width: 1024px) 100vw, 1024px\" \/><\/figure>\n<\/div>\n\n\n<p class=\"has-text-align-center\" style=\"font-size:20px\"><strong><a href=\"https:\/\/fmpt.ac.ma\/website\/wp-content\/uploads\/2026\/04\/PLANNING-1ERE-ANNEE-PHARMACIE_S2-25-26.pdf\" data-type=\"link\" data-id=\"https:\/\/fmpt.ac.ma\/website\/wp-content\/uploads\/2026\/04\/PLANNING-1ERE-ANNEE-PHARMACIE_S2-25-26.pdf\">Premi\u00e8re Ann\u00e9e<\/a><\/strong><\/p>\n<\/div>\n\n\n\n<div class=\"wp-block-column is-layout-flow wp-block-column-is-layout-flow\"><div class=\"wp-block-image\">\n<figure class=\"aligncenter size-large is-resized\"><img loading=\"lazy\" decoding=\"async\" width=\"1024\" height=\"1024\" src=\"https:\/\/fmpt.ac.ma\/website\/wp-content\/uploads\/2025\/09\/Calendar-Icon-1024x1024.png\" alt=\"\" class=\"wp-image-5181\" style=\"width:192px\" srcset=\"https:\/\/fmpt.ac.ma\/website\/wp-content\/uploads\/2025\/09\/Calendar-Icon-1024x1024.png 1024w, https:\/\/fmpt.ac.ma\/website\/wp-content\/uploads\/2025\/09\/Calendar-Icon-600x600.png 600w, https:\/\/fmpt.ac.ma\/website\/wp-content\/uploads\/2025\/09\/Calendar-Icon-180x180.png 180w, https:\/\/fmpt.ac.ma\/website\/wp-content\/uploads\/2025\/09\/Calendar-Icon-768x768.png 768w, https:\/\/fmpt.ac.ma\/website\/wp-content\/uploads\/2025\/09\/Calendar-Icon-270x270.png 270w, https:\/\/fmpt.ac.ma\/website\/wp-content\/uploads\/2025\/09\/Calendar-Icon.png 1500w\" sizes=\"auto, (max-width: 1024px) 100vw, 1024px\" \/><\/figure>\n<\/div>\n\n\n<p class=\"has-text-align-center\" style=\"font-size:20px\"><strong><a href=\"https:\/\/fmpt.ac.ma\/website\/wp-content\/uploads\/2026\/04\/PLANNING-2EME-ANNEE-PHARMACIE_S4-25-26.pdf\" data-type=\"link\" data-id=\"https:\/\/fmpt.ac.ma\/website\/wp-content\/uploads\/2026\/04\/PLANNING-2EME-ANNEE-PHARMACIE_S4-25-26.pdf\">Deuxi\u00e8me Ann\u00e9e<\/a><\/strong><\/p>\n<\/div>\n\n\n\n<div class=\"wp-block-column is-layout-flow wp-block-column-is-layout-flow\"><div class=\"wp-block-image\">\n<figure class=\"aligncenter size-large is-resized\"><img loading=\"lazy\" decoding=\"async\" width=\"1024\" height=\"1024\" src=\"https:\/\/fmpt.ac.ma\/website\/wp-content\/uploads\/2025\/09\/Calendar-Icon-1024x1024.png\" alt=\"\" class=\"wp-image-5181\" style=\"width:192px\" srcset=\"https:\/\/fmpt.ac.ma\/website\/wp-content\/uploads\/2025\/09\/Calendar-Icon-1024x1024.png 1024w, https:\/\/fmpt.ac.ma\/website\/wp-content\/uploads\/2025\/09\/Calendar-Icon-600x600.png 600w, https:\/\/fmpt.ac.ma\/website\/wp-content\/uploads\/2025\/09\/Calendar-Icon-180x180.png 180w, https:\/\/fmpt.ac.ma\/website\/wp-content\/uploads\/2025\/09\/Calendar-Icon-768x768.png 768w, https:\/\/fmpt.ac.ma\/website\/wp-content\/uploads\/2025\/09\/Calendar-Icon-270x270.png 270w, https:\/\/fmpt.ac.ma\/website\/wp-content\/uploads\/2025\/09\/Calendar-Icon.png 1500w\" sizes=\"auto, (max-width: 1024px) 100vw, 1024px\" \/><\/figure>\n<\/div>\n\n\n<p class=\"has-text-align-center\" style=\"font-size:20px\"><strong><a href=\"https:\/\/fmpt.ac.ma\/website\/wp-content\/uploads\/2026\/04\/PLANNING-3EME-ANNEE-PHARMACIE_S6-25-26.pdf\">Troisi\u00e8me Ann\u00e9e<\/a><\/strong><\/p>\n<\/div>\n\n\n\n<div class=\"wp-block-column is-layout-flow wp-block-column-is-layout-flow\"><div class=\"wp-block-image\">\n<figure class=\"aligncenter size-large is-resized\"><img loading=\"lazy\" decoding=\"async\" width=\"1024\" height=\"1024\" src=\"https:\/\/fmpt.ac.ma\/website\/wp-content\/uploads\/2025\/09\/Calendar-Icon-1024x1024.png\" alt=\"\" class=\"wp-image-5181\" style=\"width:192px\" srcset=\"https:\/\/fmpt.ac.ma\/website\/wp-content\/uploads\/2025\/09\/Calendar-Icon-1024x1024.png 1024w, https:\/\/fmpt.ac.ma\/website\/wp-content\/uploads\/2025\/09\/Calendar-Icon-600x600.png 600w, https:\/\/fmpt.ac.ma\/website\/wp-content\/uploads\/2025\/09\/Calendar-Icon-180x180.png 180w, https:\/\/fmpt.ac.ma\/website\/wp-content\/uploads\/2025\/09\/Calendar-Icon-768x768.png 768w, https:\/\/fmpt.ac.ma\/website\/wp-content\/uploads\/2025\/09\/Calendar-Icon-270x270.png 270w, https:\/\/fmpt.ac.ma\/website\/wp-content\/uploads\/2025\/09\/Calendar-Icon.png 1500w\" sizes=\"auto, (max-width: 1024px) 100vw, 1024px\" \/><\/figure>\n<\/div>\n\n\n<p class=\"has-text-align-center has-medium-font-size\"><strong><a href=\"https:\/\/fmpt.ac.ma\/website\/wp-content\/uploads\/2026\/04\/PLANNING-4EME-ANNEE-PHARMACIE_S8-25-26-1.pdf\" data-type=\"link\" data-id=\"https:\/\/fmpt.ac.ma\/website\/wp-content\/uploads\/2026\/04\/PLANNING-4EME-ANNEE-PHARMACIE_S8-25-26-1.pdf\">Quatri\u00e8me Ann\u00e9e<\/a><\/strong><\/p>\n<\/div>\n<\/div>\n\n\n\n<div class=\"wp-block-columns is-layout-flex wp-container-core-columns-is-layout-9d6595d7 wp-block-columns-is-layout-flex\">\n<div class=\"wp-block-column is-layout-flow wp-block-column-is-layout-flow\">\n<div class=\"wp-block-buttons has-white-background-color has-background is-horizontal is-content-justification-center is-layout-flex wp-container-core-buttons-is-layout-499968f5 wp-block-buttons-is-layout-flex\">\n<div class=\"wp-block-button\"><a class=\"wp-block-button__link has-midnight-gradient-background has-text-color has-background has-link-color has-medium-font-size has-custom-font-size wp-element-button\" href=\"https:\/\/fmpt.ac.ma\/website\/wp-content\/uploads\/2026\/04\/Liste-des-etudiants-de-premiere-annee-pharmacie-2025-2026.xlsx-Feuil1.pdf\" style=\"color:#ffe732\"><strong>Liste des \u00e9tudiants en <\/strong>1\u00e8re <strong>ann\u00e9e Pharmacie<\/strong><\/a><\/div>\n\n\n\n<div class=\"wp-block-button\"><a class=\"wp-block-button__link has-midnight-gradient-background has-text-color has-background has-link-color has-medium-font-size has-custom-font-size wp-element-button\" href=\"https:\/\/fmpt.ac.ma\/website\/wp-content\/uploads\/2026\/04\/liste-2eme-annee-pharmacie.xlsx-Feuil1.pdf\" style=\"color:#ffe732\"><strong>Liste des \u00e9tudiants en deuxi\u00e8me ann\u00e9e Pharmacie<\/strong><\/a><\/div>\n<\/div>\n<\/div>\n\n\n\n<div class=\"wp-block-column is-layout-flow wp-block-column-is-layout-flow\">\n<div class=\"wp-block-buttons is-content-justification-center is-layout-flex wp-container-core-buttons-is-layout-16018d1d wp-block-buttons-is-layout-flex\">\n<div class=\"wp-block-button\"><a class=\"wp-block-button__link has-midnight-gradient-background has-text-color has-background has-link-color has-medium-font-size has-custom-font-size wp-element-button\" href=\"https:\/\/fmpt.ac.ma\/website\/wp-content\/uploads\/2026\/04\/liste-3eme-annee-pharmacie.xlsx-Feuil1.pdf\" style=\"color:#ffe732\"><strong>Liste des \u00e9tudiants en troisi\u00e8me ann\u00e9e Pharmacie<\/strong><\/a><\/div>\n\n\n\n<div class=\"wp-block-button\"><a class=\"wp-block-button__link has-midnight-gradient-background has-text-color has-background has-link-color has-medium-font-size has-custom-font-size wp-element-button\" href=\"https:\/\/fmpt.ac.ma\/website\/wp-content\/uploads\/2026\/04\/liste-pharmacie-4eme-annee.xlsx-Feuil1.pdf\" style=\"color:#ffe732\"><strong>Liste des \u00e9tudiants en <\/strong>4<strong>\u00e8me ann\u00e9e Pharmacie<\/strong><\/a><\/div>\n<\/div>\n<\/div>\n<\/div>\n\n\n\n<div style=\"height:50px\" aria-hidden=\"true\" class=\"wp-block-spacer\"><\/div>\n\n\n\n<h1 class=\"wp-block-heading has-text-align-center\" style=\"font-size:40px\"><strong>Planning des cours en Master PPH<\/strong><\/h1>\n\n\n\n<div class=\"wp-block-columns is-layout-flex wp-container-core-columns-is-layout-9d6595d7 wp-block-columns-is-layout-flex\">\n<div class=\"wp-block-column is-layout-flow wp-block-column-is-layout-flow\"><div class=\"wp-block-image\">\n<figure class=\"aligncenter size-large is-resized\"><img loading=\"lazy\" decoding=\"async\" width=\"1024\" height=\"1024\" src=\"https:\/\/fmpt.ac.ma\/website\/wp-content\/uploads\/2025\/09\/Calendar-Icon-1024x1024.png\" alt=\"\" class=\"wp-image-5181\" style=\"width:192px;height:auto\" srcset=\"https:\/\/fmpt.ac.ma\/website\/wp-content\/uploads\/2025\/09\/Calendar-Icon-1024x1024.png 1024w, https:\/\/fmpt.ac.ma\/website\/wp-content\/uploads\/2025\/09\/Calendar-Icon-600x600.png 600w, https:\/\/fmpt.ac.ma\/website\/wp-content\/uploads\/2025\/09\/Calendar-Icon-180x180.png 180w, https:\/\/fmpt.ac.ma\/website\/wp-content\/uploads\/2025\/09\/Calendar-Icon-768x768.png 768w, https:\/\/fmpt.ac.ma\/website\/wp-content\/uploads\/2025\/09\/Calendar-Icon-270x270.png 270w, https:\/\/fmpt.ac.ma\/website\/wp-content\/uploads\/2025\/09\/Calendar-Icon.png 1500w\" sizes=\"auto, (max-width: 1024px) 100vw, 1024px\" \/><\/figure>\n<\/div>\n\n\n<p class=\"has-text-align-center has-text-color has-link-color wp-elements-176011c22d5a56fa50bfc8d71700c034\" style=\"color:#294a70;font-size:25px\"><strong><a href=\"https:\/\/fmpt.ac.ma\/website\/wp-content\/uploads\/2026\/01\/Planning-du-Master-Physiologie-Physiopathologies-Humaines-M1-2025-2026.pdf\">Premi\u00e8re Ann\u00e9e<\/a><\/strong><\/p>\n<\/div>\n\n\n\n<div class=\"wp-block-column is-layout-flow wp-block-column-is-layout-flow\"><div class=\"wp-block-image\">\n<figure class=\"aligncenter size-large is-resized\"><img loading=\"lazy\" decoding=\"async\" width=\"1024\" height=\"1024\" src=\"https:\/\/fmpt.ac.ma\/website\/wp-content\/uploads\/2025\/09\/Calendar-Icon-1024x1024.png\" alt=\"\" class=\"wp-image-5181\" style=\"width:192px\" srcset=\"https:\/\/fmpt.ac.ma\/website\/wp-content\/uploads\/2025\/09\/Calendar-Icon-1024x1024.png 1024w, https:\/\/fmpt.ac.ma\/website\/wp-content\/uploads\/2025\/09\/Calendar-Icon-600x600.png 600w, https:\/\/fmpt.ac.ma\/website\/wp-content\/uploads\/2025\/09\/Calendar-Icon-180x180.png 180w, https:\/\/fmpt.ac.ma\/website\/wp-content\/uploads\/2025\/09\/Calendar-Icon-768x768.png 768w, https:\/\/fmpt.ac.ma\/website\/wp-content\/uploads\/2025\/09\/Calendar-Icon-270x270.png 270w, https:\/\/fmpt.ac.ma\/website\/wp-content\/uploads\/2025\/09\/Calendar-Icon.png 1500w\" sizes=\"auto, (max-width: 1024px) 100vw, 1024px\" \/><\/figure>\n<\/div>\n\n\n<p class=\"has-text-align-center has-text-color has-link-color wp-elements-f914afd25b1b954d8c7f96c4d30d0494\" style=\"color:#294a70;font-size:25px\"><strong>Deuxi\u00e8me Ann\u00e9e<\/strong><\/p>\n<\/div>\n<\/div>\n\n\n\n<div class=\"wp-block-columns is-layout-flex wp-container-core-columns-is-layout-9d6595d7 wp-block-columns-is-layout-flex\">\n<div class=\"wp-block-column is-vertically-aligned-center is-layout-flow wp-block-column-is-layout-flow\">\n<h2 class=\"wp-block-heading has-text-align-center\"><strong>Semestre 1<\/strong><\/h2>\n\n\n\n<div class=\"wp-block-buttons is-content-justification-center is-layout-flex wp-container-core-buttons-is-layout-16018d1d wp-block-buttons-is-layout-flex\">\n<div class=\"wp-block-button\"><a class=\"wp-block-button__link has-white-color has-midnight-gradient-background has-text-color has-background has-link-color has-custom-font-size wp-element-button\" href=\"https:\/\/fmpt.ac.ma\/website\/wp-content\/uploads\/2025\/12\/Planning-M1PPH-29_12_2025.pdf\" style=\"font-size:11px\"><strong>Planning de la semaine prochaine<\/strong><\/a><\/div>\n<\/div>\n\n\n\n<div style=\"height:15px\" aria-hidden=\"true\" class=\"wp-block-spacer\"><\/div>\n\n\n\n<h2 class=\"wp-block-heading has-text-align-center\"><strong>Semestre 2<\/strong><\/h2>\n\n\n\n<div class=\"wp-block-buttons is-content-justification-center is-nowrap is-layout-flex wp-container-core-buttons-is-layout-1fb9aab6 wp-block-buttons-is-layout-flex\">\n<div class=\"wp-block-button\"><a class=\"wp-block-button__link has-white-color has-midnight-gradient-background has-text-color has-background has-link-color has-custom-font-size wp-element-button\" style=\"font-size:11px\"><strong>Planning de la semaine prochaine<\/strong><\/a><\/div>\n<\/div>\n<\/div>\n\n\n\n<div class=\"wp-block-column is-vertically-aligned-center is-layout-flow wp-block-column-is-layout-flow\">\n<h2 class=\"wp-block-heading has-text-align-center\"><strong>Semestre 3<\/strong><\/h2>\n\n\n\n<div class=\"wp-block-buttons is-content-justification-center is-layout-flex wp-container-core-buttons-is-layout-16018d1d wp-block-buttons-is-layout-flex\">\n<div class=\"wp-block-button\"><a class=\"wp-block-button__link has-white-color has-midnight-gradient-background has-text-color has-background has-link-color has-custom-font-size wp-element-button\" href=\"https:\/\/fmpt.ac.ma\/website\/wp-content\/uploads\/2025\/11\/Planning-M2PPH-17_11_2025.pdf\" style=\"font-size:11px\"><strong>Planning de la semaine prochaine<\/strong><\/a><\/div>\n<\/div>\n<\/div>\n<\/div>\n\n\n\n<div class=\"wp-block-columns is-layout-flex wp-container-core-columns-is-layout-9d6595d7 wp-block-columns-is-layout-flex\">\n<div class=\"wp-block-column is-layout-flow wp-block-column-is-layout-flow\"><\/div>\n\n\n\n<div class=\"wp-block-column is-layout-flow wp-block-column-is-layout-flow\"><\/div>\n<\/div>\n","protected":false},"excerpt":{"rendered":"<p>Chronogramme : Enseignements et sessions d\u2019examens Ann\u00e9e universitaire 2025\u2013 2026 Planning des cours des \u00e9tudes en M\u00e9decine Premi\u00e8re Ann\u00e9e S1 Premi\u00e8re Ann\u00e9e S2 Deuxi\u00e8me Ann\u00e9e S3 Deuxi\u00e8me Ann\u00e9e S4 Troisi\u00e8me Ann\u00e9e S5 Troisi\u00e8me Ann\u00e9e S6 Quatri\u00e8me Ann\u00e9e S7 Quatri\u00e8me Ann\u00e9e <a href=\"https:\/\/fmpt.ac.ma\/website\/cours\/\" class=\"read-more\">Read More &#8230;<\/a><\/p>\n","protected":false},"author":2,"featured_media":0,"parent":0,"menu_order":0,"comment_status":"closed","ping_status":"closed","template":"","meta":{"footnotes":""},"class_list":["post-1145","page","type-page","status-publish","hentry"],"_links":{"self":[{"href":"https:\/\/fmpt.ac.ma\/website\/wp-json\/wp\/v2\/pages\/1145","targetHints":{"allow":["GET"]}}],"collection":[{"href":"https:\/\/fmpt.ac.ma\/website\/wp-json\/wp\/v2\/pages"}],"about":[{"href":"https:\/\/fmpt.ac.ma\/website\/wp-json\/wp\/v2\/types\/page"}],"author":[{"embeddable":true,"href":"https:\/\/fmpt.ac.ma\/website\/wp-json\/wp\/v2\/users\/2"}],"replies":[{"embeddable":true,"href":"https:\/\/fmpt.ac.ma\/website\/wp-json\/wp\/v2\/comments?post=1145"}],"version-history":[{"count":298,"href":"https:\/\/fmpt.ac.ma\/website\/wp-json\/wp\/v2\/pages\/1145\/revisions"}],"predecessor-version":[{"id":8292,"href":"https:\/\/fmpt.ac.ma\/website\/wp-json\/wp\/v2\/pages\/1145\/revisions\/8292"}],"wp:attachment":[{"href":"https:\/\/fmpt.ac.ma\/website\/wp-json\/wp\/v2\/media?parent=1145"}],"curies":[{"name":"wp","href":"https:\/\/api.w.org\/{rel}","templated":true}]}}