{"id":1147,"date":"2024-03-25T13:42:12","date_gmt":"2024-03-25T12:42:12","guid":{"rendered":"https:\/\/fmpt.ac.ma\/website\/?page_id=1147"},"modified":"2026-02-19T12:01:11","modified_gmt":"2026-02-19T11:01:11","slug":"stages","status":"publish","type":"page","link":"https:\/\/fmpt.ac.ma\/website\/stages\/","title":{"rendered":"Stages"},"content":{"rendered":"\n<div class=\"wp-block-buttons is-content-justification-center is-layout-flex wp-container-core-buttons-is-layout-16018d1d wp-block-buttons-is-layout-flex\">\n<div class=\"wp-block-button\"><a class=\"wp-block-button__link has-white-color has-text-color has-background has-link-color wp-element-button\" href=\"https:\/\/fmpt.ac.ma\/website\/wp-content\/uploads\/2026\/02\/stage-2025-2026-calendrier.pdf\" style=\"background:linear-gradient(135deg,rgb(2,3,129) 77%,rgb(40,116,252) 100%)\">Les stages hospitaliers de la 3\u00e9me, 4\u00e9me, 5\u00e9me et 6\u00e9me Ann\u00e9e M\u00e9decine<br><br><strong>Ann\u00e9e Universitaire 2025\/2026<\/strong><\/a><\/div>\n<\/div>\n\n\n\n<div style=\"height:30px\" aria-hidden=\"true\" class=\"wp-block-spacer\"><\/div>\n\n\n\n<h2 class=\"wp-block-heading has-text-align-center has-text-color has-link-color wp-elements-5b803567a66f8e616ea49135241ec676\" style=\"color:#0d2b6d;font-size:34px\"><strong>La Liste des \u00e9tudiants <\/strong><\/h2>\n\n\n\n<div style=\"height:15px\" aria-hidden=\"true\" class=\"wp-block-spacer\"><\/div>\n\n\n\n<div class=\"wp-block-buttons has-custom-font-size is-vertical is-content-justification-center is-nowrap is-layout-flex wp-container-core-buttons-is-layout-f22fa84d wp-block-buttons-is-layout-flex\" style=\"font-size:15px\">\n<div class=\"wp-block-button has-custom-width wp-block-button__width-50\"><a class=\"wp-block-button__link has-white-color has-text-color has-background has-link-color wp-element-button\" href=\"https:\/\/fmpt.ac.ma\/website\/wp-content\/uploads\/2025\/11\/liste-3eme-annee-20252026-a-afficher-liste-3eme-annee.pdf\" style=\"background:radial-gradient(rgb(2,3,129) 0%,rgb(40,116,252) 100%)\"><strong>La liste des Etudiants de la 3\u00e9me Ann\u00e9e M\u00e9decine<\/strong><\/a><\/div>\n<\/div>\n\n\n\n<div style=\"height:15px\" aria-hidden=\"true\" class=\"wp-block-spacer\"><\/div>\n\n\n\n<div class=\"wp-block-buttons is-content-justification-center is-layout-flex wp-container-core-buttons-is-layout-16018d1d wp-block-buttons-is-layout-flex\">\n<div class=\"wp-block-button has-custom-width wp-block-button__width-50\"><a class=\"wp-block-button__link has-white-color has-text-color has-background has-link-color has-custom-font-size wp-element-button\" href=\"https:\/\/fmpt.ac.ma\/website\/wp-content\/uploads\/2025\/11\/liste-4-eme-annee-med-25-26-a-afficher-Feuil1.pdf\" style=\"background:radial-gradient(rgb(2,3,129) 22%,rgb(40,116,252) 82%);font-size:15px\">L<strong>iste des Etudiants de la 4\u00e9me Ann\u00e9e M\u00e9decine<\/strong><\/a><\/div>\n<\/div>\n\n\n\n<div style=\"height:15px\" aria-hidden=\"true\" class=\"wp-block-spacer\"><\/div>\n\n\n\n<div class=\"wp-block-buttons is-content-justification-center is-layout-flex wp-container-core-buttons-is-layout-16018d1d wp-block-buttons-is-layout-flex\">\n<div class=\"wp-block-button has-custom-width wp-block-button__width-50\"><a class=\"wp-block-button__link has-white-color has-text-color has-background has-link-color has-custom-font-size wp-element-button\" href=\"https:\/\/fmpt.ac.ma\/website\/wp-content\/uploads\/2025\/11\/liste-5-eme-anne-med-25-26-P1-Feuil1.pdf\" style=\"background:radial-gradient(rgb(2,3,129) 12%,rgb(40,116,252) 86%);font-size:15px\"><strong>Liste des Etudiants de la 5\u00e9me Ann\u00e9e M\u00e9decine<\/strong> P1<\/a><\/div>\n\n\n\n<div class=\"wp-block-button has-custom-width wp-block-button__width-50\"><a class=\"wp-block-button__link has-white-color has-text-color has-background has-link-color has-custom-font-size wp-element-button\" href=\"https:\/\/fmpt.ac.ma\/website\/wp-content\/uploads\/2025\/11\/liste-5-eme-anne-med-25-26-P2-Feuil1.pdf\" style=\"background:radial-gradient(rgb(2,3,129) 12%,rgb(40,116,252) 86%);font-size:15px\"><strong>Liste des Etudiants de la 5\u00e9me Ann\u00e9e M\u00e9decine<\/strong> P2<\/a><\/div>\n\n\n\n<div class=\"wp-block-button has-custom-width wp-block-button__width-50\"><a class=\"wp-block-button__link has-white-color has-text-color has-background has-link-color has-custom-font-size wp-element-button\" href=\"https:\/\/fmpt.ac.ma\/website\/wp-content\/uploads\/2026\/02\/liste-5-eme-anne-med-25-26-P3-Feuil1.pdf\" style=\"background:radial-gradient(rgb(2,3,129) 12%,rgb(40,116,252) 86%);font-size:15px\"><strong>Liste des Etudiants de la 5\u00e9me Ann\u00e9e M\u00e9decine<\/strong> P3<\/a><\/div>\n\n\n\n<div class=\"wp-block-button has-custom-width wp-block-button__width-50\"><a class=\"wp-block-button__link has-white-color has-text-color has-background has-link-color has-custom-font-size wp-element-button\" href=\"https:\/\/fmpt.ac.ma\/website\/wp-content\/uploads\/2026\/02\/liste-5-eme-anne-med-25-26-P4-Feuil1.pdf\" style=\"background:radial-gradient(rgb(2,3,129) 12%,rgb(40,116,252) 86%);font-size:15px\"><strong>Liste des Etudiants de la 5\u00e9me Ann\u00e9e M\u00e9decine<\/strong> P4<\/a><\/div>\n\n\n\n<div class=\"wp-block-button has-custom-width wp-block-button__width-50\"><a class=\"wp-block-button__link has-white-color has-text-color has-background has-link-color has-custom-font-size wp-element-button\" href=\"https:\/\/fmpt.ac.ma\/website\/wp-content\/uploads\/2026\/02\/liste-5-eme-anne-med-25-26-P5-Feuil1.pdf\" style=\"background:radial-gradient(rgb(2,3,129) 12%,rgb(40,116,252) 86%);font-size:15px\"><strong>Liste des Etudiants de la 5\u00e9me Ann\u00e9e M\u00e9decine<\/strong> P5<\/a><\/div>\n\n\n\n<div class=\"wp-block-button has-custom-width wp-block-button__width-50\"><a class=\"wp-block-button__link has-white-color has-text-color has-background has-link-color has-custom-font-size wp-element-button\" href=\"https:\/\/fmpt.ac.ma\/website\/wp-content\/uploads\/2026\/02\/liste-5-eme-anne-med-25-26-P6-Feuil1.pdf\" style=\"background:radial-gradient(rgb(2,3,129) 12%,rgb(40,116,252) 86%);font-size:15px\"><strong>Liste des Etudiants de la 5\u00e9me Ann\u00e9e M\u00e9decine<\/strong> P6<\/a><\/div>\n<\/div>\n\n\n\n<div style=\"height:15px\" aria-hidden=\"true\" class=\"wp-block-spacer\"><\/div>\n\n\n\n<div class=\"wp-block-buttons has-custom-font-size is-content-justification-center is-layout-flex wp-container-core-buttons-is-layout-16018d1d wp-block-buttons-is-layout-flex\" style=\"font-size:15px\">\n<div class=\"wp-block-button has-custom-width wp-block-button__width-50\"><a class=\"wp-block-button__link has-white-color has-text-color has-background has-link-color wp-element-button\" href=\"https:\/\/fmpt.ac.ma\/website\/wp-content\/uploads\/2025\/11\/STAGE-6-EME-ANNEE-MED-BOYCOT-P1-Sheet1.pdf\" style=\"background:radial-gradient(rgb(2,3,129) 28%,rgb(40,116,252) 80%)\"><strong>Liste des Etudiants de la 6\u00e9me Ann\u00e9e M\u00e9decine<\/strong> P1<\/a><\/div>\n\n\n\n<div class=\"wp-block-button has-custom-width wp-block-button__width-50\"><a class=\"wp-block-button__link has-white-color has-text-color has-background has-link-color wp-element-button\" href=\"https:\/\/fmpt.ac.ma\/website\/wp-content\/uploads\/2025\/11\/STAGE-6-EME-ANNEE-MED-BOYCOT-P2-Sheet1.pdf\" style=\"background:radial-gradient(rgb(2,3,129) 28%,rgb(40,116,252) 80%)\"><strong>Liste des Etudiants de la 6\u00e9me Ann\u00e9e M\u00e9decine<\/strong> P2<\/a><\/div>\n\n\n\n<div class=\"wp-block-button has-custom-width wp-block-button__width-50\"><a class=\"wp-block-button__link has-white-color has-text-color has-background has-link-color wp-element-button\" href=\"https:\/\/fmpt.ac.ma\/website\/wp-content\/uploads\/2025\/11\/STAGE-6-EME-ANNEE-MED-BOYCOT-P3-Sheet1.pdf\" style=\"background:radial-gradient(rgb(2,3,129) 28%,rgb(40,116,252) 80%)\"><strong>Liste des Etudiants de la 6\u00e9me Ann\u00e9e M\u00e9decine<\/strong> P3<\/a><\/div>\n\n\n\n<div class=\"wp-block-button has-custom-width wp-block-button__width-50\"><a class=\"wp-block-button__link has-white-color has-text-color has-background has-link-color wp-element-button\" href=\"https:\/\/fmpt.ac.ma\/website\/wp-content\/uploads\/2025\/11\/STAGE-6-EME-ANNEE-MED-BOYCOT-P4-Sheet1.pdf\" style=\"background:radial-gradient(rgb(2,3,129) 28%,rgb(40,116,252) 80%)\"><strong>Liste des Etudiants de la 6\u00e9me Ann\u00e9e M\u00e9decine<\/strong> P4<\/a><\/div>\n\n\n\n<div class=\"wp-block-button has-custom-width wp-block-button__width-50\"><a class=\"wp-block-button__link has-white-color has-text-color has-background has-link-color wp-element-button\" href=\"https:\/\/fmpt.ac.ma\/website\/wp-content\/uploads\/2025\/11\/liste-6-eme-annee-25-26-P1-Etrangers-Feuil1.pdf\" style=\"background:radial-gradient(rgb(2,3,129) 28%,rgb(40,116,252) 80%)\"><strong>Liste des Etudiants de la 6\u00e9me Ann\u00e9e M\u00e9decine<\/strong> P1 (Etrangers)<\/a><\/div>\n\n\n\n<div class=\"wp-block-button has-custom-width wp-block-button__width-50\"><a class=\"wp-block-button__link has-white-color has-text-color has-background has-link-color wp-element-button\" href=\"https:\/\/fmpt.ac.ma\/website\/wp-content\/uploads\/2025\/11\/liste-6-eme-annee-25-26-P2-Etrangers-Feuil1.pdf\" style=\"background:radial-gradient(rgb(2,3,129) 28%,rgb(40,116,252) 80%)\"><strong>Liste des Etudiants de la 6\u00e9me Ann\u00e9e M\u00e9decine<\/strong> P2 (Etrangers)<\/a><\/div>\n\n\n\n<div class=\"wp-block-button has-custom-width wp-block-button__width-50\"><a class=\"wp-block-button__link has-white-color has-text-color has-background has-link-color wp-element-button\" href=\"https:\/\/fmpt.ac.ma\/website\/wp-content\/uploads\/2025\/11\/liste-6-eme-annee-25-26-P3-Etrangers-Feuil1.pdf\" style=\"background:radial-gradient(rgb(2,3,129) 28%,rgb(40,116,252) 80%)\"><strong>Liste des Etudiants de la 6\u00e9me Ann\u00e9e M\u00e9decine<\/strong> P3 (Etrangers)<\/a><\/div>\n\n\n\n<div class=\"wp-block-button has-custom-width wp-block-button__width-50\"><a class=\"wp-block-button__link has-white-color has-text-color has-background has-link-color wp-element-button\" href=\"https:\/\/fmpt.ac.ma\/website\/wp-content\/uploads\/2025\/11\/liste-6-eme-annee-25-26-P4-Etrangers-Feuil1.pdf\" style=\"background:radial-gradient(rgb(2,3,129) 28%,rgb(40,116,252) 80%)\"><strong>Liste des Etudiants de la 6\u00e9me Ann\u00e9e M\u00e9decine<\/strong> P4 (Etrangers)<\/a><\/div>\n<\/div>\n\n\n\n<div style=\"height:120px\" aria-hidden=\"true\" class=\"wp-block-spacer\"><\/div>\n\n\n\n<h1 class=\"wp-block-heading has-text-align-center has-text-color has-link-color has-large-font-size wp-elements-06edf5112fb13f30e1342d0af6f591a1\" style=\"color:#171a43\"><strong>Les documents \u00e0 t\u00e9l\u00e9charger (obligatoirement)<\/strong><\/h1>\n\n\n\n<div style=\"height:15px\" aria-hidden=\"true\" class=\"wp-block-spacer\"><\/div>\n\n\n\n<div class=\"wp-block-buttons has-white-background-color has-background is-content-justification-center is-nowrap is-layout-flex wp-container-core-buttons-is-layout-1fb9aab6 wp-block-buttons-is-layout-flex\">\n<div class=\"wp-block-button\"><a class=\"wp-block-button__link has-white-color has-midnight-gradient-background has-text-color has-background has-link-color wp-element-button\" href=\"https:\/\/fmpt.ac.ma\/website\/wp-content\/uploads\/2025\/06\/Carnet_stage_1er.docx\"><strong>T\u00e9l\u00e9charger la fiche de l&rsquo;\u00e9tudiant (1re Ann\u00e9e)<\/strong><\/a><\/div>\n<\/div>\n\n\n\n<div style=\"height:15px\" aria-hidden=\"true\" class=\"wp-block-spacer\"><\/div>\n\n\n\n<div class=\"wp-block-buttons is-content-justification-center is-nowrap is-layout-flex wp-container-core-buttons-is-layout-1fb9aab6 wp-block-buttons-is-layout-flex\">\n<div class=\"wp-block-button\"><a class=\"wp-block-button__link has-white-color has-midnight-gradient-background has-text-color has-background has-link-color wp-element-button\" href=\"https:\/\/fmpt.ac.ma\/website\/wp-content\/uploads\/2025\/06\/Carnet_stage_2-annee.docx\"><strong>T\u00e9l\u00e9charger la fiche de l&rsquo;\u00e9tudiant (2\u00e9me Ann\u00e9e)<\/strong><\/a><\/div>\n<\/div>\n\n\n\n<div style=\"height:15px\" aria-hidden=\"true\" class=\"wp-block-spacer\"><\/div>\n\n\n\n<div class=\"wp-block-buttons is-content-justification-center is-nowrap is-layout-flex wp-container-core-buttons-is-layout-1fb9aab6 wp-block-buttons-is-layout-flex\">\n<div class=\"wp-block-button\"><a class=\"wp-block-button__link has-white-color has-midnight-gradient-background has-text-color has-background has-link-color wp-element-button\" href=\"https:\/\/fmpt.ac.ma\/website\/wp-content\/uploads\/2025\/06\/Carnet_stage_5-annee.docx\"><strong>T\u00e9l\u00e9charger la fiche de l&rsquo;\u00e9tudiant (5\u00e9me Ann\u00e9e)<\/strong><\/a><\/div>\n<\/div>\n\n\n\n<div style=\"height:80px\" aria-hidden=\"true\" class=\"wp-block-spacer\"><\/div>\n\n\n\n<h1 class=\"wp-block-heading has-text-align-center has-text-color has-link-color has-large-font-size wp-elements-be9b9142a647313bd9eaec6bba8b9d72\" style=\"color:#0d2b6d\"><strong>Document \u00e0 remplir<\/strong><\/h1>\n\n\n\n<div class=\"wp-block-buttons is-content-justification-center is-layout-flex wp-container-core-buttons-is-layout-16018d1d wp-block-buttons-is-layout-flex\">\n<div class=\"wp-block-button\"><a class=\"wp-block-button__link has-white-color has-midnight-gradient-background has-text-color has-background has-link-color has-text-align-center wp-element-button\" href=\"https:\/\/fmpt.ac.ma\/website\/wp-content\/uploads\/2026\/01\/demande-de-stransfer-de-stage.docx.pdf\"><strong>T\u00e9l\u00e9charger la demande de Transfert de stage hospitalier<\/strong><\/a><\/div>\n<\/div>\n\n\n\n<p><\/p>\n\n\n\n<p class=\"has-text-align-center has-text-color has-link-color wp-elements-b7d0c6e36bb7dc4c992e706a8e1aa5fd\" style=\"color:#891616;font-size:14px\"> <strong>NB :<\/strong> L\u2019\u00e9tudiant doit remplir <strong>uniquement la partie \u00ab Identit\u00e9 du stagiaire \u00bb et  \u00ab Ann\u00e9e universitaire \u00bb<\/strong> dans la fiche de stage.<\/p>\n\n\n\n<div style=\"height:69px\" aria-hidden=\"true\" class=\"wp-block-spacer\"><\/div>\n\n\n\n<hr class=\"wp-block-separator has-alpha-channel-opacity\"\/>\n\n\n\n<h2 class=\"wp-block-heading has-text-align-center\" style=\"font-size:40px\">L&rsquo;Application MonStage :<br>Un Outil pour la gestion des stages<\/h2>\n\n\n\n<figure class=\"wp-block-video\"><video autoplay controls src=\"https:\/\/www.fmpt.ac.ma\/StageVideo\/monstage.m4v\"><\/video><\/figure>\n","protected":false},"excerpt":{"rendered":"<p>La Liste des \u00e9tudiants Les documents \u00e0 t\u00e9l\u00e9charger (obligatoirement) Document \u00e0 remplir NB : L\u2019\u00e9tudiant doit remplir uniquement la partie \u00ab Identit\u00e9 du stagiaire \u00bb et \u00ab Ann\u00e9e universitaire \u00bb dans la fiche de stage. L&rsquo;Application MonStage :Un Outil pour <a href=\"https:\/\/fmpt.ac.ma\/website\/stages\/\" class=\"read-more\">Read More &#8230;<\/a><\/p>\n","protected":false},"author":2,"featured_media":0,"parent":0,"menu_order":0,"comment_status":"closed","ping_status":"closed","template":"","meta":{"footnotes":""},"class_list":["post-1147","page","type-page","status-publish","hentry"],"_links":{"self":[{"href":"https:\/\/fmpt.ac.ma\/website\/wp-json\/wp\/v2\/pages\/1147","targetHints":{"allow":["GET"]}}],"collection":[{"href":"https:\/\/fmpt.ac.ma\/website\/wp-json\/wp\/v2\/pages"}],"about":[{"href":"https:\/\/fmpt.ac.ma\/website\/wp-json\/wp\/v2\/types\/page"}],"author":[{"embeddable":true,"href":"https:\/\/fmpt.ac.ma\/website\/wp-json\/wp\/v2\/users\/2"}],"replies":[{"embeddable":true,"href":"https:\/\/fmpt.ac.ma\/website\/wp-json\/wp\/v2\/comments?post=1147"}],"version-history":[{"count":74,"href":"https:\/\/fmpt.ac.ma\/website\/wp-json\/wp\/v2\/pages\/1147\/revisions"}],"predecessor-version":[{"id":7985,"href":"https:\/\/fmpt.ac.ma\/website\/wp-json\/wp\/v2\/pages\/1147\/revisions\/7985"}],"wp:attachment":[{"href":"https:\/\/fmpt.ac.ma\/website\/wp-json\/wp\/v2\/media?parent=1147"}],"curies":[{"name":"wp","href":"https:\/\/api.w.org\/{rel}","templated":true}]}}