{"id":1359,"date":"2024-04-01T16:39:47","date_gmt":"2024-04-01T14:39:47","guid":{"rendered":"https:\/\/fmpt.ac.ma\/website\/?page_id=1359"},"modified":"2025-09-30T13:28:49","modified_gmt":"2025-09-30T11:28:49","slug":"normes-de-redaction-de-la-these","status":"publish","type":"page","link":"https:\/\/fmpt.ac.ma\/website\/normes-de-redaction-de-la-these\/","title":{"rendered":"Normes de r\u00e9daction de la th\u00e8se"},"content":{"rendered":"\n<p class=\"has-text-color has-link-color has-medium-font-size wp-elements-aa0ba2890223b9142d1a5284a4a9f33b\" style=\"color:#0e0643\">La th\u00e8se doit \u00eatre r\u00e9dig\u00e9e selon les normes suivantes :<\/p>\n\n\n\n<ol class=\"wp-block-list\">\n<li class=\"has-text-color has-link-color has-medium-font-size wp-elements-482ac528c8fba7a011e602636997e626\" style=\"color:#0e0643\">Le texte de la couverture est r\u00e9dig\u00e9 en fran\u00e7ais ou en anglais d\u2019un c\u00f4t\u00e9, et en arabe de l\u2019autre c\u00f4t\u00e9.<\/li>\n\n\n\n<li class=\"has-text-color has-link-color has-medium-font-size wp-elements-a18d7f14d90147b8fafcbdb2cb4917e7\" style=\"color:#0e0643\">Le texte du corps de la th\u00e8se est r\u00e9dig\u00e9 avec un interligne de 1,5 ou 2, sur une seule face de la feuille avec un caract\u00e8re de taille 12.<\/li>\n\n\n\n<li class=\"has-text-color has-link-color has-medium-font-size wp-elements-0887c98f319b50d3976389f4447f632d\" style=\"color:#0e0643\">Pour les th\u00e8ses d\u00e9passant 150 pages, l\u2019impression recto-verso est permise.<\/li>\n\n\n\n<li class=\"has-text-color has-link-color has-medium-font-size wp-elements-0a17f63f792c93f25ee9727ee0b373aa\" style=\"color:#0e0643\">Les marges sont de 2,5 cm en haut, en bas, \u00e0 gauche et \u00e0 droite de la page.<\/li>\n\n\n\n<li class=\"has-text-color has-link-color has-medium-font-size wp-elements-6ec536fd0c88dae0e4c09a944ec26ee8\" style=\"color:#0e0643\">Le texte est justifi\u00e9 \u00e0 droite et \u00e0 gauche.<\/li>\n\n\n\n<li class=\"has-text-color has-link-color has-medium-font-size wp-elements-fcb6ceebaae154a613f3693d9c5a03a3\" style=\"color:#0e0643\">Les copies requises sont imprim\u00e9es sur du papier blanc, opaque, de taille A4.<\/li>\n\n\n\n<li class=\"has-text-color has-link-color has-medium-font-size wp-elements-cece87b2ebfb2a539afe8580a0ad59c0\" style=\"color:#0e0643\">La num\u00e9rotation des pages est continue. Les num\u00e9ros sont ordinairement plac\u00e9s en bas, au centre de chaque page.<\/li>\n\n\n\n<li class=\"has-text-color has-link-color has-medium-font-size wp-elements-d8510bf57ad026892378f75be7fc31d5\" style=\"color:#0e0643\">Le document th\u00e8se contient :<\/li>\n\n\n\n<li class=\"has-text-color has-link-color has-medium-font-size wp-elements-4edb967884e0aed053739a7ac1c09aec\" style=\"color:#0e0643\">La liste des Professeurs de l\u2019enseignement sup\u00e9rieur, des Professeurs agr\u00e9g\u00e9s et des Professeurs habilit\u00e9s de la Facult\u00e9 de m\u00e9decine de pharmacie de Tanger.<\/li>\n\n\n\n<li class=\"has-text-color has-link-color has-medium-font-size wp-elements-1916f751def804712fe3c2c4396b1447\" style=\"color:#0e0643\">Un maximum de 4 pages pour les d\u00e9dicaces et les remerciements. Les remerciements sont destin\u00e9s \u00e0 vos encadrants et aux membres du jury, tandis que les d\u00e9dicaces peuvent \u00eatre adress\u00e9es \u00e0 des personnes de votre choix,<\/li>\n\n\n\n<li class=\"has-text-color has-link-color has-medium-font-size wp-elements-67ae7ce8da326914058096591ef5dfc6\" style=\"color:#0e0643\">La table des mati\u00e8res indiquant le num\u00e9ro de page pour chaque section (de pr\u00e9f\u00e9rence automatique),<\/li>\n\n\n\n<li class=\"has-text-color has-link-color has-medium-font-size wp-elements-351c7c89a6bb27eee9698cf5c0f1eacf\" style=\"color:#0e0643\">La liste des tableaux,<\/li>\n\n\n\n<li class=\"has-text-color has-link-color has-medium-font-size wp-elements-a6c7cb7b0c713d5f599c998bad0368d8\" style=\"color:#0e0643\">La liste des figures,<\/li>\n\n\n\n<li class=\"has-text-color has-link-color has-medium-font-size wp-elements-bb2813f629552d17f652f3e6db950c7d\" style=\"color:#0e0643\">La liste des abr\u00e9viations,<\/li>\n\n\n\n<li class=\"has-text-color has-link-color has-medium-font-size wp-elements-6f90fde713f5da9a5a709bb99de30f2e\" style=\"color:#0e0643\">Le corps de la th\u00e8se,<\/li>\n\n\n\n<li class=\"has-text-color has-link-color has-medium-font-size wp-elements-79160cf79433bf54af9c4e71099e76fa\" style=\"color:#0e0643\">Un r\u00e9sum\u00e9 et des mots-cl\u00e9s en fran\u00e7ais, en arabe et en anglais, occupant chacun un espace d\u2019au maximum une page,<\/li>\n\n\n\n<li class=\"has-text-color has-link-color has-medium-font-size wp-elements-bbf80f428e3a569f53688d4252a2f8fc\" style=\"color:#0e0643\">Les r\u00e9f\u00e9rences bibliographiques,<\/li>\n\n\n\n<li class=\"has-text-color has-link-color has-medium-font-size wp-elements-9f8b16c18e350a231269d2395c8a57ae\" style=\"color:#0e0643\">Le serment r\u00e9gissant la profession m\u00e9dicale,<\/li>\n\n\n\n<li class=\"has-text-color has-link-color has-medium-font-size wp-elements-0dd369fc3abe096a47ede40f63f95eb6\" style=\"color:#0e0643\">&nbsp;S\u2019il y a des annexes, elles sont plac\u00e9es entre les r\u00e9f\u00e9rences bibliographiques et le serment.<\/li>\n<\/ol>\n\n\n\n<p><strong>NB&nbsp;: <\/strong>Les th\u00e8ses qui ne respectent pas ces normes, s<\/p>\n","protected":false},"excerpt":{"rendered":"<p>La th\u00e8se doit \u00eatre r\u00e9dig\u00e9e selon les normes suivantes : NB&nbsp;: Les th\u00e8ses qui ne respectent pas ces normes, s<\/p>\n","protected":false},"author":4,"featured_media":0,"parent":0,"menu_order":0,"comment_status":"closed","ping_status":"closed","template":"","meta":{"footnotes":""},"class_list":["post-1359","page","type-page","status-publish","hentry"],"_links":{"self":[{"href":"https:\/\/fmpt.ac.ma\/website\/wp-json\/wp\/v2\/pages\/1359","targetHints":{"allow":["GET"]}}],"collection":[{"href":"https:\/\/fmpt.ac.ma\/website\/wp-json\/wp\/v2\/pages"}],"about":[{"href":"https:\/\/fmpt.ac.ma\/website\/wp-json\/wp\/v2\/types\/page"}],"author":[{"embeddable":true,"href":"https:\/\/fmpt.ac.ma\/website\/wp-json\/wp\/v2\/users\/4"}],"replies":[{"embeddable":true,"href":"https:\/\/fmpt.ac.ma\/website\/wp-json\/wp\/v2\/comments?post=1359"}],"version-history":[{"count":5,"href":"https:\/\/fmpt.ac.ma\/website\/wp-json\/wp\/v2\/pages\/1359\/revisions"}],"predecessor-version":[{"id":6387,"href":"https:\/\/fmpt.ac.ma\/website\/wp-json\/wp\/v2\/pages\/1359\/revisions\/6387"}],"wp:attachment":[{"href":"https:\/\/fmpt.ac.ma\/website\/wp-json\/wp\/v2\/media?parent=1359"}],"curies":[{"name":"wp","href":"https:\/\/api.w.org\/{rel}","templated":true}]}}