{"id":1362,"date":"2024-04-01T16:43:45","date_gmt":"2024-04-01T14:43:45","guid":{"rendered":"https:\/\/fmpt.ac.ma\/website\/?page_id=1362"},"modified":"2025-09-30T16:01:57","modified_gmt":"2025-09-30T14:01:57","slug":"documents-obligatoires","status":"publish","type":"page","link":"https:\/\/fmpt.ac.ma\/website\/documents-obligatoires\/","title":{"rendered":"Documents obligatoires"},"content":{"rendered":"\n<ul class=\"wp-block-list\">\n<li><a href=\"https:\/\/fmpt.ac.ma\/website\/wp-content\/uploads\/2025\/09\/Fiche-de-depot-de-sujet-de-these.pdf\" data-type=\"link\" data-id=\"http:\/\/www.fmpt.ac.ma\/website\/wp-content\/uploads\/2024\/03\/Fiche-de-depot-de-sujet-de-these.pdf\"><strong>Fiche de D\u00e9p\u00f4t du Sujet de Th\u00e8se<\/strong><\/a><\/li>\n\n\n\n<li><a href=\"http:\/\/www.fmpt.ac.ma\/website\/wp-content\/uploads\/2024\/03\/Demande-de-changement-de-sujet-de-these.pdf\"><strong>Demande de Changement de Sujet de Th\u00e8se<\/strong><\/a><\/li>\n\n\n\n<li><strong><a href=\"https:\/\/fmpt.ac.ma\/website\/wp-content\/uploads\/2025\/09\/Demande-d-autorisation-dimpression.pdf\">Demande d&rsquo;Autorisation d&rsquo;Impression<\/a><\/strong><\/li>\n\n\n\n<li><a href=\"https:\/\/fmpt.ac.ma\/website\/wp-content\/uploads\/2025\/09\/Autorisation-de-disffusion-electronique.pdf\"><strong>Autorisation de Diffusion Electronique<\/strong><\/a><\/li>\n\n\n\n<li><a href=\"http:\/\/www.fmpt.ac.ma\/website\/wp-content\/uploads\/2024\/03\/Fiche-de-validation.pdf\"><strong>Fiche de Validation<\/strong><\/a><\/li>\n\n\n\n<li><a href=\"http:\/\/www.fmpt.ac.ma\/website\/wp-content\/uploads\/2024\/03\/modele-de-couverture-de-these-de-medecine.pdf\"><strong>Mod\u00e8le de Couverture de Th\u00e8se de M\u00e9decine<\/strong><\/a><\/li>\n\n\n\n<li><a href=\"https:\/\/fmpt.ac.ma\/website\/wp-content\/uploads\/2025\/09\/Demande-de-la-soutenance-de-la-these.pdf\"><strong>Demande de la Soutenance de la Th\u00e8se<\/strong><\/a><\/li>\n<\/ul>\n","protected":false},"excerpt":{"rendered":"","protected":false},"author":4,"featured_media":0,"parent":0,"menu_order":0,"comment_status":"closed","ping_status":"closed","template":"","meta":{"footnotes":""},"class_list":["post-1362","page","type-page","status-publish","hentry"],"_links":{"self":[{"href":"https:\/\/fmpt.ac.ma\/website\/wp-json\/wp\/v2\/pages\/1362","targetHints":{"allow":["GET"]}}],"collection":[{"href":"https:\/\/fmpt.ac.ma\/website\/wp-json\/wp\/v2\/pages"}],"about":[{"href":"https:\/\/fmpt.ac.ma\/website\/wp-json\/wp\/v2\/types\/page"}],"author":[{"embeddable":true,"href":"https:\/\/fmpt.ac.ma\/website\/wp-json\/wp\/v2\/users\/4"}],"replies":[{"embeddable":true,"href":"https:\/\/fmpt.ac.ma\/website\/wp-json\/wp\/v2\/comments?post=1362"}],"version-history":[{"count":6,"href":"https:\/\/fmpt.ac.ma\/website\/wp-json\/wp\/v2\/pages\/1362\/revisions"}],"predecessor-version":[{"id":6487,"href":"https:\/\/fmpt.ac.ma\/website\/wp-json\/wp\/v2\/pages\/1362\/revisions\/6487"}],"wp:attachment":[{"href":"https:\/\/fmpt.ac.ma\/website\/wp-json\/wp\/v2\/media?parent=1362"}],"curies":[{"name":"wp","href":"https:\/\/api.w.org\/{rel}","templated":true}]}}