{"id":1399,"date":"2024-04-05T17:44:54","date_gmt":"2024-04-05T15:44:54","guid":{"rendered":"https:\/\/fmpt.ac.ma\/website\/?page_id=1399"},"modified":"2025-10-21T19:42:42","modified_gmt":"2025-10-21T17:42:42","slug":"centre-de-simulation","status":"publish","type":"page","link":"https:\/\/fmpt.ac.ma\/website\/centre-de-simulation\/","title":{"rendered":"Bienvenue dans notre Centre de Simulation\u00a0!"},"content":{"rendered":"\n<h2 class=\"wp-block-heading has-text-align-center has-text-color has-link-color wp-elements-26ae80e2ee165f45a475484a6be87209\" style=\"color:#061681;font-size:42px\"><em>Un pas de plus vers votre r\u00eave de devenir le meilleur des m\u00e9decins.&nbsp;<\/em><\/h2>\n\n\n<div class=\"wp-block-image\">\n<figure class=\"aligncenter size-large is-resized\"><img loading=\"lazy\" decoding=\"async\" width=\"1024\" height=\"366\" src=\"https:\/\/www.fmpt.ac.ma\/website\/wp-content\/uploads\/2024\/10\/Logo-CS-1024x366.png\" alt=\"\" class=\"wp-image-2700\" style=\"width:558px;height:auto\" srcset=\"https:\/\/fmpt.ac.ma\/website\/wp-content\/uploads\/2024\/10\/Logo-CS-1024x366.png 1024w, https:\/\/fmpt.ac.ma\/website\/wp-content\/uploads\/2024\/10\/Logo-CS-768x274.png 768w, https:\/\/fmpt.ac.ma\/website\/wp-content\/uploads\/2024\/10\/Logo-CS-360x129.png 360w, https:\/\/fmpt.ac.ma\/website\/wp-content\/uploads\/2024\/10\/Logo-CS.png 1083w\" sizes=\"auto, (max-width: 1024px) 100vw, 1024px\" \/><\/figure>\n<\/div>\n\n\n<div class=\"wp-block-columns is-layout-flex wp-container-core-columns-is-layout-9d6595d7 wp-block-columns-is-layout-flex\">\n<div class=\"wp-block-column is-layout-flow wp-block-column-is-layout-flow\"><\/div>\n<\/div>\n\n\n\n<div class=\"wp-block-columns is-layout-flex wp-container-core-columns-is-layout-9d6595d7 wp-block-columns-is-layout-flex\">\n<div class=\"wp-block-column is-layout-flow wp-block-column-is-layout-flow\"><\/div>\n<\/div>\n\n\n\n<figure class=\"wp-block-video\"><video autoplay controls preload=\"auto\" src=\"https:\/\/www.fmpt.ac.ma\/CenterSIM\/Center%20de%20silulation%20-%20clip.mp4\"><\/video><\/figure>\n\n\n\n<div class=\"wp-block-columns is-layout-flex wp-container-core-columns-is-layout-9d6595d7 wp-block-columns-is-layout-flex\">\n<div class=\"wp-block-column is-layout-flow wp-block-column-is-layout-flow\"><\/div>\n<\/div>\n\n\n\n<p class=\"has-text-color has-link-color has-medium-font-size wp-elements-e54215cb56421ac94b3e6ac23b22ed75\" style=\"color:#224d70\">Le centre de simulation clinique et d\u2019innovation p\u00e9dagogique&nbsp;en sciences de la sant\u00e9 \u00ab&nbsp;Tangier Sim Center&nbsp;\u00bb est une structure de p\u00e9dagogie et de recherche qui fait partie de l\u2019organisation de la facult\u00e9 de m\u00e9decine et de pharmacie de Tanger.&nbsp;<\/p>\n\n\n\n<p class=\"has-text-color has-link-color has-medium-font-size wp-elements-9a7d88998d5d8e757d10ab279b88fde2\" style=\"color:#224d70\">Ce centre fonctionne comme un laboratoire universitaire d\u00e9veloppant de la p\u00e9dagogie et de la recherche, et se concentre sur la p\u00e9dagogie m\u00e9dicale active en utilisant l\u2019enseignement bas\u00e9 sur les technologies num\u00e9riques de derni\u00e8re g\u00e9n\u00e9ration et la simulation.<\/p>\n\n\n\n<p class=\"has-text-color has-link-color has-medium-font-size wp-elements-777b93e007b26b2462ee5f1c823eb6a2\" style=\"color:#224d70\">Le centre a d\u00e9marr\u00e9 officiellement son activit\u00e9 p\u00e9dagogique \u00e0 partir de l\u2019ann\u00e9e universitaire 2020-2021.&nbsp;<\/p>\n\n\n\n<p class=\"has-text-color has-link-color has-medium-font-size wp-elements-2b2f8933dac1e0dce161a649dc1e5863\" style=\"color:#224d70\">Le centre de simulation est une plate-forme p\u00e9dagogique et audiovisuelle moderne d\u2019apprentissage et d\u2019acquisition des comp\u00e9tences techniques et non techniques, d\u00e9di\u00e9e \u00e0 la fois \u00e0&nbsp;la formation initiale des \u00e9tudiants et m\u00e9decins en formation et au d\u00e9veloppement professionnel continu au profit de tous les professionnels de sant\u00e9.<\/p>\n\n\n\n<p class=\"has-text-color has-link-color has-medium-font-size wp-elements-30f4cc29d6bfec17372b3d9b75e4d832\" style=\"color:#224d70\">Il s\u2019agit aussi d\u2019un outil de&nbsp;<strong>formation interprofessionnelle<\/strong>&nbsp;et multidisciplinaire unique gr\u00e2ce \u00e0 une&nbsp;<strong>mise en situation op\u00e9rationnelle <\/strong>incluant les diff\u00e9rentes cat\u00e9gories d\u2019apprenants et professionnels de sant\u00e9 (\u00e9tudiants, m\u00e9decins, infirmiers\u2026) et ce dans toutes les situations de d\u00e9marche de soins.&nbsp;Les techniques p\u00e9dagogiques innovantes utilis\u00e9es placent l\u2019apprenant au c\u0153ur de son apprentissage et en situation de contextes professionnels authentiques sans risque pour le patient ni pour l\u2019apprenant.<\/p>\n\n\n\n<div style=\"height:100px\" aria-hidden=\"true\" class=\"wp-block-spacer\"><\/div>\n\n\n\n<h2 class=\"wp-block-heading has-text-color has-link-color wp-elements-efb5006fcc1d25bc6d458b2dbdec42c6\" style=\"color:#717171;font-size:38px\"><strong><strong>Les missions g\u00e9n\u00e9rales<\/strong> du Tangier Sim&rsquo;Center<\/strong><\/h2>\n\n\n\n<ul class=\"wp-block-list\">\n<li class=\"has-text-color has-link-color has-medium-font-size wp-elements-9a7f7d35184543f161077f9889283b26\" style=\"color:#224d70\">Promouvoir les nouvelles m\u00e9thodes p\u00e9dagogiques d\u2019apprentissage dans l\u2019objectif de permettre aux \u00e9tudiants de m\u00e9decine et m\u00e9decins en formation une meilleure acquisition des comp\u00e9tences techniques et non techniques.&nbsp;<\/li>\n\n\n\n<li class=\"has-text-color has-link-color has-medium-font-size wp-elements-c8855c427657e13797df2c8570e5788c\" style=\"color:#224d70\">Permettre l\u2019acquisition, le maintien et le d\u00e9veloppement des attitudes et habilet\u00e9s cliniques requises par les programmes p\u00e9dagogiques de la facult\u00e9.<\/li>\n\n\n\n<li class=\"has-text-color has-link-color has-medium-font-size wp-elements-2c8f15993876e3fac9cfe3c744b9c1d4\" style=\"color:#224d70\">D\u00e9velopper la culture de collaboration interprofessionnelle et multidisciplinaire \u00e0 travers le d\u00e9veloppement et le renforcement des comp\u00e9tences techniques, relationnelles et organisationnelles n\u00e9cessaires aux prises en charge hospitali\u00e8res.<\/li>\n\n\n\n<li class=\"has-text-color has-link-color has-medium-font-size wp-elements-0ea2eccd25e3b28ecd23e162ff93470b\" style=\"color:#224d70\">Inclure le concept de la gestion des risques et la s\u00e9curit\u00e9 des patients et celle des professionnels de sant\u00e9 dans les programmes de formation de tous les apprenants du secteur de la sant\u00e9.<\/li>\n\n\n\n<li class=\"has-text-color has-link-color has-medium-font-size wp-elements-7ffd186c586fa5808c76e522f2aabafe\" style=\"color:#224d70\">Placer la facult\u00e9 de m\u00e9decine et de pharmacie de Tanger et l\u2019universit\u00e9 Abdelmalek Essaadi au c\u0153ur de leur entourage socio-\u00e9conomique \u00e0 travers l\u2019organisation de formations cibl\u00e9es dans tous les domaines de la sant\u00e9 et ce au profit des diff\u00e9rentes composantes de la soci\u00e9t\u00e9 civile, du monde industriel et des \u00e9tablissements publics de la r\u00e9gion Tanger-Tetouan-Al hoceima.<\/li>\n\n\n\n<li class=\"has-text-color has-link-color has-medium-font-size wp-elements-4ad2727d23e434cfc514429ea3a9e343\" style=\"color:#224d70\">R\u00e9pondre aux probl\u00e9matiques de la sant\u00e9 publique de notre pays \u00e0 travers l\u2019organisation de cycles de formation cibl\u00e9es au profit de nos futurs m\u00e9decins&nbsp;; en collaboration avec toutes les instances de la facult\u00e9 et le CHU&nbsp;de Tanger: M\u00e9decine de famille \u2013 Gestion des crises sanitaires \u2013 Education th\u00e9rapeutique&#8230;<\/li>\n<\/ul>\n\n\n\n<h2 class=\"wp-block-heading has-text-color has-link-color wp-elements-7c1d0d0aeafcf4fde98e39cda71703d9\" style=\"color:#717171;font-size:38px\"><strong>Les missions sp\u00e9cifiques du <strong>Tangier Sim<\/strong><\/strong>&lsquo;<strong><strong>Center<\/strong><\/strong><\/h2>\n\n\n\n<ul class=\"wp-block-list\">\n<li class=\"has-text-color has-link-color has-medium-font-size wp-elements-abf92dd5a15b2f0c096ccbff2f49b221\" style=\"color:#224d70\">Coordonner, avec les d\u00e9partements, la commission p\u00e9dagogique et les \u00e9quipes p\u00e9dagogiques des modules ; l\u2019\u00e9laboration du curriculum p\u00e9dagogique pour chaque ann\u00e9e d\u2019\u00e9tude au profit des \u00e9tudiants du premier et deuxi\u00e8me cycle en int\u00e9grant la simulation avec les autres outils p\u00e9dagogiques d\u2019enseignement (cours magistral, travaux dirig\u00e9s,) et en r\u00e9pondant aux recommandations du cahier de normes p\u00e9dagogiques national.<\/li>\n\n\n\n<li class=\"has-text-color has-link-color has-medium-font-size wp-elements-0faa827f06c98e840b12b97b58604297\" style=\"color:#224d70\">Coordonner, avec les d\u00e9partements, la commission p\u00e9dagogique, les directeurs de dipl\u00f4me de sp\u00e9cialit\u00e9 et les chefs de service hospitaliers, l\u2019int\u00e9gration de la p\u00e9dagogie active et des activit\u00e9s de la simulation clinique dans les programmes de formation et d\u2019\u00e9valuation pour les internes et r\u00e9sidents de sp\u00e9cialit\u00e9.<\/li>\n\n\n\n<li class=\"has-text-color has-link-color has-medium-font-size wp-elements-c7578a804d2a538ce82e65c3ccf0675f\" style=\"color:#224d70\">\u00c9laborer un dispositif d\u2019\u00e9valuation p\u00e9dagogique structur\u00e9 des comp\u00e9tences en coordination avec les d\u00e9partements, la commission p\u00e9dagogique et les chefs de service hospitaliers et ce pour les diff\u00e9rentes cat\u00e9gories d\u2019apprenants.<\/li>\n\n\n\n<li class=\"has-text-color has-link-color has-medium-font-size wp-elements-8d43690a10bdcd70c8cff8a7cab4bdf8\" style=\"color:#224d70\">Participer \u00e0 l\u2019\u00e9laboration et l\u2019organisation des diff\u00e9rents programmes de formation continue organis\u00e9s par la facult\u00e9 (dipl\u00f4mes d\u2019universit\u00e9, s\u00e9minaires, master class\u2026) qui impliquent la p\u00e9dagogie active et la simulation comme m\u00e9thode d\u2019apprentissage et d\u2019acquisition des comp\u00e9tences.<\/li>\n\n\n\n<li class=\"has-text-color has-link-color has-medium-font-size wp-elements-c69c660104131480fd5e5a513ab3e121\" style=\"color:#224d70\">Animer, superviser et encadrer les activit\u00e9s de recherche dans le domaine de la p\u00e9dagogie active et la simulation en science de la sant\u00e9.<\/li>\n<\/ul>\n\n\n\n<h2 class=\"wp-block-heading has-text-color has-link-color wp-elements-f53beeab438223d5a2c2a7c06a55b95b\" style=\"color:#717171;font-size:38px\"><strong>Locaux du <strong><strong>Tangier Sim<\/strong><\/strong>&lsquo;<strong><strong>Center<\/strong><\/strong><\/strong><\/h2>\n\n\n\n<p class=\"has-text-color has-link-color has-medium-font-size wp-elements-f7f297706abd90480022c27d0ec1081a\" style=\"color:#224d70\">Le centre de simulation se d\u00e9veloppe sur une superficie de 800m<sup>2<\/sup>&nbsp;implant\u00e9e au c\u0153ur&nbsp;de la Facult\u00e9 de M\u00e9decine et de Pharmacie de Tanger. Avec ses 21 espaces de formation r\u00e9partis sur 2 sites et ses \u00e9quipements innovants, Tangier\u2019Sim Center&nbsp;est<strong> le plus grand centre d\u2019excellence dans le domaine de la p\u00e9dagogie active et de la simulation en sant\u00e9 au niveau de la r\u00e9gion Tanger-Tetouan-Al hoceima.<\/strong>&nbsp;<\/p>\n\n\n\n<p class=\"has-text-color has-link-color has-medium-font-size wp-elements-2639ee18381781abc8bbce3f68af10f3\" style=\"color:#224d70\">Parmi ses espaces de formation, le centre dispose d\u2019une structure d\u2019apprentissage originale nomm\u00e9e <strong>\u00ab&nbsp;H\u00f4pital simul\u00e9&nbsp;\u00bb<\/strong> reconstituant les diff\u00e9rents sites et services hospitaliers et permettant d\u2019organiser des formations pluri professionnelles dynamiques dans des environnements de travail r\u00e9alistes et authentiques.<\/p>\n\n\n\n<p class=\"has-text-color has-link-color has-medium-font-size wp-elements-320111dc05207035bf949e0cdeae651c\" style=\"color:#224d70\">Les 21 locaux de formation sont r\u00e9partis comme suit :<\/p>\n\n\n\n<ul class=\"wp-block-list\">\n<li class=\"has-text-color has-link-color has-medium-font-size wp-elements-9fc9edf2f4d2566570bea706dbb67353\" style=\"color:#061681\">2 salles de <strong>d\u00e9briefing<\/strong>.<\/li>\n\n\n\n<li class=\"has-text-color has-link-color has-medium-font-size wp-elements-de33d48a2dfd2c4237c379ab6d980902\" style=\"color:#061681\">2 salles de <strong>gestes proc\u00e9duraux<\/strong>.<\/li>\n\n\n\n<li class=\"has-text-color has-link-color has-medium-font-size wp-elements-0bd89bc5c72c2f82044f2fffb47c174c\" style=\"color:#061681\">1 salle d\u2019immersion et de r\u00e9alit\u00e9 virtuelle.<\/li>\n\n\n\n<li class=\"has-text-color has-link-color has-medium-font-size wp-elements-51c9d51b4c0ec9721e9013ec44d7cc53\" style=\"color:#061681\">Une chambre des erreurs <strong>\u00abSafety Room\u2019Sim&nbsp;\u00bb<\/strong>&nbsp;: un espace de formation ludique interprofessionnelle pour sensibiliser les professionnels de sant\u00e9 et les apprenants novices aux erreurs et risques concrets pour la s\u00e9curit\u00e9 des patients.<\/li>\n\n\n\n<li class=\"has-text-color has-link-color has-medium-font-size wp-elements-cb1081b1130e48a1d11d0c70e74bd3d8\" style=\"color:#061681\">Un bloc op\u00e9ratoire <strong>\u00abPerioperative\u2019Sim\u00bb<\/strong>&nbsp;: un espace comportant une zone de lavage des mains, une salle op\u00e9ratoire et un espace de r\u00e9veil.<\/li>\n\n\n\n<li class=\"has-text-color has-link-color has-medium-font-size wp-elements-ffe40a67fac847590b7b1c4eb0b95fe2\" style=\"color:#061681\">Une salle d\u2019accueil des urgences vitales et de r\u00e9animation <strong>\u00abCritical medicine\u2019Sim\u00bb<\/strong>.<\/li>\n\n\n\n<li class=\"has-text-color has-link-color has-medium-font-size wp-elements-e3203e92d873934acb16043d1d5cc5be\" style=\"color:#061681\">Un espace d\u2019ambulance et d\u2019accueil des polytraumatis\u00e9s <strong>\u00abTrauma admission\u2019Sim\u00bb<\/strong>.<\/li>\n\n\n\n<li class=\"has-text-color has-link-color has-medium-font-size wp-elements-4f46e89c4e8dfb202d61f724b5ae5e32\" style=\"color:#061681\">Une unit\u00e9 technique d\u2019accouchement et de r\u00e9animation n\u00e9onatale <strong>\u00abPerinatality\u2019Sim\u00bb<\/strong>.<\/li>\n\n\n\n<li class=\"has-text-color has-link-color has-medium-font-size wp-elements-cad563cdc4d65bb84d37dfbb4473242c\" style=\"color:#061681\">Une salle d\u2019hospitalisation de m\u00e9decine ou de chirurgie <strong>\u00abHospit\u2019Sim\u00bb<\/strong>.<\/li>\n\n\n\n<li class=\"has-text-color has-link-color has-medium-font-size wp-elements-d2413b9baf291c6af497f381fe66687d\" style=\"color:#061681\">Une salle d\u2019hospitalisation p\u00e9diatrique <strong>\u00abPediatric\u2019Sim\u00bb<\/strong>.<\/li>\n\n\n\n<li class=\"has-text-color has-link-color has-medium-font-size wp-elements-2080fb399a4de264759e1aabb5d29323\" style=\"color:#061681\">Une salle de consultation, d\u2019entretien, d\u2019annonce et d\u2019\u00e9ducation th\u00e9rapeutique multi sp\u00e9cialit\u00e9s <strong>\u00abConsult\u2019Sim\u00bb<\/strong>.<\/li>\n\n\n\n<li class=\"has-text-color has-link-color has-medium-font-size wp-elements-aacf1c8bbb2879bb372b69ce8033a580\" style=\"color:#061681\"><strong>Une plateforme ECOS<\/strong> (\u00e9valuation clinique objective structur\u00e9e)&nbsp;: espace p\u00e9dagogique d\u00e9di\u00e9 \u00e0 la formation et l\u2019\u00e9valuation des programmes de formation et d\u2019acquisition des comp\u00e9tences. Il s\u2019agit d\u2019un circuit incluant 8 stations s\u00e9par\u00e9es et g\u00e9r\u00e9 par la solution audiovisuelle du centre.<\/li>\n<\/ul>\n","protected":false},"excerpt":{"rendered":"<p>Un pas de plus vers votre r\u00eave de devenir le meilleur des m\u00e9decins.&nbsp; Le centre de simulation clinique et d\u2019innovation p\u00e9dagogique&nbsp;en sciences de la sant\u00e9 \u00ab&nbsp;Tangier Sim Center&nbsp;\u00bb est une structure de p\u00e9dagogie et de recherche qui fait partie de <a href=\"https:\/\/fmpt.ac.ma\/website\/centre-de-simulation\/\" class=\"read-more\">Read More &#8230;<\/a><\/p>\n","protected":false},"author":2,"featured_media":0,"parent":0,"menu_order":0,"comment_status":"closed","ping_status":"closed","template":"","meta":{"footnotes":""},"class_list":["post-1399","page","type-page","status-publish","hentry"],"_links":{"self":[{"href":"https:\/\/fmpt.ac.ma\/website\/wp-json\/wp\/v2\/pages\/1399","targetHints":{"allow":["GET"]}}],"collection":[{"href":"https:\/\/fmpt.ac.ma\/website\/wp-json\/wp\/v2\/pages"}],"about":[{"href":"https:\/\/fmpt.ac.ma\/website\/wp-json\/wp\/v2\/types\/page"}],"author":[{"embeddable":true,"href":"https:\/\/fmpt.ac.ma\/website\/wp-json\/wp\/v2\/users\/2"}],"replies":[{"embeddable":true,"href":"https:\/\/fmpt.ac.ma\/website\/wp-json\/wp\/v2\/comments?post=1399"}],"version-history":[{"count":17,"href":"https:\/\/fmpt.ac.ma\/website\/wp-json\/wp\/v2\/pages\/1399\/revisions"}],"predecessor-version":[{"id":6932,"href":"https:\/\/fmpt.ac.ma\/website\/wp-json\/wp\/v2\/pages\/1399\/revisions\/6932"}],"wp:attachment":[{"href":"https:\/\/fmpt.ac.ma\/website\/wp-json\/wp\/v2\/media?parent=1399"}],"curies":[{"name":"wp","href":"https:\/\/api.w.org\/{rel}","templated":true}]}}