{"id":165,"date":"2023-12-13T12:36:55","date_gmt":"2023-12-13T11:36:55","guid":{"rendered":"https:\/\/fmpt.ac.ma\/website\/?page_id=165"},"modified":"2024-04-23T15:32:27","modified_gmt":"2024-04-23T13:32:27","slug":"presentation-de-la-faculte","status":"publish","type":"page","link":"https:\/\/fmpt.ac.ma\/website\/presentation-de-la-faculte\/","title":{"rendered":"Pr\u00e9sentation De La Facult\u00e9"},"content":{"rendered":"\n<h2 class=\"wp-block-heading has-text-align-center\">Nombre d\u2019\u00e9tudiants (ann\u00e9e universitaire 2023-2024)<\/h2>\n\n\n\n<h2 class=\"wp-block-heading has-text-align-center\">Etudiants en m\u00e9decine<\/h2>\n\n\n\n<figure class=\"wp-block-table is-style-stripes\"><table class=\"has-pale-cyan-blue-background-color has-background\"><tbody><tr><td><\/td><td><strong>2016-2017<\/strong><\/td><td><strong>2017-2018<\/strong><\/td><td><strong>2018-2019<\/strong><\/td><td><strong>2019-2020<\/strong><\/td><td><strong>2020-2021<\/strong><\/td><td><strong>2021-2022<\/strong><\/td><td><strong>2022-2023<\/strong><\/td><td><strong>2023-2024<\/strong><\/td><\/tr><tr><td rowspan=\"2\">1 ann\u00e9e<\/td><td>113<\/td><td>121<\/td><td>139<\/td><td>191<\/td><td>228<\/td><td>260<\/td><td>367<\/td><td>463<\/td><\/tr><tr><td><\/td><td><\/td><td><\/td><td><\/td><td><\/td><td><\/td><td><\/td><td><\/td><\/tr><tr><td rowspan=\"2\">2 ann\u00e9e<\/td><td><\/td><td>105<\/td><td>115<\/td><td>140<\/td><td>190<\/td><td>229<\/td><td>260<\/td><td>361<\/td><\/tr><tr><td><\/td><td><\/td><td><\/td><td><\/td><td><\/td><td><\/td><td><\/td><td><\/td><\/tr><tr><td rowspan=\"2\">3 ann\u00e9e<\/td><td><\/td><td><\/td><td>99<\/td><td>105<\/td><td>116<\/td><td>177<\/td><td>217<\/td><td>254<\/td><\/tr><tr><td><\/td><td><\/td><td><\/td><td><\/td><td><\/td><td><\/td><td><\/td><td><\/td><\/tr><tr><td rowspan=\"2\">4 ann\u00e9e<\/td><td><\/td><td><\/td><td><\/td><td>97<\/td><td>105<\/td><td>117<\/td><td>171<\/td><td>220<\/td><\/tr><tr><td><\/td><td><\/td><td><\/td><td><\/td><td><\/td><td><\/td><td><\/td><td><\/td><\/tr><tr><td rowspan=\"2\">5 ann\u00e9e<\/td><td><\/td><td><\/td><td><\/td><td><\/td><td>95<\/td><td>103<\/td><td>117<\/td><td>166<\/td><\/tr><tr><td><\/td><td><\/td><td><\/td><td><\/td><td><\/td><td><\/td><td><\/td><td><\/td><\/tr><tr><td rowspan=\"2\">6 ann\u00e9e<\/td><td><\/td><td><\/td><td><\/td><td><\/td><td><\/td><td>95<\/td><td>105<\/td><td>116<\/td><\/tr><tr><td><\/td><td><\/td><td><\/td><td><\/td><td><\/td><td><\/td><td><\/td><td><\/td><\/tr><tr><td rowspan=\"2\">7 ann\u00e9e<\/td><td><\/td><td><\/td><td><\/td><td><\/td><td><\/td><td><\/td><td>95<\/td><td>105<\/td><\/tr><tr><td><\/td><td><\/td><td><\/td><td><\/td><td><\/td><td><\/td><td><\/td><td><\/td><\/tr><\/tbody><\/table><\/figure>\n\n\n\n<h2 class=\"wp-block-heading has-text-align-center\">Etudiants de pharmacie<\/h2>\n\n\n\n<figure class=\"wp-block-table is-style-stripes\"><table class=\"has-pale-cyan-blue-background-color has-background\"><tbody><tr><td><\/td><td><strong>2016-2017<\/strong><\/td><td><strong>2017-2018<\/strong><\/td><td><strong>2018-2019<\/strong><\/td><td><strong>2019-2020<\/strong><\/td><td><strong>2020-2021<\/strong><\/td><td><strong>2021-2022<\/strong><\/td><td><strong>2022-2023<\/strong><\/td><td><strong>2023-2024<\/strong><\/td><\/tr><tr><td>1 ann\u00e9e<\/td><td><\/td><td><\/td><td><\/td><td><\/td><td><\/td><td><\/td><td>50<\/td><td>105<\/td><\/tr><tr><td>2 ann\u00e9e<\/td><td><\/td><td><\/td><td><\/td><td><\/td><td><\/td><td><\/td><td><\/td><td>41<\/td><\/tr><\/tbody><\/table><\/figure>\n\n\n\n<h2 class=\"wp-block-heading has-text-align-center\">Internes et r\u00e9sidants<\/h2>\n\n\n\n<figure class=\"wp-block-table is-style-stripes\"><table class=\"has-pale-cyan-blue-background-color has-background\"><tbody><tr><td><\/td><td><strong>2016-2017<\/strong><\/td><td><strong>2017-2018<\/strong><\/td><td><strong>2018-2019<\/strong><\/td><td><strong>2019-2020<\/strong><\/td><td><strong>2020-2021<\/strong><\/td><td><strong>2021-2022<\/strong><\/td><td><strong>2022-2023<\/strong><\/td><td><strong>2023-2024<\/strong><\/td><\/tr><tr><td>Internes<\/td><td><\/td><td><\/td><td>29<\/td><td>38<\/td><td>61<\/td><td>65<\/td><td>65<\/td><td>80<\/td><\/tr><tr><td>R\u00e9sidants<\/td><td><\/td><td><\/td><td>40<\/td><td>79<\/td><td>144<\/td><td>128<\/td><td>131<\/td><td>205<\/td><\/tr><\/tbody><\/table><\/figure>\n\n\n\n<h2 class=\"wp-block-heading has-text-align-center\">Etudiants en&nbsp; Masters<\/h2>\n\n\n\n<figure class=\"wp-block-table is-style-stripes\"><table class=\"has-pale-cyan-blue-background-color has-background\"><tbody><tr><td><\/td><td><strong>2016-2017<\/strong><\/td><td><strong>2017-2018<\/strong><\/td><td><strong>2018-2019<\/strong><\/td><td><strong>2019-2020<\/strong><\/td><td><strong>2020-2021<\/strong><\/td><td><strong>2021-2022<\/strong><\/td><td><strong>2022-2023<\/strong><\/td><td><strong>2023-2024<\/strong><\/td><\/tr><tr><td>1 ann\u00e9e<\/td><td><\/td><td><\/td><td><\/td><td><\/td><td><\/td><td><\/td><td>20<\/td><td>25<\/td><\/tr><tr><td>2 ann\u00e9e<\/td><td><\/td><td><\/td><td><\/td><td><\/td><td><\/td><td><\/td><td><\/td><td>20<\/td><\/tr><\/tbody><\/table><\/figure>\n","protected":false},"excerpt":{"rendered":"<p>Nombre d\u2019\u00e9tudiants (ann\u00e9e universitaire 2023-2024) Etudiants en m\u00e9decine 2016-2017 2017-2018 2018-2019 2019-2020 2020-2021 2021-2022 2022-2023 2023-2024 1 ann\u00e9e 113 121 139 191 228 260 367 463 2 ann\u00e9e 105 115 140 190 229 260 361 3 ann\u00e9e 99 105 116 <a href=\"https:\/\/fmpt.ac.ma\/website\/presentation-de-la-faculte\/\" class=\"read-more\">Read More &#8230;<\/a><\/p>\n","protected":false},"author":1,"featured_media":0,"parent":0,"menu_order":0,"comment_status":"closed","ping_status":"closed","template":"","meta":{"footnotes":""},"class_list":["post-165","page","type-page","status-publish","hentry"],"_links":{"self":[{"href":"https:\/\/fmpt.ac.ma\/website\/wp-json\/wp\/v2\/pages\/165","targetHints":{"allow":["GET"]}}],"collection":[{"href":"https:\/\/fmpt.ac.ma\/website\/wp-json\/wp\/v2\/pages"}],"about":[{"href":"https:\/\/fmpt.ac.ma\/website\/wp-json\/wp\/v2\/types\/page"}],"author":[{"embeddable":true,"href":"https:\/\/fmpt.ac.ma\/website\/wp-json\/wp\/v2\/users\/1"}],"replies":[{"embeddable":true,"href":"https:\/\/fmpt.ac.ma\/website\/wp-json\/wp\/v2\/comments?post=165"}],"version-history":[{"count":17,"href":"https:\/\/fmpt.ac.ma\/website\/wp-json\/wp\/v2\/pages\/165\/revisions"}],"predecessor-version":[{"id":1531,"href":"https:\/\/fmpt.ac.ma\/website\/wp-json\/wp\/v2\/pages\/165\/revisions\/1531"}],"wp:attachment":[{"href":"https:\/\/fmpt.ac.ma\/website\/wp-json\/wp\/v2\/media?parent=165"}],"curies":[{"name":"wp","href":"https:\/\/api.w.org\/{rel}","templated":true}]}}