{"id":223,"date":"2023-12-15T10:23:05","date_gmt":"2023-12-15T09:23:05","guid":{"rendered":"https:\/\/fmpt.ac.ma\/website\/?page_id=223"},"modified":"2025-09-26T16:13:06","modified_gmt":"2025-09-26T14:13:06","slug":"regime-des-etudes-medicales","status":"publish","type":"page","link":"https:\/\/fmpt.ac.ma\/website\/regime-des-etudes-medicales\/","title":{"rendered":"R\u00e9gime des Etudes M\u00e9dicales"},"content":{"rendered":"\n<p>Le programme des \u00e9tudes m\u00e9dicales est con\u00e7u de mani\u00e8re que les premiers savoirs que vous allez acqu\u00e9rir serviront d\u2019assise pour construire les suivants. Et puisque les maladies humaines ont un support biochimique avant d\u2019avoir une traduction clinique , le programme des \u00e9tudes m\u00e9dicales vous am\u00e8ne d\u2019abord \u00e0 connaitre le corps humain dans sa dimension atomique, mol\u00e9culaire, cellulaire tissulaire et en fin anatomique . Ainsi vous aurez des cours de chimie et biochimie et vous aurez l\u2019occasion d\u2019\u00e9tudier les principaux atomes qui constituent le corps humain : O2. C, H2, N, Ca, K, P, Na, pour comprendre la formation des principales mol\u00e9cules du vivant, H20, CO2, GLUCIDES, LIPIDES, PROTIDES, ACIDES NUCLEIQUEDS, ATP\u2026<\/p>\n\n\n\n<p>Apr\u00e8s l\u2019\u00e9tude des mol\u00e9cules du vivant vous allez aborder l\u2019\u00e9tude de l\u2019unit\u00e9 structurelle et fonctionnelle du vivant : la cellule, c\u2019est ce qu\u2019assure votre cours de biologie cellulaire et mol\u00e9culaire. L\u2019organisation des cellules en tissue trait\u00e9e dans le cours d\u2019histologie, puis en organe et syst\u00e8me d\u2019organes trait\u00e9e dans les cours d\u2019anatomie qui compl\u00e8tent la construction de votre connaissance du corps humaine<\/p>\n\n\n\n<p>Ces pr\u00e9requis vous sont indispensables pour comprendre maintenant le fonctionnement des organes et de syst\u00e8me d\u2019organes : c\u2019est ce que vous allez \u00e9tudier dans le cours de physiologie humaine,<br>Ces 4 premiers semestres vous donnent \u00e0 travers des cours th\u00e9oriques et du stage d\u2019immersion et de soins infirmier, l\u2019occasion de connaitre le syst\u00e8me de sant\u00e9 dans lequel vous \u00e9voluerez durant vos stages et durant votre vie professionnelle. Le programme de ces semestres vous donnent les \u00e9l\u00e9ments de base pour lire et r\u00e9diger un article m\u00e9dical<\/p>\n\n\n\n<p>Durant la troisi\u00e8me ann\u00e9e vous allez \u00e9tudier les organismes qui menacent le plus la vie humaine : les bact\u00e9ries, les virus et les parasites, et la d\u00e9fense de l\u2019organisme contre ces organismes ; c\u2019est ce que vous allez voir dans les cours de Bact\u00e9riologie, virologie parasitologie, et l\u2019immunologie.<\/p>\n\n\n\n<p>Maintenant que vous connaissez la structure normale et le fonctionnement normal, vous pouvez aborder aussi en troisi\u00e8me ann\u00e9e des \u00e9tudes m\u00e9dicales les modifications cytologiques, histologiques et anatomiques engendr\u00e9es par les maladies qui touchent l\u2019organisme humain, Vous verrez dans les cours d\u2019anatomie pathologique les principaux ph\u00e9nom\u00e8ne pathologiques : l\u2019inflammation, l\u2019isch\u00e9mie, la n\u00e9crose, l\u2019oncogen\u00e8se et dans les cours de biochimie clinique la traduction de ces maladies \u00e0 l\u2019\u00e9chellebiologique<br>Vous allez naturellement vous initier aux manifestations de ces maladie \u00e0 l\u2019\u00e9chelle de tout le corps dans les cours de s\u00e9miologie .<\/p>\n\n\n\n<p>Le reste de vos ann\u00e9es d\u2019\u00e9tude est consacr\u00e9 aux sciences cliniques et alterne stages \u00e0 l\u2019h\u00f4pital le matin et des cours th\u00e9oriques l\u2019apr\u00e8s midi<\/p>\n","protected":false},"excerpt":{"rendered":"<p>Le programme des \u00e9tudes m\u00e9dicales est con\u00e7u de mani\u00e8re que les premiers savoirs que vous allez acqu\u00e9rir serviront d\u2019assise pour construire les suivants. Et puisque les maladies humaines ont un support biochimique avant d\u2019avoir une traduction clinique , le programme <a href=\"https:\/\/fmpt.ac.ma\/website\/regime-des-etudes-medicales\/\" class=\"read-more\">Read More &#8230;<\/a><\/p>\n","protected":false},"author":1,"featured_media":0,"parent":0,"menu_order":0,"comment_status":"closed","ping_status":"closed","template":"","meta":{"footnotes":""},"class_list":["post-223","page","type-page","status-publish","hentry"],"_links":{"self":[{"href":"https:\/\/fmpt.ac.ma\/website\/wp-json\/wp\/v2\/pages\/223","targetHints":{"allow":["GET"]}}],"collection":[{"href":"https:\/\/fmpt.ac.ma\/website\/wp-json\/wp\/v2\/pages"}],"about":[{"href":"https:\/\/fmpt.ac.ma\/website\/wp-json\/wp\/v2\/types\/page"}],"author":[{"embeddable":true,"href":"https:\/\/fmpt.ac.ma\/website\/wp-json\/wp\/v2\/users\/1"}],"replies":[{"embeddable":true,"href":"https:\/\/fmpt.ac.ma\/website\/wp-json\/wp\/v2\/comments?post=223"}],"version-history":[{"count":5,"href":"https:\/\/fmpt.ac.ma\/website\/wp-json\/wp\/v2\/pages\/223\/revisions"}],"predecessor-version":[{"id":6140,"href":"https:\/\/fmpt.ac.ma\/website\/wp-json\/wp\/v2\/pages\/223\/revisions\/6140"}],"wp:attachment":[{"href":"https:\/\/fmpt.ac.ma\/website\/wp-json\/wp\/v2\/media?parent=223"}],"curies":[{"name":"wp","href":"https:\/\/api.w.org\/{rel}","templated":true}]}}