{"id":241,"date":"2023-12-15T12:39:29","date_gmt":"2023-12-15T11:39:29","guid":{"rendered":"https:\/\/fmpt.ac.ma\/website\/?page_id=241"},"modified":"2024-03-25T11:32:13","modified_gmt":"2024-03-25T10:32:13","slug":"sommairedes-stages","status":"publish","type":"page","link":"https:\/\/fmpt.ac.ma\/website\/sommairedes-stages\/","title":{"rendered":"Sommaire des Stages"},"content":{"rendered":"\n<table style=\"border-collapse: collapse; width: 100%; height: 161px;\">\n<tbody>\n<tr style=\"height: 23px;\">\n<td style=\"width: 25%; border-style: solid; height: 23px; background-color: #5881bd; text-align: center;\"><span style=\"color: #ffffff;\">Ann\u00e9e d\u2019\u00e9tude<\/span><\/td>\n<td style=\"width: 25%; border-style: solid; height: 23px; background-color: #5881bd; text-align: center;\"><span style=\"color: #ffffff;\">Intitul\u00e9 du stage<\/span><\/td>\n<td style=\"width: 25%; border-style: solid; height: 23px; background-color: #5881bd; text-align: center;\"><span style=\"color: #ffffff;\">Lieu de stage <\/span><\/td>\n<td style=\"width: 25%; border-style: solid; height: 23px; background-color: #5881bd; text-align: center;\"><span style=\"color: #ffffff;\">Dur\u00e9e<\/span><\/td>\n<\/tr>\n<tr style=\"height: 23px;\">\n<td style=\"width: 25%; border-style: solid; height: 23px; text-align: center;\">1\u02b3\u1d49 ann\u00e9e<\/td>\n<td style=\"width: 25%; border-style: solid; height: 23px; text-align: center;\">Stage d\u2019immersion<\/td>\n<td style=\"width: 25%; border-style: solid; height: 23px; text-align: center;\">Structures de soins<\/td>\n<td style=\"width: 25%; border-style: solid; height: 23px; text-align: center;\">50 H<\/td>\n<\/tr>\n<tr style=\"height: 23px;\">\n<td style=\"width: 25%; border-style: solid; height: 23px; text-align: center;\">2\u1d49 ann\u00e9e<\/td>\n<td style=\"width: 25%; border-style: solid; height: 23px; text-align: center;\">Stage de soins infirmiers<\/td>\n<td style=\"width: 25%; border-style: solid; height: 23px; text-align: center;\">Services hospitaliers<\/td>\n<td style=\"width: 25%; border-style: solid; height: 23px; text-align: center;\">50 H<\/td>\n<\/tr>\n<tr style=\"height: 23px;\">\n<td style=\"width: 25%; border-style: solid; height: 23px; text-align: center;\">3\u1d49 ann\u00e9e<br \/>4\u1d49 ann\u00e9e<\/td>\n<td style=\"width: 25%; border-style: solid; height: 23px; text-align: center;\">\n<ul>\n<li style=\"text-align: left;\">Stage de s\u00e9miologie m\u00e9dicale<\/li>\n<li style=\"text-align: left;\">Stage de s\u00e9miologie<br \/>chirurgicale<\/li>\n<\/ul>\n<\/td>\n<td style=\"width: 25%; border-style: solid; height: 23px; text-align: left;\">\n<ul>\n<li>Services de m\u00e9decine du CHU<\/li>\n<li>Services de chirurgie du CHU<\/li>\n<\/ul>\n<\/td>\n<td style=\"width: 25%; border-style: solid; height: 23px; text-align: center;\">150 H<br \/>150 H<\/td>\n<\/tr>\n<tr style=\"height: 23px;\">\n<td style=\"width: 25%; border-style: solid; height: 23px; text-align: center;\">4\u1d49 ann\u00e9e<\/td>\n<td style=\"width: 25%; border-style: solid; height: 23px; text-align: left;\">\n<ul>\n<li>Stage de p\u00e9diatrie<\/li>\n<li>Stage de sp\u00e9cialit\u00e9 1<\/li>\n<li>Stage de sp\u00e9cialit\u00e9 2<\/li>\n<li>Stage de sp\u00e9cialit\u00e9 3<\/li>\n<li>Stage de sp\u00e9cialit\u00e9 4<\/li>\n<\/ul>\n<\/td>\n<td style=\"width: 25%; border-style: solid; height: 23px; text-align: left;\">\n<ul>\n<li>Services de p\u00e9diatrie et de chirurgie<br \/>p\u00e9diatrique<\/li>\n<li>Service de sp\u00e9cialit\u00e9 m\u00e9dicale CHU<\/li>\n<li>Service de sp\u00e9cialit\u00e9 m\u00e9dicale CHU<\/li>\n<li>Service de sp\u00e9cialit\u00e9 m\u00e9dicale CHU<\/li>\n<li>Service de sp\u00e9cialit\u00e9 m\u00e9dicale CHU<\/li>\n<\/ul>\n<\/td>\n<td style=\"width: 25%; border-style: solid; height: 23px; text-align: center;\">150 H<br \/>60 H<br \/>60 H<br \/>60 H<br \/>60 H<\/td>\n<\/tr>\n<tr style=\"height: 23px;\">\n<td style=\"width: 25%; border-style: solid; height: 23px; text-align: center;\">5\u1d49 ann\u00e9e<\/td>\n<td style=\"width: 25%; border-style: solid; height: 23px; text-align: center;\">\n<ul>\n<li style=\"text-align: left;\">Stage de gyn\u00e9cologie-obst\u00e9trique<\/li>\n<li style=\"text-align: left;\">Stage de sp\u00e9cialit\u00e9 5<br \/>(chirurgicale ou m\u00e9dico-chirurgicale)*<\/li>\n<li style=\"text-align: left;\">Stage de sp\u00e9cialit\u00e9 6<br \/>(chirurgicale ou m\u00e9dico-chirurgicale)<\/li>\n<li style=\"text-align: left;\">Stage de sp\u00e9cialit\u00e9 7<br \/>(chirurgicale ou m\u00e9dico-chirurgicale)<\/li>\n<li style=\"text-align: left;\">Stage de sant\u00e9 publique<\/li>\n<\/ul>\n<\/td>\n<td style=\"width: 25%; border-style: solid; height: 23px; text-align: left;\">\n<ul>\n<li>Services de gyn\u00e9cologie obst\u00e9trique<\/li>\n<li>Service de chirurgie ou<br \/>m\u00e9dicochirurgical<\/li>\n<li>Service de chirurgie ou<br \/>m\u00e9dicochirurgical<\/li>\n<li>Service de chirurgie ou<br \/>m\u00e9dicochirurgical<\/li>\n<li>Centres de sant\u00e9 communautaires<\/li>\n<\/ul>\n<\/td>\n<td style=\"width: 25%; border-style: solid; height: 23px; text-align: center;\">150 H<br \/>60 H<br \/>60 H<br \/>60 H<br \/>60 H<\/td>\n<\/tr>\n<tr style=\"height: 23px;\">\n<td style=\"width: 25%; border-style: solid; height: 23px; text-align: center;\">6\u1d49 ann\u00e9e<\/td>\n<td style=\"width: 25%; border-style: solid; height: 23px; text-align: left;\">\n<ul>\n<li>A-Stage m\u00e9dico-chirurgical <br \/>plein temps (Stage de<br \/>m\u00e9decine et\/ ou chirurgie): 2<br \/>stages de deux mois chacun<br \/>dans 2 bloc diff\u00e9rents parmi<br \/>les bloc suivants ci contre:<\/li>\n<li>B &#8211; Stage de p\u00e9diatrie plein<br \/>temps :<\/li>\n<li>C &#8211; Stage de g\u00e9n\u00e9cologie<br \/>obst\u00e9trique :<\/li>\n<li>D &#8211; Stage urgences soins<br \/>intensifs :<\/li>\n<li>E &#8211; Stage sant\u00e9 publique<\/li>\n<li>F &#8211; Stage optionnel<\/li>\n<\/ul>\n<\/td>\n<td style=\"width: 25%; border-style: solid; height: 23px; text-align: left;\">\n<ul>\n<li>Service de chirurgie digestive ou<br \/>service de gastroent\u00e9rologie<\/li>\n<li>Service de neurologie ou de<br \/>neurochirurgie<\/li>\n<li>Service de rhumatologie ou de<br \/>traumatologie orthop\u00e9die, service de<br \/>radiologie<\/li>\n<li>Service de cardiologie ou de chirurgie<br \/>cardiaque, chirurgie vx<\/li>\n<li>Service de m\u00e9decine interne<br \/>ouh\u00e9matologie, endocrinologie<br \/>oncologie m\u00e9dicale<br \/>-services de p\u00e9diatrie r\u00e9animation<br \/>n\u00e9onatale et chirurgie p\u00e9diatrique**<\/li>\n<li>Service de gyn\u00e9cologie obst\u00e9trique<br \/>CHU**<\/li>\n<li>Un service des urgences ou soins<br \/>intensifs adulte y compris la<br \/>r\u00e9animation maternit\u00e9<\/li>\n<li>Centre de sant\u00e9 de soins primaires<br \/>et\/ou dans un cabinet de m\u00e9decin<br \/>g\u00e9n\u00e9raliste apr\u00e8s avis de la<br \/>commission p\u00e9dagogique<\/li>\n<li>Selon le choix de l\u2019\u00e9tudiant***<\/li>\n<\/ul>\n<\/td>\n<td style=\"width: 25%; border-style: solid; height: 23px; text-align: center;\">2 mois x 2<br \/>ou<br \/>(600H<br \/>minimum)<br \/>&#8211; 2mois<br \/>-1 mois<br \/>-1mois<br \/>-2mois<br \/>-1mois<\/td>\n<\/tr>\n<\/tbody>\n<\/table>\n\n\n\n<p>*= ORL , Ophtalmologie, urologie, neurochirurgie<\/p>\n\n\n\n<ul class=\"wp-block-list\">\n<li>60 H ou 22 demi-journ\u00e9es<\/li>\n\n\n\n<li>150H ou 44 demi-journ\u00e9es<\/li>\n<\/ul>\n\n\n\n<p>**le stage peut \u00e9ventuellement s\u2019effectuer dans service du GST( groupement sanitaire territorial \u2018 r\u00e9gion de Tanger T\u00e9touan Alhoceima)<\/p>\n\n\n\n<p>**en cas de manque de place dans un service la priorit\u00e9 sera donn\u00e9e \u00e0 l\u2019\u00e9tudiant qui durant son cursus n\u2019a jamais \u00e9t\u00e9 r\u00e9parti dans ce service ou service \u00e9quivalent<\/p>\n\n\n\n<p>Le stage plein temps est de 7H par jour tous les jours ouvrables de du mois.<\/p>\n","protected":false},"excerpt":{"rendered":"<p>*= ORL , Ophtalmologie, urologie, neurochirurgie **le stage peut \u00e9ventuellement s\u2019effectuer dans service du GST( groupement sanitaire territorial \u2018 r\u00e9gion de Tanger T\u00e9touan Alhoceima) **en cas de manque de place dans un service la priorit\u00e9 sera donn\u00e9e \u00e0 l\u2019\u00e9tudiant qui <a href=\"https:\/\/fmpt.ac.ma\/website\/sommairedes-stages\/\" class=\"read-more\">Read More &#8230;<\/a><\/p>\n","protected":false},"author":1,"featured_media":0,"parent":0,"menu_order":0,"comment_status":"closed","ping_status":"closed","template":"","meta":{"footnotes":""},"class_list":["post-241","page","type-page","status-publish","hentry"],"_links":{"self":[{"href":"https:\/\/fmpt.ac.ma\/website\/wp-json\/wp\/v2\/pages\/241","targetHints":{"allow":["GET"]}}],"collection":[{"href":"https:\/\/fmpt.ac.ma\/website\/wp-json\/wp\/v2\/pages"}],"about":[{"href":"https:\/\/fmpt.ac.ma\/website\/wp-json\/wp\/v2\/types\/page"}],"author":[{"embeddable":true,"href":"https:\/\/fmpt.ac.ma\/website\/wp-json\/wp\/v2\/users\/1"}],"replies":[{"embeddable":true,"href":"https:\/\/fmpt.ac.ma\/website\/wp-json\/wp\/v2\/comments?post=241"}],"version-history":[{"count":3,"href":"https:\/\/fmpt.ac.ma\/website\/wp-json\/wp\/v2\/pages\/241\/revisions"}],"predecessor-version":[{"id":1114,"href":"https:\/\/fmpt.ac.ma\/website\/wp-json\/wp\/v2\/pages\/241\/revisions\/1114"}],"wp:attachment":[{"href":"https:\/\/fmpt.ac.ma\/website\/wp-json\/wp\/v2\/media?parent=241"}],"curies":[{"name":"wp","href":"https:\/\/api.w.org\/{rel}","templated":true}]}}