{"id":254,"date":"2023-12-15T14:57:04","date_gmt":"2023-12-15T13:57:04","guid":{"rendered":"https:\/\/fmpt.ac.ma\/website\/?page_id=254"},"modified":"2024-10-23T16:32:26","modified_gmt":"2024-10-23T14:32:26","slug":"chronogramme-enseignements-et-sessions-dexamens","status":"publish","type":"page","link":"https:\/\/fmpt.ac.ma\/website\/chronogramme-enseignements-et-sessions-dexamens\/","title":{"rendered":"Chronogramme : Enseignements et Sessions d\u2019Examens"},"content":{"rendered":"\n<h2 class=\"wp-block-heading\">Ann\u00e9e universitaire 2023\u20132024<\/h2>\n\n\n\n<table style=\"border-collapse: collapse; width: 100%; height: 414px;\">\n<tbody>\n<tr style=\"background-color: #5881bd;\">\n<td style=\"width: 50%; border-style: solid; border-color: #305c9e; height: 23px; text-align: center;\"><span style=\"color: #ffffff;\">ACTIVITES PEDAGOGIQUES <\/span><\/td>\n<td style=\"width: 50%; border-style: solid; border-color: #305c9e; height: 23px; text-align: center;\"><span style=\"color: #ffffff;\">DATE ET PERIODES <\/span><\/td>\n<\/tr>\n<tr style=\"height: 23px;\">\n<td style=\"width: 50%; border-style: solid; border-color: #305c9e; height: 23px; text-align: center;\">D\u00e9but des stages hospitaliers<\/td>\n<td style=\"width: 50%; border-style: solid; border-color: #305c9e; height: 23px; text-align: left;\">Lundi 04\/ 09\/ 2023<\/td>\n<\/tr>\n<tr style=\"height: 23px;\">\n<td style=\"width: 50%; border-style: solid; border-color: #305c9e; height: 23px; text-align: center;\">D\u00e9but des cours<\/td>\n<td style=\"width: 50%; border-style: solid; border-color: #305c9e; height: 23px; text-align: left;\">Lundi 11\/09\/2023<\/td>\n<\/tr>\n<tr style=\"background-color: #fbab18;\">\n<td style=\"width: 50%; border-style: solid; border-color: #305c9e; height: 23px; text-align: center;\">F\u00eate de la marche verte<\/td>\n<td style=\"width: 50%; border-style: solid; border-color: #305c9e; height: 23px; text-align: left;\">Lundi 06\/11\/2023<\/td>\n<\/tr>\n<tr style=\"background-color: #fbab18;\">\n<td style=\"width: 50%; border-style: solid; border-color: #305c9e; height: 23px; text-align: center;\">F\u00eate de l\u2019ind\u00e9pendance<\/td>\n<td style=\"width: 50%; border-style: solid; border-color: #305c9e; height: 23px; text-align: left;\">Samedi 18\/11\/2023<\/td>\n<\/tr>\n<tr style=\"height: 23px;\">\n<td style=\"width: 50%; border-style: solid; border-color: #305c9e; height: 23px; text-align: center;\">Arr\u00eat des cours, TP, ED<\/td>\n<td style=\"width: 50%; border-style: solid; border-color: #305c9e; height: 23px; text-align: left;\">Vendredi22\/12\/2023<\/td>\n<\/tr>\n<tr style=\"height: 23px;\">\n<td style=\"width: 50%; border-style: solid; border-color: #305c9e; height: 23px; text-align: center;\">Nouvel an<\/td>\n<td style=\"width: 50%; border-style: solid; border-color: #305c9e; height: 23px; text-align: left;\">Lundi 01\/01\/2024<\/td>\n<\/tr>\n<tr style=\"height: 23px;\">\n<td style=\"width: 50%; border-style: solid; border-color: #305c9e; height: 23px; text-align: center;\">Jour f\u00e9ri\u00e9<\/td>\n<td style=\"width: 50%; border-style: solid; border-color: #305c9e; height: 23px; text-align: left;\">Jeudi 11\/01\/2024<\/td>\n<\/tr>\n<tr style=\"height: 23px; background-color: #ffde59;\">\n<td style=\"width: 50%; border-style: solid; border-color: #305c9e; height: 23px; text-align: center;\">Examens de la 1\u02b3\u1d49 session du 1\u1d49\u02b3 semestre<\/td>\n<td style=\"width: 50%; border-style: solid; border-color: #305c9e; height: 23px; text-align: left;\">Du lundi 08\/01\/2024 Au Vendredi 19\/01\/2024 ET<br \/>DU 29\/01\/2024 AU 02\/02\/2024<\/td>\n<\/tr>\n<tr style=\"height: 23px;\">\n<td style=\"width: 50%; border-style: solid; border-color: #305c9e; height: 23px; text-align: center;\">Reprise des cours, TP, ED<\/td>\n<td style=\"width: 50%; border-style: solid; border-color: #305c9e; height: 23px; text-align: left;\">Lundi 05\/02\/2024<\/td>\n<\/tr>\n<tr style=\"height: 23px;\">\n<td style=\"width: 50%; border-style: solid; border-color: #305c9e; height: 23px; text-align: center;\">Stage 1\u02b3\u1d49 et 2\u1d49 ann\u00e9e<\/td>\n<td style=\"width: 50%; border-style: solid; border-color: #305c9e; height: 23px; text-align: left;\">Du 15\/04\/2024 Au 03\/05\/2024<\/td>\n<\/tr>\n<tr style=\"height: 23px;\">\n<td style=\"width: 50%; border-style: solid; border-color: #305c9e; height: 23px; text-align: center;\">Arr\u00eat des cours, TP, ED<\/td>\n<td style=\"width: 50%; border-style: solid; border-color: #305c9e; height: 23px; text-align: left;\">27\/04\/2024<\/td>\n<\/tr>\n<tr style=\"height: 23px; background-color: #ffde59;\">\n<td style=\"width: 50%; border-style: solid; border-color: #305c9e; height: 23px; text-align: center;\">Examens de la 1\u02b3\u1d49 session du 2\u1d49 semestre<\/td>\n<td style=\"width: 50%; border-style: solid; border-color: #305c9e; height: 23px; text-align: left;\">Du lundi 13\/05\/2024 Au 31\/05\/2024<\/td>\n<\/tr>\n<tr style=\"height: 23px; background-color: #ffde59;\">\n<td style=\"width: 50%; border-style: solid; border-color: #305c9e; height: 23px; text-align: center;\">Examens de la 2\u1d49 session du 2\u1d49 semestre<\/td>\n<td style=\"width: 50%; border-style: solid; border-color: #305c9e; height: 23px; text-align: left;\">Du lundi 10\/06\/2024 Au 14\/06\/2024<\/td>\n<\/tr>\n<tr style=\"height: 23px; background-color: #ffde59;\">\n<td style=\"width: 50%; border-style: solid; border-color: #305c9e; height: 23px; text-align: center;\">Examens de la 2\u1d49 session du 1\u1d49\u02b3 semestre<\/td>\n<td style=\"width: 50%; border-style: solid; border-color: #305c9e; height: 23px; text-align: left;\">Du 20\/06\/2024 au 27\/06\/2024<\/td>\n<\/tr>\n<tr style=\"height: 23px;\">\n<td style=\"width: 50%; border-style: solid; border-color: #305c9e; height: 23px; text-align: center;\">Reprise des stages<\/td>\n<td style=\"width: 50%; border-style: solid; border-color: #305c9e; height: 23px; text-align: left;\">28\/06\/2024<\/td>\n<\/tr>\n<tr style=\"height: 23px;\">\n<td style=\"width: 50%; border-style: solid; border-color: #305c9e; height: 23px; text-align: center;\">Arr\u00eat des stages<\/td>\n<td style=\"width: 50%; border-style: solid; border-color: #305c9e; height: 23px; text-align: left;\">26\/07\/2024<\/td>\n<\/tr>\n<tr style=\"background-color: #5881bd; height: 23px;\">\n<td style=\"width: 50%; border-style: solid; border-color: #305c9e; height: 23px; text-align: center;\"><span style=\"color: #ffffff;\">D\u00e9lib\u00e9rations Finales*<\/span><\/td>\n<td style=\"width: 50%; border-style: solid; border-color: #305c9e; height: 23px; text-align: left;\"><span style=\"color: #ffffff;\">Lundi 25 &#8211; 26 &#8211; 27 \/07\/2024*<\/span><\/td>\n<\/tr>\n<\/tbody>\n<\/table>\n\n\n\n<h2 class=\"wp-block-heading\">Les ressources documentaires pour les \u00e9tudiants<\/h2>\n\n\n\n<p>La facult\u00e9 dispose d\u2019une biblioth\u00e8que moderne construite sur deux niveau. Vous pouvez y acc\u00e9der par le hall du pavillon administratif de la facult\u00e9 \u00e0 partir de 9 H ; elle reste ouverte jusqu\u2019\u00e0 18H .Elle dispose d\u2019un fond documentaire en format papiercouvrant tout programme et d\u2019un abonnement \u00e9lectronique donnant acc\u00e8s \u00e0 de nombreux livres et revues scientifiques. Certains livres peuvent \u00eatre emprunt\u00e9s selon leur disponibilit\u00e9<br>La responsable actuelle est Madame Naji Maryame, Vous pouvez la contacter \u00e0 cette adresse :<\/p>\n\n\n\n<h6 class=\"wp-block-heading\">Nom : Madame Naji Maryame.<br>Mail : sid.fmpt@gmail.com<\/h6>\n\n\n\n<h2 class=\"wp-block-heading\">Locaux sociaux destin\u00e9s aux \u00e9tudiants<\/h2>\n\n\n\n<p>Ces locaux situ\u00e9s non loin des amphith\u00e9\u00e2tres, ont une vue magnifique et d\u00e9gag\u00e9e sur les collines environnantes o\u00f9 la nature sauvage garde encore un droit de cit\u00e9e.<br>Les \u00e9tudiants y disposent de :<\/p>\n\n\n\n<ul class=\"wp-block-list\">\n<li>Une Caf\u00e9t\u00e9ria avec terrasse<\/li>\n\n\n\n<li>Un auditorium pour les activit\u00e9s artistiques<\/li>\n\n\n\n<li>Un terrain de sport : foot, volley et hand bal<\/li>\n\n\n\n<li>Une salle de sport<\/li>\n\n\n\n<li>Une salle de pri\u00e8re<\/li>\n\n\n\n<li>Des douches<\/li>\n<\/ul>\n","protected":false},"excerpt":{"rendered":"<p>Ann\u00e9e universitaire 2023\u20132024 Les ressources documentaires pour les \u00e9tudiants La facult\u00e9 dispose d\u2019une biblioth\u00e8que moderne construite sur deux niveau. Vous pouvez y acc\u00e9der par le hall du pavillon administratif de la facult\u00e9 \u00e0 partir de 9 H ; elle reste <a href=\"https:\/\/fmpt.ac.ma\/website\/chronogramme-enseignements-et-sessions-dexamens\/\" class=\"read-more\">Read More &#8230;<\/a><\/p>\n","protected":false},"author":1,"featured_media":0,"parent":0,"menu_order":0,"comment_status":"closed","ping_status":"closed","template":"","meta":{"footnotes":""},"class_list":["post-254","page","type-page","status-publish","hentry"],"_links":{"self":[{"href":"https:\/\/fmpt.ac.ma\/website\/wp-json\/wp\/v2\/pages\/254","targetHints":{"allow":["GET"]}}],"collection":[{"href":"https:\/\/fmpt.ac.ma\/website\/wp-json\/wp\/v2\/pages"}],"about":[{"href":"https:\/\/fmpt.ac.ma\/website\/wp-json\/wp\/v2\/types\/page"}],"author":[{"embeddable":true,"href":"https:\/\/fmpt.ac.ma\/website\/wp-json\/wp\/v2\/users\/1"}],"replies":[{"embeddable":true,"href":"https:\/\/fmpt.ac.ma\/website\/wp-json\/wp\/v2\/comments?post=254"}],"version-history":[{"count":5,"href":"https:\/\/fmpt.ac.ma\/website\/wp-json\/wp\/v2\/pages\/254\/revisions"}],"predecessor-version":[{"id":2746,"href":"https:\/\/fmpt.ac.ma\/website\/wp-json\/wp\/v2\/pages\/254\/revisions\/2746"}],"wp:attachment":[{"href":"https:\/\/fmpt.ac.ma\/website\/wp-json\/wp\/v2\/media?parent=254"}],"curies":[{"name":"wp","href":"https:\/\/api.w.org\/{rel}","templated":true}]}}