{"id":269,"date":"2023-12-15T15:03:44","date_gmt":"2023-12-15T14:03:44","guid":{"rendered":"https:\/\/fmpt.ac.ma\/website\/?page_id=269"},"modified":"2025-12-22T14:40:27","modified_gmt":"2025-12-22T13:40:27","slug":"service-et-aide-aux-etudiants","status":"publish","type":"page","link":"https:\/\/fmpt.ac.ma\/website\/service-et-aide-aux-etudiants\/","title":{"rendered":"Couverture M\u00e9dicale"},"content":{"rendered":"\n<ul class=\"wp-block-list\">\n<li><strong>L\u2019AMO: <\/strong>Tous les \u00e9tudiants qui n\u2019ont pas de couverture m\u00e9dical ont droit \u00e0 une couverture m\u00e9dicale gratuite, mais il faut s\u2019inscrire et ne pas attendre un \u00e9ventuel \u00e9pisode de maladie pour entamer la proc\u00e9dure.<\/li>\n<\/ul>\n\n\n\n<div class=\"wp-block-buttons is-content-justification-center is-layout-flex wp-container-core-buttons-is-layout-16018d1d wp-block-buttons-is-layout-flex\">\n<div class=\"wp-block-button\"><a class=\"wp-block-button__link has-blush-light-purple-gradient-background has-text-color has-background has-link-color has-text-align-center wp-element-button\" href=\"http:\/\/amo.uae.ac.ma\" style=\"color:#375785\"><strong>Inscrivez-vous<\/strong><\/a><\/div>\n<\/div>\n\n\n\n<figure class=\"wp-block-video\"><video height=\"360\" style=\"aspect-ratio: 640 \/ 360;\" width=\"640\" autoplay controls loop muted src=\"https:\/\/fmpt.ac.ma\/website\/wp-content\/uploads\/2025\/12\/Les-demarches-a-suivre-en-detail-pour-beneficier-de-lAMO-1.mp4\" playsinline><\/video><\/figure>\n\n\n\n<div class=\"wp-block-columns is-layout-flex wp-container-core-columns-is-layout-9d6595d7 wp-block-columns-is-layout-flex\">\n<div class=\"wp-block-column is-layout-flow wp-block-column-is-layout-flow\">\n<figure class=\"wp-block-image size-full\"><a href=\"https:\/\/fmpt.ac.ma\/website\/wp-content\/uploads\/2025\/12\/brochure_QR_AMOE_ok-Question-et-Reponse.pdf\"><img loading=\"lazy\" decoding=\"async\" width=\"248\" height=\"284\" src=\"https:\/\/fmpt.ac.ma\/website\/wp-content\/uploads\/2025\/12\/questions.png\" alt=\"\" class=\"wp-image-7779\" srcset=\"https:\/\/fmpt.ac.ma\/website\/wp-content\/uploads\/2025\/12\/questions.png 248w, https:\/\/fmpt.ac.ma\/website\/wp-content\/uploads\/2025\/12\/questions-236x270.png 236w\" sizes=\"auto, (max-width: 248px) 100vw, 248px\" \/><\/a><\/figure>\n\n\n\n<p class=\"has-text-align-center\"><strong><a href=\"https:\/\/fmpt.ac.ma\/website\/wp-content\/uploads\/2025\/12\/brochure_QR_AMOE_ok-Question-et-Reponse.pdf\">Questions et R\u00e9ponses !<\/a><\/strong><\/p>\n<\/div>\n\n\n\n<div class=\"wp-block-column is-layout-flow wp-block-column-is-layout-flow\">\n<figure class=\"wp-block-image size-full\"><a href=\"https:\/\/fmpt.ac.ma\/website\/wp-content\/uploads\/2025\/12\/dep_AMO_E_prestation_Ar.pdf\"><img loading=\"lazy\" decoding=\"async\" width=\"248\" height=\"284\" src=\"https:\/\/fmpt.ac.ma\/website\/wp-content\/uploads\/2025\/12\/pack.png\" alt=\"\" class=\"wp-image-7780\" srcset=\"https:\/\/fmpt.ac.ma\/website\/wp-content\/uploads\/2025\/12\/pack.png 248w, https:\/\/fmpt.ac.ma\/website\/wp-content\/uploads\/2025\/12\/pack-236x270.png 236w\" sizes=\"auto, (max-width: 248px) 100vw, 248px\" \/><\/a><\/figure>\n\n\n\n<p class=\"has-text-align-center\"><strong><a href=\"https:\/\/fmpt.ac.ma\/website\/wp-content\/uploads\/2025\/12\/dep_AMO_E_prestation_Ar.pdf\">Remboursement !<\/a><\/strong><\/p>\n<\/div>\n\n\n\n<div class=\"wp-block-column is-layout-flow wp-block-column-is-layout-flow\">\n<figure class=\"wp-block-image size-full\"><a href=\"https:\/\/fmpt.ac.ma\/website\/wp-content\/uploads\/2025\/12\/depliant_AMO_E_universite_Ar-1.pdf\"><img loading=\"lazy\" decoding=\"async\" width=\"248\" height=\"284\" src=\"https:\/\/fmpt.ac.ma\/website\/wp-content\/uploads\/2025\/12\/etapes.png\" alt=\"\" class=\"wp-image-7781\" srcset=\"https:\/\/fmpt.ac.ma\/website\/wp-content\/uploads\/2025\/12\/etapes.png 248w, https:\/\/fmpt.ac.ma\/website\/wp-content\/uploads\/2025\/12\/etapes-236x270.png 236w\" sizes=\"auto, (max-width: 248px) 100vw, 248px\" \/><\/a><\/figure>\n\n\n\n<p class=\"has-text-align-center\"><strong><a href=\"https:\/\/fmpt.ac.ma\/website\/wp-content\/uploads\/2025\/12\/depliant_AMO_E_universite_Ar-1.pdf\">Etapes d&rsquo;Inscription !<\/a><\/strong><\/p>\n<\/div>\n<\/div>\n\n\n\n<p class=\"has-text-align-center has-text-color has-link-color has-large-font-size wp-elements-4c1e3d090c4dd2972b9d38e45039c3c1\" style=\"color:#350c5e\"><strong>\u00c0&nbsp;t\u00e9l\u00e9charger !<\/strong><\/p>\n\n\n\n<div class=\"wp-block-columns are-vertically-aligned-center is-layout-flex wp-container-core-columns-is-layout-9d6595d7 wp-block-columns-is-layout-flex\">\n<div class=\"wp-block-column is-vertically-aligned-center is-layout-flow wp-block-column-is-layout-flow\">\n<div class=\"wp-block-buttons is-content-justification-center is-layout-flex wp-container-core-buttons-is-layout-16018d1d wp-block-buttons-is-layout-flex\">\n<div class=\"wp-block-button\"><a class=\"wp-block-button__link has-black-color has-blush-light-purple-gradient-background has-text-color has-background has-link-color has-custom-font-size wp-element-button\" href=\"https:\/\/fmpt.ac.ma\/website\/wp-content\/uploads\/2025\/12\/Feuilles-de-soins-MALADIE.pdf\" style=\"font-size:17px\"><strong>Feuille de soins Maladie<\/strong><\/a><\/div>\n<\/div>\n<\/div>\n\n\n\n<div class=\"wp-block-column is-vertically-aligned-center is-layout-flow wp-block-column-is-layout-flow\">\n<div class=\"wp-block-buttons is-content-justification-center is-layout-flex wp-container-core-buttons-is-layout-16018d1d wp-block-buttons-is-layout-flex\">\n<div class=\"wp-block-button\"><a class=\"wp-block-button__link has-black-color has-blush-light-purple-gradient-background has-text-color has-background has-link-color has-custom-font-size wp-element-button\" href=\"https:\/\/fmpt.ac.ma\/website\/wp-content\/uploads\/2025\/12\/Feuilles-de-soins-DENTAIRE.pdf\" style=\"font-size:17px\"><strong>Feuille de soins Dentaires<\/strong><\/a><\/div>\n<\/div>\n<\/div>\n\n\n\n<div class=\"wp-block-column is-vertically-aligned-center is-layout-flow wp-block-column-is-layout-flow\">\n<div class=\"wp-block-buttons is-layout-flex wp-block-buttons-is-layout-flex\">\n<div class=\"wp-block-button has-custom-width wp-block-button__width-100\"><a class=\"wp-block-button__link has-black-color has-blush-light-purple-gradient-background has-text-color has-background has-link-color has-custom-font-size wp-element-button\" href=\"https:\/\/fmpt.ac.ma\/website\/wp-content\/uploads\/2025\/12\/Feuille-de-soins-pour-les-Affections-de-longue-duree.pdf\" style=\"font-size:17px\"><strong>Feuille de soins pour les Affections de longue dur\u00e9e<\/strong><\/a><\/div>\n<\/div>\n<\/div>\n<\/div>\n","protected":false},"excerpt":{"rendered":"<p>Questions et R\u00e9ponses ! Remboursement ! Etapes d&rsquo;Inscription ! \u00c0&nbsp;t\u00e9l\u00e9charger !<\/p>\n","protected":false},"author":1,"featured_media":0,"parent":0,"menu_order":0,"comment_status":"closed","ping_status":"closed","template":"","meta":{"footnotes":""},"class_list":["post-269","page","type-page","status-publish","hentry"],"_links":{"self":[{"href":"https:\/\/fmpt.ac.ma\/website\/wp-json\/wp\/v2\/pages\/269","targetHints":{"allow":["GET"]}}],"collection":[{"href":"https:\/\/fmpt.ac.ma\/website\/wp-json\/wp\/v2\/pages"}],"about":[{"href":"https:\/\/fmpt.ac.ma\/website\/wp-json\/wp\/v2\/types\/page"}],"author":[{"embeddable":true,"href":"https:\/\/fmpt.ac.ma\/website\/wp-json\/wp\/v2\/users\/1"}],"replies":[{"embeddable":true,"href":"https:\/\/fmpt.ac.ma\/website\/wp-json\/wp\/v2\/comments?post=269"}],"version-history":[{"count":31,"href":"https:\/\/fmpt.ac.ma\/website\/wp-json\/wp\/v2\/pages\/269\/revisions"}],"predecessor-version":[{"id":7822,"href":"https:\/\/fmpt.ac.ma\/website\/wp-json\/wp\/v2\/pages\/269\/revisions\/7822"}],"wp:attachment":[{"href":"https:\/\/fmpt.ac.ma\/website\/wp-json\/wp\/v2\/media?parent=269"}],"curies":[{"name":"wp","href":"https:\/\/api.w.org\/{rel}","templated":true}]}}