{"id":3131,"date":"2024-11-21T14:33:52","date_gmt":"2024-11-21T13:33:52","guid":{"rendered":"https:\/\/fmpt.ac.ma\/website\/?page_id=3131"},"modified":"2024-11-21T14:33:53","modified_gmt":"2024-11-21T13:33:53","slug":"diplome-universitaire-de-pedagogie-des-sciences-de-la-sante","status":"publish","type":"page","link":"https:\/\/fmpt.ac.ma\/website\/diplome-universitaire-de-pedagogie-des-sciences-de-la-sante\/","title":{"rendered":"Dipl\u00f4me Universitaire de p\u00e9dagogie des Sciences de la Sant\u00e9"},"content":{"rendered":"<div class=\"wp-block-image\">\n<figure class=\"aligncenter size-full\"><img loading=\"lazy\" decoding=\"async\" width=\"1169\" height=\"1654\" src=\"https:\/\/www.fmpt.ac.ma\/website\/wp-content\/uploads\/2024\/11\/poster-DU-pedagogie-2024-v5-web.png\" alt=\"\" class=\"wp-image-3128\" srcset=\"https:\/\/fmpt.ac.ma\/website\/wp-content\/uploads\/2024\/11\/poster-DU-pedagogie-2024-v5-web.png 1169w, https:\/\/fmpt.ac.ma\/website\/wp-content\/uploads\/2024\/11\/poster-DU-pedagogie-2024-v5-web-724x1024.png 724w, https:\/\/fmpt.ac.ma\/website\/wp-content\/uploads\/2024\/11\/poster-DU-pedagogie-2024-v5-web-768x1087.png 768w, https:\/\/fmpt.ac.ma\/website\/wp-content\/uploads\/2024\/11\/poster-DU-pedagogie-2024-v5-web-1086x1536.png 1086w, https:\/\/fmpt.ac.ma\/website\/wp-content\/uploads\/2024\/11\/poster-DU-pedagogie-2024-v5-web-191x270.png 191w\" sizes=\"auto, (max-width: 1169px) 100vw, 1169px\" \/><\/figure>\n<\/div>","protected":false},"excerpt":{"rendered":"","protected":false},"author":2,"featured_media":0,"parent":0,"menu_order":0,"comment_status":"closed","ping_status":"closed","template":"","meta":{"footnotes":""},"class_list":["post-3131","page","type-page","status-publish","hentry"],"_links":{"self":[{"href":"https:\/\/fmpt.ac.ma\/website\/wp-json\/wp\/v2\/pages\/3131","targetHints":{"allow":["GET"]}}],"collection":[{"href":"https:\/\/fmpt.ac.ma\/website\/wp-json\/wp\/v2\/pages"}],"about":[{"href":"https:\/\/fmpt.ac.ma\/website\/wp-json\/wp\/v2\/types\/page"}],"author":[{"embeddable":true,"href":"https:\/\/fmpt.ac.ma\/website\/wp-json\/wp\/v2\/users\/2"}],"replies":[{"embeddable":true,"href":"https:\/\/fmpt.ac.ma\/website\/wp-json\/wp\/v2\/comments?post=3131"}],"version-history":[{"count":1,"href":"https:\/\/fmpt.ac.ma\/website\/wp-json\/wp\/v2\/pages\/3131\/revisions"}],"predecessor-version":[{"id":3132,"href":"https:\/\/fmpt.ac.ma\/website\/wp-json\/wp\/v2\/pages\/3131\/revisions\/3132"}],"wp:attachment":[{"href":"https:\/\/fmpt.ac.ma\/website\/wp-json\/wp\/v2\/media?parent=3131"}],"curies":[{"name":"wp","href":"https:\/\/api.w.org\/{rel}","templated":true}]}}