{"id":4331,"date":"2025-04-25T12:18:26","date_gmt":"2025-04-25T10:18:26","guid":{"rendered":"https:\/\/fmpt.ac.ma\/website\/?page_id=4331"},"modified":"2025-04-25T12:29:12","modified_gmt":"2025-04-25T10:29:12","slug":"journee-scientifique-sur-les-vertus-et-usages-therapeutiques-du-cannabidiol-cbd-extrait-du-cannabis","status":"publish","type":"page","link":"https:\/\/fmpt.ac.ma\/website\/journee-scientifique-sur-les-vertus-et-usages-therapeutiques-du-cannabidiol-cbd-extrait-du-cannabis\/","title":{"rendered":"Journ\u00e9e Scientifique sur les\u00a0vertus\u00a0et\u00a0usages th\u00e9rapeutiques du Cannabidiol (CBD), extrait du cannabis."},"content":{"rendered":"\n<p class=\"has-medium-font-size\">L&rsquo;Universit\u00e9 Abdelmalek Essaadi et la Facult\u00e9 de M\u00e9decine et de Pharmacie de Tanger ont men\u00e9 conjointement avec l&rsquo;Agence de R\u00e9glementation des Activit\u00e9s relatives au Cannabis (ANRAC) et le Centre Hospitalier Universitaire Mohammed VI de Tanger (CHU) une journ\u00e9e scientifique consacr\u00e9e aux vertus et aux usages th\u00e9rapeutiques du Cannabidiol (CBD), extrait du cannabis, un compos\u00e9 d\u00e9riv\u00e9 du cannabis.<\/p>\n\n\n\n<p class=\"has-medium-font-size\">La convention a pour objet un protocole de recherche portant sur la s\u00e9curit\u00e9 et l&rsquo;efficacit\u00e9 th\u00e9rapeutiques du cannabidiol (CBD) dans le traitement des \u00e9pilepsies r\u00e9fractaires chez l&rsquo;enfant.<\/p>\n\n\n\n<p class=\"has-medium-font-size\">Il s&rsquo;agit d&rsquo;un projet ambitieux, une premi\u00e8re au Maroc, qui vise la fabrication de m\u00e9dicaments \u00e0 base de cannabidiol, sp\u00e9cifiquement destin\u00e9s aux enfants souffrant d&rsquo;\u00e9pilepsie. Cette initiative marque une collaboration pionni\u00e8re entre l&rsquo;UAE, l&rsquo;ANRAC, la FMPT et le CHU.<\/p>\n\n\n\n<p class=\"has-medium-font-size\">Cette journ\u00e9e scientifique s&rsquo;inscrit dans une d\u00e9marche de recherche, d&rsquo;innovation m\u00e9dicale et de sensibilisation, en r\u00e9unissant un panel diversifi\u00e9 d&rsquo;acteurs : chercheurs, exploitants agricoles, \u00e9lus, professionnels de la sant\u00e9, d\u00e9cideurs, repr\u00e9sentants de l&rsquo;industrie pharmaceutique et \u00e9tudiants. L&rsquo;objectif de cette rencontre est d&rsquo;explorer les potentialit\u00e9s th\u00e9rapeutiques du cannabidiol, un sujet d&rsquo;actualit\u00e9 qui suscite un int\u00e9r\u00eat croissant dans le domaine m\u00e9dical et scientifique. Cette rencontre, qui constitue une initiative in\u00e9dite, marque le point de d\u00e9part d&rsquo;un \u00e9ventail d&rsquo;opportunit\u00e9s et d&rsquo;orientations de recherche novatrices. \u00c0 court terme, elle positionnera le Royaume du Maroc comme un acteur majeur \u00e0 l&rsquo;\u00e9chelle continentale et internationale dans le domaine de la production de m\u00e9dicaments \u00e0 base de cannabidiol (CBD).<\/p>\n\n\n\n<div style=\"height:47px\" aria-hidden=\"true\" class=\"wp-block-spacer\"><\/div>\n\n\n\n<figure class=\"wp-block-gallery has-nested-images columns-default is-cropped wp-block-gallery-1 is-layout-flex wp-block-gallery-is-layout-flex\">\n<figure data-wp-context=\"{&quot;imageId&quot;:&quot;69ea234f13a2a&quot;}\" data-wp-interactive=\"core\/image\" data-wp-key=\"69ea234f13a2a\" class=\"wp-block-image size-large wp-lightbox-container\"><img loading=\"lazy\" decoding=\"async\" width=\"1024\" height=\"576\" data-wp-class--hide=\"state.isContentHidden\" data-wp-class--show=\"state.isContentVisible\" data-wp-init=\"callbacks.setButtonStyles\" data-wp-on--click=\"actions.showLightbox\" data-wp-on--load=\"callbacks.setButtonStyles\" data-wp-on-window--resize=\"callbacks.setButtonStyles\" data-id=\"4329\" src=\"https:\/\/fmpt.ac.ma\/website\/wp-content\/uploads\/2025\/04\/WhatsApp-Image-2025-04-24-at-15.45.13-1024x576.jpeg\" alt=\"\" class=\"wp-image-4329\" srcset=\"https:\/\/fmpt.ac.ma\/website\/wp-content\/uploads\/2025\/04\/WhatsApp-Image-2025-04-24-at-15.45.13-1024x576.jpeg 1024w, https:\/\/fmpt.ac.ma\/website\/wp-content\/uploads\/2025\/04\/WhatsApp-Image-2025-04-24-at-15.45.13-768x432.jpeg 768w, https:\/\/fmpt.ac.ma\/website\/wp-content\/uploads\/2025\/04\/WhatsApp-Image-2025-04-24-at-15.45.13-1536x864.jpeg 1536w, https:\/\/fmpt.ac.ma\/website\/wp-content\/uploads\/2025\/04\/WhatsApp-Image-2025-04-24-at-15.45.13-2048x1152.jpeg 2048w, https:\/\/fmpt.ac.ma\/website\/wp-content\/uploads\/2025\/04\/WhatsApp-Image-2025-04-24-at-15.45.13-360x203.jpeg 360w\" sizes=\"auto, (max-width: 1024px) 100vw, 1024px\" \/><button\n\t\t\tclass=\"lightbox-trigger\"\n\t\t\ttype=\"button\"\n\t\t\taria-haspopup=\"dialog\"\n\t\t\taria-label=\"Agrandir\"\n\t\t\tdata-wp-init=\"callbacks.initTriggerButton\"\n\t\t\tdata-wp-on--click=\"actions.showLightbox\"\n\t\t\tdata-wp-style--right=\"state.imageButtonRight\"\n\t\t\tdata-wp-style--top=\"state.imageButtonTop\"\n\t\t>\n\t\t\t<svg xmlns=\"http:\/\/www.w3.org\/2000\/svg\" width=\"12\" height=\"12\" fill=\"none\" viewBox=\"0 0 12 12\">\n\t\t\t\t<path fill=\"#fff\" d=\"M2 0a2 2 0 0 0-2 2v2h1.5V2a.5.5 0 0 1 .5-.5h2V0H2Zm2 10.5H2a.5.5 0 0 1-.5-.5V8H0v2a2 2 0 0 0 2 2h2v-1.5ZM8 12v-1.5h2a.5.5 0 0 0 .5-.5V8H12v2a2 2 0 0 1-2 2H8Zm2-12a2 2 0 0 1 2 2v2h-1.5V2a.5.5 0 0 0-.5-.5H8V0h2Z\" \/>\n\t\t\t<\/svg>\n\t\t<\/button><\/figure>\n\n\n\n<figure data-wp-context=\"{&quot;imageId&quot;:&quot;69ea234f1410b&quot;}\" data-wp-interactive=\"core\/image\" data-wp-key=\"69ea234f1410b\" class=\"wp-block-image size-large wp-lightbox-container\"><img loading=\"lazy\" decoding=\"async\" width=\"1024\" height=\"576\" data-wp-class--hide=\"state.isContentHidden\" data-wp-class--show=\"state.isContentVisible\" data-wp-init=\"callbacks.setButtonStyles\" data-wp-on--click=\"actions.showLightbox\" data-wp-on--load=\"callbacks.setButtonStyles\" data-wp-on-window--resize=\"callbacks.setButtonStyles\" data-id=\"4325\" src=\"https:\/\/fmpt.ac.ma\/website\/wp-content\/uploads\/2025\/04\/WhatsApp-Image-2025-04-24-at-15.45.11-1024x576.jpeg\" alt=\"\" class=\"wp-image-4325\" srcset=\"https:\/\/fmpt.ac.ma\/website\/wp-content\/uploads\/2025\/04\/WhatsApp-Image-2025-04-24-at-15.45.11-1024x576.jpeg 1024w, https:\/\/fmpt.ac.ma\/website\/wp-content\/uploads\/2025\/04\/WhatsApp-Image-2025-04-24-at-15.45.11-768x432.jpeg 768w, https:\/\/fmpt.ac.ma\/website\/wp-content\/uploads\/2025\/04\/WhatsApp-Image-2025-04-24-at-15.45.11-1536x864.jpeg 1536w, https:\/\/fmpt.ac.ma\/website\/wp-content\/uploads\/2025\/04\/WhatsApp-Image-2025-04-24-at-15.45.11-2048x1152.jpeg 2048w, https:\/\/fmpt.ac.ma\/website\/wp-content\/uploads\/2025\/04\/WhatsApp-Image-2025-04-24-at-15.45.11-360x203.jpeg 360w\" sizes=\"auto, (max-width: 1024px) 100vw, 1024px\" \/><button\n\t\t\tclass=\"lightbox-trigger\"\n\t\t\ttype=\"button\"\n\t\t\taria-haspopup=\"dialog\"\n\t\t\taria-label=\"Agrandir\"\n\t\t\tdata-wp-init=\"callbacks.initTriggerButton\"\n\t\t\tdata-wp-on--click=\"actions.showLightbox\"\n\t\t\tdata-wp-style--right=\"state.imageButtonRight\"\n\t\t\tdata-wp-style--top=\"state.imageButtonTop\"\n\t\t>\n\t\t\t<svg xmlns=\"http:\/\/www.w3.org\/2000\/svg\" width=\"12\" height=\"12\" fill=\"none\" viewBox=\"0 0 12 12\">\n\t\t\t\t<path fill=\"#fff\" d=\"M2 0a2 2 0 0 0-2 2v2h1.5V2a.5.5 0 0 1 .5-.5h2V0H2Zm2 10.5H2a.5.5 0 0 1-.5-.5V8H0v2a2 2 0 0 0 2 2h2v-1.5ZM8 12v-1.5h2a.5.5 0 0 0 .5-.5V8H12v2a2 2 0 0 1-2 2H8Zm2-12a2 2 0 0 1 2 2v2h-1.5V2a.5.5 0 0 0-.5-.5H8V0h2Z\" \/>\n\t\t\t<\/svg>\n\t\t<\/button><\/figure>\n\n\n\n<figure data-wp-context=\"{&quot;imageId&quot;:&quot;69ea234f14790&quot;}\" data-wp-interactive=\"core\/image\" data-wp-key=\"69ea234f14790\" class=\"wp-block-image size-large wp-lightbox-container\"><img loading=\"lazy\" decoding=\"async\" width=\"1024\" height=\"576\" data-wp-class--hide=\"state.isContentHidden\" data-wp-class--show=\"state.isContentVisible\" data-wp-init=\"callbacks.setButtonStyles\" data-wp-on--click=\"actions.showLightbox\" data-wp-on--load=\"callbacks.setButtonStyles\" data-wp-on-window--resize=\"callbacks.setButtonStyles\" data-id=\"4326\" src=\"https:\/\/fmpt.ac.ma\/website\/wp-content\/uploads\/2025\/04\/WhatsApp-Image-2025-04-24-at-15.45.14-1-1024x576.jpeg\" alt=\"\" class=\"wp-image-4326\" srcset=\"https:\/\/fmpt.ac.ma\/website\/wp-content\/uploads\/2025\/04\/WhatsApp-Image-2025-04-24-at-15.45.14-1-1024x576.jpeg 1024w, https:\/\/fmpt.ac.ma\/website\/wp-content\/uploads\/2025\/04\/WhatsApp-Image-2025-04-24-at-15.45.14-1-768x432.jpeg 768w, https:\/\/fmpt.ac.ma\/website\/wp-content\/uploads\/2025\/04\/WhatsApp-Image-2025-04-24-at-15.45.14-1-1536x864.jpeg 1536w, https:\/\/fmpt.ac.ma\/website\/wp-content\/uploads\/2025\/04\/WhatsApp-Image-2025-04-24-at-15.45.14-1-2048x1152.jpeg 2048w, https:\/\/fmpt.ac.ma\/website\/wp-content\/uploads\/2025\/04\/WhatsApp-Image-2025-04-24-at-15.45.14-1-360x203.jpeg 360w\" sizes=\"auto, (max-width: 1024px) 100vw, 1024px\" \/><button\n\t\t\tclass=\"lightbox-trigger\"\n\t\t\ttype=\"button\"\n\t\t\taria-haspopup=\"dialog\"\n\t\t\taria-label=\"Agrandir\"\n\t\t\tdata-wp-init=\"callbacks.initTriggerButton\"\n\t\t\tdata-wp-on--click=\"actions.showLightbox\"\n\t\t\tdata-wp-style--right=\"state.imageButtonRight\"\n\t\t\tdata-wp-style--top=\"state.imageButtonTop\"\n\t\t>\n\t\t\t<svg xmlns=\"http:\/\/www.w3.org\/2000\/svg\" width=\"12\" height=\"12\" fill=\"none\" viewBox=\"0 0 12 12\">\n\t\t\t\t<path fill=\"#fff\" d=\"M2 0a2 2 0 0 0-2 2v2h1.5V2a.5.5 0 0 1 .5-.5h2V0H2Zm2 10.5H2a.5.5 0 0 1-.5-.5V8H0v2a2 2 0 0 0 2 2h2v-1.5ZM8 12v-1.5h2a.5.5 0 0 0 .5-.5V8H12v2a2 2 0 0 1-2 2H8Zm2-12a2 2 0 0 1 2 2v2h-1.5V2a.5.5 0 0 0-.5-.5H8V0h2Z\" \/>\n\t\t\t<\/svg>\n\t\t<\/button><\/figure>\n\n\n\n<figure data-wp-context=\"{&quot;imageId&quot;:&quot;69ea234f14e1f&quot;}\" data-wp-interactive=\"core\/image\" data-wp-key=\"69ea234f14e1f\" class=\"wp-block-image size-large wp-lightbox-container\"><img loading=\"lazy\" decoding=\"async\" width=\"1024\" height=\"576\" data-wp-class--hide=\"state.isContentHidden\" data-wp-class--show=\"state.isContentVisible\" data-wp-init=\"callbacks.setButtonStyles\" data-wp-on--click=\"actions.showLightbox\" data-wp-on--load=\"callbacks.setButtonStyles\" data-wp-on-window--resize=\"callbacks.setButtonStyles\" data-id=\"4327\" src=\"https:\/\/fmpt.ac.ma\/website\/wp-content\/uploads\/2025\/04\/WhatsApp-Image-2025-04-24-at-15.45.10-1024x576.jpeg\" alt=\"\" class=\"wp-image-4327\" srcset=\"https:\/\/fmpt.ac.ma\/website\/wp-content\/uploads\/2025\/04\/WhatsApp-Image-2025-04-24-at-15.45.10-1024x576.jpeg 1024w, https:\/\/fmpt.ac.ma\/website\/wp-content\/uploads\/2025\/04\/WhatsApp-Image-2025-04-24-at-15.45.10-768x432.jpeg 768w, https:\/\/fmpt.ac.ma\/website\/wp-content\/uploads\/2025\/04\/WhatsApp-Image-2025-04-24-at-15.45.10-1536x864.jpeg 1536w, https:\/\/fmpt.ac.ma\/website\/wp-content\/uploads\/2025\/04\/WhatsApp-Image-2025-04-24-at-15.45.10-2048x1152.jpeg 2048w, https:\/\/fmpt.ac.ma\/website\/wp-content\/uploads\/2025\/04\/WhatsApp-Image-2025-04-24-at-15.45.10-360x203.jpeg 360w\" sizes=\"auto, (max-width: 1024px) 100vw, 1024px\" \/><button\n\t\t\tclass=\"lightbox-trigger\"\n\t\t\ttype=\"button\"\n\t\t\taria-haspopup=\"dialog\"\n\t\t\taria-label=\"Agrandir\"\n\t\t\tdata-wp-init=\"callbacks.initTriggerButton\"\n\t\t\tdata-wp-on--click=\"actions.showLightbox\"\n\t\t\tdata-wp-style--right=\"state.imageButtonRight\"\n\t\t\tdata-wp-style--top=\"state.imageButtonTop\"\n\t\t>\n\t\t\t<svg xmlns=\"http:\/\/www.w3.org\/2000\/svg\" width=\"12\" height=\"12\" fill=\"none\" viewBox=\"0 0 12 12\">\n\t\t\t\t<path fill=\"#fff\" d=\"M2 0a2 2 0 0 0-2 2v2h1.5V2a.5.5 0 0 1 .5-.5h2V0H2Zm2 10.5H2a.5.5 0 0 1-.5-.5V8H0v2a2 2 0 0 0 2 2h2v-1.5ZM8 12v-1.5h2a.5.5 0 0 0 .5-.5V8H12v2a2 2 0 0 1-2 2H8Zm2-12a2 2 0 0 1 2 2v2h-1.5V2a.5.5 0 0 0-.5-.5H8V0h2Z\" \/>\n\t\t\t<\/svg>\n\t\t<\/button><\/figure>\n\n\n\n<figure data-wp-context=\"{&quot;imageId&quot;:&quot;69ea234f15498&quot;}\" data-wp-interactive=\"core\/image\" data-wp-key=\"69ea234f15498\" class=\"wp-block-image size-large wp-lightbox-container\"><img loading=\"lazy\" decoding=\"async\" width=\"1024\" height=\"379\" data-wp-class--hide=\"state.isContentHidden\" data-wp-class--show=\"state.isContentVisible\" data-wp-init=\"callbacks.setButtonStyles\" data-wp-on--click=\"actions.showLightbox\" data-wp-on--load=\"callbacks.setButtonStyles\" data-wp-on-window--resize=\"callbacks.setButtonStyles\" data-id=\"4328\" src=\"https:\/\/fmpt.ac.ma\/website\/wp-content\/uploads\/2025\/04\/WhatsApp-Image-2025-04-24-at-15.45.14-1024x379.jpeg\" alt=\"\" class=\"wp-image-4328\" srcset=\"https:\/\/fmpt.ac.ma\/website\/wp-content\/uploads\/2025\/04\/WhatsApp-Image-2025-04-24-at-15.45.14-1024x379.jpeg 1024w, https:\/\/fmpt.ac.ma\/website\/wp-content\/uploads\/2025\/04\/WhatsApp-Image-2025-04-24-at-15.45.14-768x284.jpeg 768w, https:\/\/fmpt.ac.ma\/website\/wp-content\/uploads\/2025\/04\/WhatsApp-Image-2025-04-24-at-15.45.14-1536x568.jpeg 1536w, https:\/\/fmpt.ac.ma\/website\/wp-content\/uploads\/2025\/04\/WhatsApp-Image-2025-04-24-at-15.45.14-2048x757.jpeg 2048w, https:\/\/fmpt.ac.ma\/website\/wp-content\/uploads\/2025\/04\/WhatsApp-Image-2025-04-24-at-15.45.14-360x133.jpeg 360w\" sizes=\"auto, (max-width: 1024px) 100vw, 1024px\" \/><button\n\t\t\tclass=\"lightbox-trigger\"\n\t\t\ttype=\"button\"\n\t\t\taria-haspopup=\"dialog\"\n\t\t\taria-label=\"Agrandir\"\n\t\t\tdata-wp-init=\"callbacks.initTriggerButton\"\n\t\t\tdata-wp-on--click=\"actions.showLightbox\"\n\t\t\tdata-wp-style--right=\"state.imageButtonRight\"\n\t\t\tdata-wp-style--top=\"state.imageButtonTop\"\n\t\t>\n\t\t\t<svg xmlns=\"http:\/\/www.w3.org\/2000\/svg\" width=\"12\" height=\"12\" fill=\"none\" viewBox=\"0 0 12 12\">\n\t\t\t\t<path fill=\"#fff\" d=\"M2 0a2 2 0 0 0-2 2v2h1.5V2a.5.5 0 0 1 .5-.5h2V0H2Zm2 10.5H2a.5.5 0 0 1-.5-.5V8H0v2a2 2 0 0 0 2 2h2v-1.5ZM8 12v-1.5h2a.5.5 0 0 0 .5-.5V8H12v2a2 2 0 0 1-2 2H8Zm2-12a2 2 0 0 1 2 2v2h-1.5V2a.5.5 0 0 0-.5-.5H8V0h2Z\" \/>\n\t\t\t<\/svg>\n\t\t<\/button><\/figure>\n<\/figure>\n","protected":false},"excerpt":{"rendered":"<p>L&rsquo;Universit\u00e9 Abdelmalek Essaadi et la Facult\u00e9 de M\u00e9decine et de Pharmacie de Tanger ont men\u00e9 conjointement avec l&rsquo;Agence de R\u00e9glementation des Activit\u00e9s relatives au Cannabis (ANRAC) et le Centre Hospitalier Universitaire Mohammed VI de Tanger (CHU) une journ\u00e9e scientifique consacr\u00e9e <a href=\"https:\/\/fmpt.ac.ma\/website\/journee-scientifique-sur-les-vertus-et-usages-therapeutiques-du-cannabidiol-cbd-extrait-du-cannabis\/\" class=\"read-more\">Read More &#8230;<\/a><\/p>\n","protected":false},"author":2,"featured_media":0,"parent":0,"menu_order":0,"comment_status":"closed","ping_status":"closed","template":"","meta":{"footnotes":""},"class_list":["post-4331","page","type-page","status-publish","hentry"],"_links":{"self":[{"href":"https:\/\/fmpt.ac.ma\/website\/wp-json\/wp\/v2\/pages\/4331","targetHints":{"allow":["GET"]}}],"collection":[{"href":"https:\/\/fmpt.ac.ma\/website\/wp-json\/wp\/v2\/pages"}],"about":[{"href":"https:\/\/fmpt.ac.ma\/website\/wp-json\/wp\/v2\/types\/page"}],"author":[{"embeddable":true,"href":"https:\/\/fmpt.ac.ma\/website\/wp-json\/wp\/v2\/users\/2"}],"replies":[{"embeddable":true,"href":"https:\/\/fmpt.ac.ma\/website\/wp-json\/wp\/v2\/comments?post=4331"}],"version-history":[{"count":7,"href":"https:\/\/fmpt.ac.ma\/website\/wp-json\/wp\/v2\/pages\/4331\/revisions"}],"predecessor-version":[{"id":4343,"href":"https:\/\/fmpt.ac.ma\/website\/wp-json\/wp\/v2\/pages\/4331\/revisions\/4343"}],"wp:attachment":[{"href":"https:\/\/fmpt.ac.ma\/website\/wp-json\/wp\/v2\/media?parent=4331"}],"curies":[{"name":"wp","href":"https:\/\/api.w.org\/{rel}","templated":true}]}}