{"id":5190,"date":"2025-09-02T11:55:59","date_gmt":"2025-09-02T09:55:59","guid":{"rendered":"https:\/\/fmpt.ac.ma\/website\/?page_id=5190"},"modified":"2026-03-04T15:46:08","modified_gmt":"2026-03-04T14:46:08","slug":"affaires-administratives-rh","status":"publish","type":"page","link":"https:\/\/fmpt.ac.ma\/website\/affaires-administratives-rh\/","title":{"rendered":"Affaires Administratives &amp; RH"},"content":{"rendered":"\n<h1 class=\"wp-block-heading has-text-align-center\" style=\"font-size:60px\">Annonces des Concours<\/h1>\n\n\n\n<div class=\"wp-block-columns is-layout-flex wp-container-core-columns-is-layout-9d6595d7 wp-block-columns-is-layout-flex\">\n<div class=\"wp-block-column is-layout-flow wp-block-column-is-layout-flow\"><div class=\"wp-block-image\">\n<figure class=\"aligncenter size-full is-resized\"><a href=\"https:\/\/fmpt.ac.ma\/website\/2025\/09\/03\/le-recrutement-du-personnel-administratif-annonces\"><img loading=\"lazy\" decoding=\"async\" width=\"270\" height=\"270\" src=\"https:\/\/fmpt.ac.ma\/website\/wp-content\/uploads\/2025\/09\/2.png\" alt=\"\" class=\"wp-image-5183\" style=\"width:150px\" srcset=\"https:\/\/fmpt.ac.ma\/website\/wp-content\/uploads\/2025\/09\/2.png 270w, https:\/\/fmpt.ac.ma\/website\/wp-content\/uploads\/2025\/09\/2-180x180.png 180w\" sizes=\"auto, (max-width: 270px) 100vw, 270px\" \/><\/a><\/figure>\n<\/div>\n\n\n<p class=\"has-text-align-center has-text-color has-link-color wp-elements-ac2bb7dc6121896b3ba92ad8abe493ea\" style=\"color:#134a6d;font-size:20px\"><strong><a href=\"https:\/\/fmpt.ac.ma\/website\/2025\/09\/03\/le-recrutement-du-personnel-administratif-annonces\" data-type=\"link\" data-id=\"https:\/\/fmpt.ac.ma\/website\/2025\/09\/03\/le-recrutement-du-personnel-administratif-annonces\">Le recrutement du Personnel Administratif<\/a><\/strong><\/p>\n<\/div>\n\n\n\n<div class=\"wp-block-column is-layout-flow wp-block-column-is-layout-flow\"><div class=\"wp-block-image\">\n<figure class=\"aligncenter size-full is-resized\"><a href=\"https:\/\/fmpt.ac.ma\/website\/2025\/09\/03\/le-recrutement-du-corps-professoral-annonces\"><img loading=\"lazy\" decoding=\"async\" width=\"270\" height=\"270\" src=\"https:\/\/fmpt.ac.ma\/website\/wp-content\/uploads\/2025\/09\/2.png\" alt=\"\" class=\"wp-image-5183\" style=\"width:150px\" srcset=\"https:\/\/fmpt.ac.ma\/website\/wp-content\/uploads\/2025\/09\/2.png 270w, https:\/\/fmpt.ac.ma\/website\/wp-content\/uploads\/2025\/09\/2-180x180.png 180w\" sizes=\"auto, (max-width: 270px) 100vw, 270px\" \/><\/a><\/figure>\n<\/div>\n\n\n<p class=\"has-text-align-center has-text-color has-link-color wp-elements-ed8d94cb4de0b52706b1fe2f33bbedce\" style=\"color:#134a6d;font-size:20px\"><strong><a href=\"https:\/\/fmpt.ac.ma\/website\/2025\/09\/03\/le-recrutement-du-corps-professoral-annonces\" data-type=\"link\" data-id=\"https:\/\/fmpt.ac.ma\/website\/2025\/09\/03\/le-recrutement-du-corps-professoral-annonces\">Le recrutement du Corps Professoral<\/a><\/strong><\/p>\n<\/div>\n\n\n\n<div class=\"wp-block-column is-layout-flow wp-block-column-is-layout-flow\"><div class=\"wp-block-image\">\n<figure class=\"aligncenter size-full is-resized\"><a href=\"https:\/\/fmpt.ac.ma\/website\/2025\/09\/03\/le-concours-dinternat-et-residanat-annonces\"><img loading=\"lazy\" decoding=\"async\" width=\"270\" height=\"270\" src=\"https:\/\/fmpt.ac.ma\/website\/wp-content\/uploads\/2025\/09\/2.png\" alt=\"\" class=\"wp-image-5183\" style=\"width:150px\" srcset=\"https:\/\/fmpt.ac.ma\/website\/wp-content\/uploads\/2025\/09\/2.png 270w, https:\/\/fmpt.ac.ma\/website\/wp-content\/uploads\/2025\/09\/2-180x180.png 180w\" sizes=\"auto, (max-width: 270px) 100vw, 270px\" \/><\/a><\/figure>\n<\/div>\n\n\n<p class=\"has-text-align-center has-text-color has-link-color wp-elements-190a611b7800cfca532d3d167779fe19\" style=\"color:#134a6d;font-size:20px\"><a href=\"https:\/\/fmpt.ac.ma\/website\/2025\/09\/03\/le-concours-dinternat-et-residanat-annonces\" data-type=\"link\" data-id=\"https:\/\/fmpt.ac.ma\/website\/2025\/09\/03\/le-concours-dinternat-et-residanat-annonces\"><strong>Le concours d&rsquo;Internat<\/strong> <strong>et de R\u00e9sidanat<\/strong><\/a><\/p>\n<\/div>\n<\/div>\n\n\n\n<div style=\"height:40px\" aria-hidden=\"true\" class=\"wp-block-spacer\"><\/div>\n\n\n\n<h1 class=\"wp-block-heading has-text-align-center\" style=\"font-size:60px\">R\u00e9sultats des Concours <\/h1>\n\n\n\n<div class=\"wp-block-columns is-layout-flex wp-container-core-columns-is-layout-9d6595d7 wp-block-columns-is-layout-flex\">\n<div class=\"wp-block-column is-layout-flow wp-block-column-is-layout-flow\"><div class=\"wp-block-image\">\n<figure class=\"aligncenter size-full is-resized\"><a href=\"https:\/\/fmpt.ac.ma\/website\/2025\/09\/03\/resultats-des-concours-de-recrutement-du-personnel-administratif\/\"><img loading=\"lazy\" decoding=\"async\" width=\"270\" height=\"270\" src=\"https:\/\/fmpt.ac.ma\/website\/wp-content\/uploads\/2025\/09\/2.png\" alt=\"\" class=\"wp-image-5183\" style=\"width:150px\" srcset=\"https:\/\/fmpt.ac.ma\/website\/wp-content\/uploads\/2025\/09\/2.png 270w, https:\/\/fmpt.ac.ma\/website\/wp-content\/uploads\/2025\/09\/2-180x180.png 180w\" sizes=\"auto, (max-width: 270px) 100vw, 270px\" \/><\/a><\/figure>\n<\/div>\n\n\n<p class=\"has-text-align-center has-text-color has-link-color wp-elements-eacc5c7786a97e27a6b8887b259735d6\" style=\"color:#134a6d;font-size:20px\"><strong><strong><a href=\"https:\/\/fmpt.ac.ma\/website\/2025\/09\/03\/resultats-des-concours-de-recrutement-du-personnel-administratif\/\" data-type=\"link\" data-id=\"https:\/\/fmpt.ac.ma\/website\/2025\/09\/03\/resultats-des-concours-de-recrutement-du-personnel-administratif\/\">R\u00e9sultats des Concours de Recrutement du Personnel Administratif<\/a><\/strong><\/strong><\/p>\n<\/div>\n\n\n\n<div class=\"wp-block-column is-layout-flow wp-block-column-is-layout-flow\"><div class=\"wp-block-image\">\n<figure class=\"aligncenter size-full is-resized\"><a href=\"https:\/\/fmpt.ac.ma\/website\/resultats-des-concours-de-recrutement-du-corps-professoral\/\"><img loading=\"lazy\" decoding=\"async\" width=\"270\" height=\"270\" src=\"https:\/\/fmpt.ac.ma\/website\/wp-content\/uploads\/2025\/09\/2.png\" alt=\"\" class=\"wp-image-5183\" style=\"width:150px\" srcset=\"https:\/\/fmpt.ac.ma\/website\/wp-content\/uploads\/2025\/09\/2.png 270w, https:\/\/fmpt.ac.ma\/website\/wp-content\/uploads\/2025\/09\/2-180x180.png 180w\" sizes=\"auto, (max-width: 270px) 100vw, 270px\" \/><\/a><\/figure>\n<\/div>\n\n\n<p class=\"has-text-align-center has-text-color has-link-color wp-elements-0ffba10d871f8ef28f7f26641ea52ebf\" style=\"color:#134a6d;font-size:20px\"><strong><strong><a href=\"https:\/\/fmpt.ac.ma\/website\/resultats-des-concours-de-recrutement-du-corps-professoral\/\" data-type=\"link\" data-id=\"https:\/\/fmpt.ac.ma\/website\/resultats-des-concours-de-recrutement-du-corps-professoral\/\"><strong><strong>R\u00e9sultats des Concours de <\/strong><\/strong>Recrutement du Corps Professoral<\/a><\/strong><\/strong><\/p>\n<\/div>\n\n\n\n<div class=\"wp-block-column is-layout-flow wp-block-column-is-layout-flow\"><div class=\"wp-block-image\">\n<figure class=\"aligncenter size-full is-resized\"><a href=\"https:\/\/fmpt.ac.ma\/website\/resultats-des-concours-de-concours-dinternat-et-residanat\/\"><img loading=\"lazy\" decoding=\"async\" width=\"270\" height=\"270\" src=\"https:\/\/fmpt.ac.ma\/website\/wp-content\/uploads\/2025\/09\/2.png\" alt=\"\" class=\"wp-image-5183\" style=\"width:150px\" srcset=\"https:\/\/fmpt.ac.ma\/website\/wp-content\/uploads\/2025\/09\/2.png 270w, https:\/\/fmpt.ac.ma\/website\/wp-content\/uploads\/2025\/09\/2-180x180.png 180w\" sizes=\"auto, (max-width: 270px) 100vw, 270px\" \/><\/a><\/figure>\n<\/div>\n\n\n<p class=\"has-text-align-center has-text-color has-link-color wp-elements-2c1e0bb858af603144463f1acd0115e7\" style=\"color:#134a6d;font-size:20px\"><a href=\"https:\/\/fmpt.ac.ma\/website\/resultats-des-concours-de-concours-dinternat-et-residanat\/\" data-type=\"link\" data-id=\"https:\/\/fmpt.ac.ma\/website\/resultats-des-concours-de-concours-dinternat-et-residanat\/\"><strong><strong><strong>R\u00e9sultats des Concours <\/strong><\/strong>d&rsquo;Internat<\/strong> <strong>et de R\u00e9sidanat<\/strong><\/a><\/p>\n<\/div>\n<\/div>\n\n\n\n<div style=\"height:40px\" aria-hidden=\"true\" class=\"wp-block-spacer\"><\/div>\n\n\n\n<h1 class=\"wp-block-heading has-text-align-center\" style=\"font-size:60px\">Dispositions Relatifs au D\u00e9roulement <br>des Concours<\/h1>\n\n\n\n<div style=\"height:40px\" aria-hidden=\"true\" class=\"wp-block-spacer\"><\/div>\n\n\n\n<div class=\"wp-block-columns are-vertically-aligned-top is-layout-flex wp-container-core-columns-is-layout-9d6595d7 wp-block-columns-is-layout-flex\">\n<div class=\"wp-block-column is-vertically-aligned-top is-layout-flow wp-block-column-is-layout-flow\" style=\"flex-basis:260px\"><div class=\"wp-block-image\">\n<figure class=\"aligncenter size-full is-resized\"><a href=\"https:\/\/fmpt.ac.ma\/website\/2026\/03\/03\/modalites-du-deroulement-du-concours-dagregation\/\"><img loading=\"lazy\" decoding=\"async\" width=\"1024\" height=\"1024\" src=\"https:\/\/fmpt.ac.ma\/website\/wp-content\/uploads\/2025\/10\/ChatGPT-Image-22-oct.-2025-10_08_45.png\" alt=\"\" class=\"wp-image-7185\" style=\"width:170px\" srcset=\"https:\/\/fmpt.ac.ma\/website\/wp-content\/uploads\/2025\/10\/ChatGPT-Image-22-oct.-2025-10_08_45.png 1024w, https:\/\/fmpt.ac.ma\/website\/wp-content\/uploads\/2025\/10\/ChatGPT-Image-22-oct.-2025-10_08_45-600x600.png 600w, https:\/\/fmpt.ac.ma\/website\/wp-content\/uploads\/2025\/10\/ChatGPT-Image-22-oct.-2025-10_08_45-180x180.png 180w, https:\/\/fmpt.ac.ma\/website\/wp-content\/uploads\/2025\/10\/ChatGPT-Image-22-oct.-2025-10_08_45-768x768.png 768w, https:\/\/fmpt.ac.ma\/website\/wp-content\/uploads\/2025\/10\/ChatGPT-Image-22-oct.-2025-10_08_45-270x270.png 270w\" sizes=\"auto, (max-width: 1024px) 100vw, 1024px\" \/><\/a><\/figure>\n<\/div>\n\n\n<h2 class=\"wp-block-heading has-text-align-center\" style=\"font-size:21px\"><a href=\"https:\/\/fmpt.ac.ma\/website\/2026\/03\/03\/modalites-du-deroulement-du-concours-dagregation\/\"><strong>Concours d&rsquo;Agr\u00e9gation<\/strong><\/a><\/h2>\n<\/div>\n\n\n\n<div class=\"wp-block-column is-layout-flow wp-block-column-is-layout-flow\"><\/div>\n\n\n\n<div class=\"wp-block-column is-vertically-aligned-top is-layout-flow wp-block-column-is-layout-flow\" style=\"flex-basis:260px\"><div class=\"wp-block-image\">\n<figure class=\"aligncenter size-full is-resized\"><a href=\"https:\/\/fmpt.ac.ma\/website\/2026\/03\/03\/modalites-du-deroulement-du-concours-de-recructement-des-maitre-de-conferences\/\"><img loading=\"lazy\" decoding=\"async\" width=\"1024\" height=\"1024\" src=\"https:\/\/fmpt.ac.ma\/website\/wp-content\/uploads\/2025\/10\/ChatGPT-Image-22-oct.-2025-10_08_45.png\" alt=\"\" class=\"wp-image-7185\" style=\"width:170px\" srcset=\"https:\/\/fmpt.ac.ma\/website\/wp-content\/uploads\/2025\/10\/ChatGPT-Image-22-oct.-2025-10_08_45.png 1024w, https:\/\/fmpt.ac.ma\/website\/wp-content\/uploads\/2025\/10\/ChatGPT-Image-22-oct.-2025-10_08_45-600x600.png 600w, https:\/\/fmpt.ac.ma\/website\/wp-content\/uploads\/2025\/10\/ChatGPT-Image-22-oct.-2025-10_08_45-180x180.png 180w, https:\/\/fmpt.ac.ma\/website\/wp-content\/uploads\/2025\/10\/ChatGPT-Image-22-oct.-2025-10_08_45-768x768.png 768w, https:\/\/fmpt.ac.ma\/website\/wp-content\/uploads\/2025\/10\/ChatGPT-Image-22-oct.-2025-10_08_45-270x270.png 270w\" sizes=\"auto, (max-width: 1024px) 100vw, 1024px\" \/><\/a><\/figure>\n<\/div>\n\n\n<h2 class=\"wp-block-heading has-text-align-center\" style=\"font-size:21px\"><a href=\"https:\/\/fmpt.ac.ma\/website\/2026\/03\/03\/modalites-du-deroulement-du-concours-de-recructement-des-maitre-de-conferences\/\"><strong>Concours de Recrutement des Ma\u00eetres de conf\u00e9rences<\/strong><\/a><\/h2>\n<\/div>\n<\/div>\n\n\n\n<div style=\"height:40px\" aria-hidden=\"true\" class=\"wp-block-spacer\"><\/div>\n\n\n\n<h1 class=\"wp-block-heading has-text-align-center has-text-color has-link-color wp-elements-b1398de1b8ba3bb83e15e94f72d52126\" style=\"color:#bf900e;font-size:40px\"><strong><em>G\u00e9rez toutes vos demandes RH en un seul clic! <\/em><\/strong><\/h1>\n\n\n\n<div class=\"wp-block-group is-vertical is-content-justification-center is-layout-flex wp-container-core-group-is-layout-4b2eccd6 wp-block-group-is-layout-flex\">\n<div class=\"wp-block-buttons is-content-justification-center is-layout-flex wp-container-core-buttons-is-layout-16018d1d wp-block-buttons-is-layout-flex\">\n<div class=\"wp-block-button is-style-fill\"><a class=\"wp-block-button__link has-white-color has-text-color has-background has-link-color has-custom-font-size wp-element-button\" href=\"https:\/\/efmpt.uae.ac.ma\/e-fmpt\/public\/login\" style=\"background:linear-gradient(135deg,rgb(10,23,119) 0%,rgb(209,161,56) 92%);font-size:25px\"><strong><em>Acc\u00e9dez \u00e0 la plateforme RH<\/em><\/strong><\/a><\/div>\n<\/div>\n<\/div>\n\n\n\n<p class=\"has-text-align-center has-text-color has-link-color wp-elements-fba1cfea1f1c03f94fd6f78fed0ce4d9\" style=\"color:#91a6c5\"><strong><em>(Uniquement pour le personnel administratif et le corps professoral)<\/em><\/strong><\/p>\n","protected":false},"excerpt":{"rendered":"<p>Annonces des Concours Le recrutement du Personnel Administratif Le recrutement du Corps Professoral Le concours d&rsquo;Internat et de R\u00e9sidanat R\u00e9sultats des Concours R\u00e9sultats des Concours de Recrutement du Personnel Administratif R\u00e9sultats des Concours de Recrutement du Corps Professoral R\u00e9sultats des <a href=\"https:\/\/fmpt.ac.ma\/website\/affaires-administratives-rh\/\" class=\"read-more\">Read More &#8230;<\/a><\/p>\n","protected":false},"author":1,"featured_media":0,"parent":0,"menu_order":0,"comment_status":"closed","ping_status":"closed","template":"","meta":{"footnotes":""},"class_list":["post-5190","page","type-page","status-publish","hentry"],"_links":{"self":[{"href":"https:\/\/fmpt.ac.ma\/website\/wp-json\/wp\/v2\/pages\/5190","targetHints":{"allow":["GET"]}}],"collection":[{"href":"https:\/\/fmpt.ac.ma\/website\/wp-json\/wp\/v2\/pages"}],"about":[{"href":"https:\/\/fmpt.ac.ma\/website\/wp-json\/wp\/v2\/types\/page"}],"author":[{"embeddable":true,"href":"https:\/\/fmpt.ac.ma\/website\/wp-json\/wp\/v2\/users\/1"}],"replies":[{"embeddable":true,"href":"https:\/\/fmpt.ac.ma\/website\/wp-json\/wp\/v2\/comments?post=5190"}],"version-history":[{"count":62,"href":"https:\/\/fmpt.ac.ma\/website\/wp-json\/wp\/v2\/pages\/5190\/revisions"}],"predecessor-version":[{"id":8118,"href":"https:\/\/fmpt.ac.ma\/website\/wp-json\/wp\/v2\/pages\/5190\/revisions\/8118"}],"wp:attachment":[{"href":"https:\/\/fmpt.ac.ma\/website\/wp-json\/wp\/v2\/media?parent=5190"}],"curies":[{"name":"wp","href":"https:\/\/api.w.org\/{rel}","templated":true}]}}