{"id":596,"date":"2024-03-04T13:25:56","date_gmt":"2024-03-04T12:25:56","guid":{"rendered":"https:\/\/fmpt.ac.ma\/website\/?page_id=596"},"modified":"2025-10-21T19:41:25","modified_gmt":"2025-10-21T17:41:25","slug":"bibliotheque","status":"publish","type":"page","link":"https:\/\/fmpt.ac.ma\/website\/bibliotheque\/","title":{"rendered":"Le Centre de Documentation et d\u2019Information M\u00e9dicale (C.D.I.M)"},"content":{"rendered":"\n<figure class=\"wp-block-video\"><video controls src=\"https:\/\/fmpt.ac.ma\/Biblio\/Video Biblio FMPT.mov\"><\/video><\/figure>\n\n\n\n<div style=\"height:45px\" aria-hidden=\"true\" class=\"wp-block-spacer\"><\/div>\n\n\n\n<p class=\"has-black-color has-text-color has-link-color has-medium-font-size wp-elements-ccb08be9e62fff1a37e00de4a633c8db\">Le Centre de Documentation et d\u2019Information M\u00e9dicale (C.D.I.M) est un service administratif de la Facult\u00e9 de M\u00e9decine et de Pharmacie de Tanger (FMPT) ayant un caract\u00e8re p\u00e9dagogique dont le r\u00f4le est d\u2019accompagner l\u2019\u00e9tudiant et de soutenir l\u2019enseignant dans ses activit\u00e9s.<\/p>\n\n\n\n<p class=\"has-black-color has-text-color has-link-color has-medium-font-size wp-elements-05bb92105d881952dc479338f46c5d13\">Sous la tutelle du Service de Recherche, Partenariats, Coop\u00e9rations et Stages (SRPCS) de la FMPT, l&rsquo;objectif phare du C.D.I.M. r\u00e9side dans la collecte, la gestion, la conservation et la mise \u00e0 disposition des ressources documentaires utiles \u00e0 l&rsquo;enseignement et \u00e0 la recherche dans le domaine des sciences de la sant\u00e9.&nbsp;<\/p>\n\n\n\n<figure class=\"wp-block-video\"><\/figure>\n\n\n\n<div style=\"height:22px\" aria-hidden=\"true\" class=\"wp-block-spacer\"><\/div>\n\n\n\n<div style=\"height:35px\" aria-hidden=\"true\" class=\"wp-block-spacer\"><\/div>\n\n\n\n<h2 class=\"wp-block-heading has-black-color has-text-color has-link-color wp-elements-bb3511b387bde03380c659436e13c529\">Missions du C.D.I.M.<\/h2>\n\n\n\n<div style=\"height:15px\" aria-hidden=\"true\" class=\"wp-block-spacer\"><\/div>\n\n\n\n<p class=\"has-black-color has-text-color has-link-color has-medium-font-size wp-elements-86ed53890b49240a707757047883e4c4\"> &#8211; Promouvoir et faciliter l\u2019acc\u00e8s \u00e0 l\u2019information m\u00e9dicale.<\/p>\n\n\n\n<p class=\"has-black-color has-text-color has-link-color has-medium-font-size wp-elements-87eb60b01cfd586c4e1f5fe7199ff8f2\">&#8211; Etre le centre de r\u00e9f\u00e9rence pour toute information nouvelle et pointue.<\/p>\n\n\n\n<p class=\"has-black-color has-text-color has-link-color has-medium-font-size wp-elements-4053b375b86309cedd4659555614a6e1\">&#8211; Veiller sur la productivit\u00e9 des chercheurs, leur accompagner dans leur recherche et am\u00e9liorer leur visibilit\u00e9 \u00e0 l\u2019\u00e9chelle internationale.<\/p>\n\n\n\n<div style=\"height:24px\" aria-hidden=\"true\" class=\"wp-block-spacer\"><\/div>\n\n\n\n<h2 class=\"wp-block-heading has-black-color has-text-color has-link-color wp-elements-101821b0294f2ba436d5a4bb7ab48417\">Ressources Documentaires<\/h2>\n\n\n\n<p class=\"has-black-color has-text-color has-link-color has-medium-font-size wp-elements-217a54fc75568422eb4fc87f18c74b61\">Le C.D.I.M de la Facult\u00e9 de M\u00e9decine et de Pharmacie de Tanger met \u00e0 la disposition de ses utilisateurs une collection de plus de 2 260 ouvrages en version papier, r\u00e9partis en 36 cat\u00e9gories couvrant un large \u00e9ventail de sujets tels que les sciences pr\u00e9cliniques, les sp\u00e9cialit\u00e9s m\u00e9dicales, les sp\u00e9cialit\u00e9s chirurgicales et la sant\u00e9 publique.<\/p>\n\n\n\n<p class=\"has-black-color has-text-color has-link-color has-medium-font-size wp-elements-f428da0ad66871033d5429f691009b5a\">En compl\u00e9ment de ces ressources physiques, le CDIM propose un acc\u00e8s \u00e0 des bases de donn\u00e9es en ligne de renomm\u00e9e mondiale, notamment <strong>ClinicalKey<\/strong>, <strong>Scopus<\/strong>, <strong>ScienceDirect<\/strong>, <strong>Web of Science <\/strong>et <strong>HINARI<\/strong>, assurant ainsi une couverture exhaustive des derni\u00e8res avanc\u00e9es en mati\u00e8re de recherche m\u00e9dicale et scientifique.<\/p>\n\n\n\n<p class=\"has-black-color has-text-color has-link-color has-medium-font-size wp-elements-0f1a30ff66472710fd314e4e52dc9f8f\">Ces initiatives visent \u00e0 renforcer les comp\u00e9tences des \u00e9tudiants et des chercheurs, \u00e0 accro\u00eetre leur visibilit\u00e9 et leur comp\u00e9titivit\u00e9 internationale tout en garantissant un acc\u00e8s \u00e9quitable \u00e0 des ressources documentaires de qualit\u00e9 contribuant ainsi \u00e0 l\u2019excellence acad\u00e9mique et \u00e0 l&rsquo;innovation scientifique.<\/p>\n\n\n\n<div style=\"height:35px\" aria-hidden=\"true\" class=\"wp-block-spacer\"><\/div>\n\n\n\n<div class=\"wp-block-group is-content-justification-space-between is-nowrap is-layout-flex wp-container-core-group-is-layout-0dfbf163 wp-block-group-is-layout-flex\">\n<h2 class=\"wp-block-heading has-black-color has-text-color has-link-color wp-elements-a1e4f977b784d2ef029e7b68150924c7\">Le Catalogue d&rsquo;Ouvrages<\/h2>\n\n\n\n<div style=\"height:100px;width:0px\" aria-hidden=\"true\" class=\"wp-block-spacer wp-container-content-6388d5dc\"><\/div>\n\n\n\n<div style=\"height:44px;width:0px\" aria-hidden=\"true\" class=\"wp-block-spacer wp-container-content-442e7b1a\"><\/div>\n<\/div>\n\n\n\n<div class=\"wp-block-buttons is-content-justification-left is-layout-flex wp-container-core-buttons-is-layout-fdcfc74e wp-block-buttons-is-layout-flex\">\n<div class=\"wp-block-button\"><a class=\"wp-block-button__link has-white-color has-midnight-gradient-background has-text-color has-background has-link-color has-text-align-center wp-element-button\" href=\"https:\/\/www.fmpt.ac.ma\/Biblio\/Catalogue d'ouvrages de la biblioth\u00e8que de la FMPT - Sheet1.pdf\">Consulter le catalogue<\/a><\/div>\n<\/div>\n\n\n\n<div style=\"height:29px\" aria-hidden=\"true\" class=\"wp-block-spacer\"><\/div>\n\n\n\n<div style=\"height:34px\" aria-hidden=\"true\" class=\"wp-block-spacer\"><\/div>\n\n\n\n<h2 class=\"wp-block-heading has-text-align-left has-black-color has-text-color has-link-color wp-elements-591dd8b7fc77a9e686b54d8cfbcec230\"> Le R\u00e8glement int\u00e9rieur du C.D.I.M.<\/h2>\n\n\n\n<div class=\"wp-block-buttons is-content-justification-left is-layout-flex wp-container-core-buttons-is-layout-fdcfc74e wp-block-buttons-is-layout-flex\">\n<div class=\"wp-block-button\"><a class=\"wp-block-button__link has-midnight-gradient-background has-background wp-element-button\" href=\"https:\/\/www.fmpt.ac.ma\/website\/wp-content\/uploads\/2024\/10\/Reglement-Interieur-CDIM.pdf\">Consulter le r\u00e8glement<\/a><\/div>\n<\/div>\n\n\n\n<div style=\"height:56px\" aria-hidden=\"true\" class=\"wp-block-spacer\"><\/div>\n\n\n\n<h2 class=\"wp-block-heading has-black-color has-text-color has-link-color wp-elements-56690c92e2c37c36159aa6554e58819f\">Solution anti-plagiat&nbsp;<\/h2>\n\n\n\n<div style=\"height:21px\" aria-hidden=\"true\" class=\"wp-block-spacer\"><\/div>\n\n\n\n<p class=\"has-text-color has-link-color has-medium-font-size wp-elements-190abbeb04e27c5d3bf54c0ad1bbf966\" style=\"color:#152443\">Le<strong> <a href=\"https:\/\/www.cnrst.ma\/fr\/\">CNRST<\/a><\/strong>, par l&rsquo;interm\u00e9diaire de <strong>l&rsquo;<a href=\"https:\/\/www.imist.ma\/\">IMIST<\/a>,<\/strong> a \u00e9galement mis \u00e0 disposition du consortium des universit\u00e9s marocaines une solution anti-plagiat<strong> <a href=\"https:\/\/app.ithenticate.com\/fr\/login\">iThenticate<\/a><\/strong> visant \u00e0 garantir l&rsquo;int\u00e9grit\u00e9 et l&rsquo;originalit\u00e9 des travaux acad\u00e9miques. Cette initiative renforce la qualit\u00e9 des recherches et favorise un environnement acad\u00e9mique rigoureux.<\/p>\n\n\n\n<p class=\"has-text-color has-link-color has-medium-font-size wp-elements-1c2df06e3ebb6a6ca0fa0849cc9b160a\" style=\"color:#152443\">\u00c0 la FMPT, l&rsquo;acceptation des th\u00e8ses de m\u00e9decine et de pharmacie est conditionn\u00e9e au respect d&rsquo;un seuil de similitude \u00e9tabli \u00e0 <strong>25 %<\/strong>, assurant ainsi le respect des normes \u00e9thiques en mati\u00e8re de recherche.<\/p>\n\n\n\n<p class=\"has-text-color has-link-color wp-elements-6b077bef4bf5112a81e5ab0588c8d55e\" style=\"color:#152443\"><\/p>\n\n\n\n<p><\/p>\n","protected":false},"excerpt":{"rendered":"<p>Le Centre de Documentation et d\u2019Information M\u00e9dicale (C.D.I.M) est un service administratif de la Facult\u00e9 de M\u00e9decine et de Pharmacie de Tanger (FMPT) ayant un caract\u00e8re p\u00e9dagogique dont le r\u00f4le est d\u2019accompagner l\u2019\u00e9tudiant et de soutenir l\u2019enseignant dans ses activit\u00e9s. <a href=\"https:\/\/fmpt.ac.ma\/website\/bibliotheque\/\" class=\"read-more\">Read More &#8230;<\/a><\/p>\n","protected":false},"author":1,"featured_media":0,"parent":0,"menu_order":0,"comment_status":"closed","ping_status":"closed","template":"","meta":{"footnotes":""},"class_list":["post-596","page","type-page","status-publish","hentry"],"_links":{"self":[{"href":"https:\/\/fmpt.ac.ma\/website\/wp-json\/wp\/v2\/pages\/596","targetHints":{"allow":["GET"]}}],"collection":[{"href":"https:\/\/fmpt.ac.ma\/website\/wp-json\/wp\/v2\/pages"}],"about":[{"href":"https:\/\/fmpt.ac.ma\/website\/wp-json\/wp\/v2\/types\/page"}],"author":[{"embeddable":true,"href":"https:\/\/fmpt.ac.ma\/website\/wp-json\/wp\/v2\/users\/1"}],"replies":[{"embeddable":true,"href":"https:\/\/fmpt.ac.ma\/website\/wp-json\/wp\/v2\/comments?post=596"}],"version-history":[{"count":33,"href":"https:\/\/fmpt.ac.ma\/website\/wp-json\/wp\/v2\/pages\/596\/revisions"}],"predecessor-version":[{"id":7031,"href":"https:\/\/fmpt.ac.ma\/website\/wp-json\/wp\/v2\/pages\/596\/revisions\/7031"}],"wp:attachment":[{"href":"https:\/\/fmpt.ac.ma\/website\/wp-json\/wp\/v2\/media?parent=596"}],"curies":[{"name":"wp","href":"https:\/\/api.w.org\/{rel}","templated":true}]}}