{"id":6145,"date":"2025-09-26T16:33:31","date_gmt":"2025-09-26T14:33:31","guid":{"rendered":"https:\/\/fmpt.ac.ma\/website\/?page_id=6145"},"modified":"2025-09-26T16:46:45","modified_gmt":"2025-09-26T14:46:45","slug":"journee-dinauguration-pour-lannee-universitaire-2025-2026","status":"publish","type":"page","link":"https:\/\/fmpt.ac.ma\/website\/journee-dinauguration-pour-lannee-universitaire-2025-2026\/","title":{"rendered":"Journ\u00e9e d&rsquo;inauguration pour l&rsquo;ann\u00e9e universitaire 2025-2026"},"content":{"rendered":"\n<p class=\"has-black-color has-text-color has-link-color has-medium-font-size wp-elements-0c8f183fbeb18a64c963c4ecea48cdcd\">Le doyen de la facult\u00e9 de m\u00e9decine et de pharmacie de Tanger, le vice-doyen \u00e0 la formation, le vice-doyen \u00e0 la recherche scientifique et la vice-doyenne \u00e0 la pharmacie ont accueilli les \u00e9tudiants de premi\u00e8re ann\u00e9e de m\u00e9decine et de pharmacie en leur souhaitant une excellente rentr\u00e9e. L&rsquo;\u00e9quipe d\u00e9canale a soulign\u00e9 l&rsquo;importance de la discipline et du respect total des valeurs essentielles de notre facult\u00e9 afin de former des m\u00e9decins et des pharmaciens \u00e0 la fois comp\u00e9tents et humains !<\/p>\n\n\n\n<p class=\"has-black-color has-text-color has-link-color has-medium-font-size wp-elements-f31349ccc364c6013be4fffb79c71fbd\"><strong>NB :<\/strong> Une journ\u00e9e d&rsquo;int\u00e9gration sera organis\u00e9e et la date exacte vous sera communiqu\u00e9 ult\u00e9rieurement<\/p>\n\n\n\n<div style=\"height:68px\" aria-hidden=\"true\" class=\"wp-block-spacer\"><\/div>\n\n\n\n<figure class=\"wp-block-gallery has-nested-images columns-default is-cropped wp-block-gallery-1 is-layout-flex wp-block-gallery-is-layout-flex\">\n<figure data-wp-context=\"{&quot;imageId&quot;:&quot;69dcc395babef&quot;}\" data-wp-interactive=\"core\/image\" data-wp-key=\"69dcc395babef\" class=\"wp-block-image size-large wp-lightbox-container\"><img loading=\"lazy\" decoding=\"async\" width=\"1024\" height=\"419\" data-wp-class--hide=\"state.isContentHidden\" data-wp-class--show=\"state.isContentVisible\" data-wp-init=\"callbacks.setButtonStyles\" data-wp-on--click=\"actions.showLightbox\" data-wp-on--load=\"callbacks.setButtonStyles\" data-wp-on-window--resize=\"callbacks.setButtonStyles\" data-id=\"6153\" src=\"https:\/\/fmpt.ac.ma\/website\/wp-content\/uploads\/2025\/09\/rentre-universitaire-066-1-1024x419.jpg\" alt=\"\" class=\"wp-image-6153\" srcset=\"https:\/\/fmpt.ac.ma\/website\/wp-content\/uploads\/2025\/09\/rentre-universitaire-066-1-1024x419.jpg 1024w, https:\/\/fmpt.ac.ma\/website\/wp-content\/uploads\/2025\/09\/rentre-universitaire-066-1-768x314.jpg 768w, https:\/\/fmpt.ac.ma\/website\/wp-content\/uploads\/2025\/09\/rentre-universitaire-066-1-1536x628.jpg 1536w, https:\/\/fmpt.ac.ma\/website\/wp-content\/uploads\/2025\/09\/rentre-universitaire-066-1-2048x838.jpg 2048w, https:\/\/fmpt.ac.ma\/website\/wp-content\/uploads\/2025\/09\/rentre-universitaire-066-1-360x147.jpg 360w\" sizes=\"auto, (max-width: 1024px) 100vw, 1024px\" \/><button\n\t\t\tclass=\"lightbox-trigger\"\n\t\t\ttype=\"button\"\n\t\t\taria-haspopup=\"dialog\"\n\t\t\taria-label=\"Agrandir\"\n\t\t\tdata-wp-init=\"callbacks.initTriggerButton\"\n\t\t\tdata-wp-on--click=\"actions.showLightbox\"\n\t\t\tdata-wp-style--right=\"state.imageButtonRight\"\n\t\t\tdata-wp-style--top=\"state.imageButtonTop\"\n\t\t>\n\t\t\t<svg xmlns=\"http:\/\/www.w3.org\/2000\/svg\" width=\"12\" height=\"12\" fill=\"none\" viewBox=\"0 0 12 12\">\n\t\t\t\t<path fill=\"#fff\" d=\"M2 0a2 2 0 0 0-2 2v2h1.5V2a.5.5 0 0 1 .5-.5h2V0H2Zm2 10.5H2a.5.5 0 0 1-.5-.5V8H0v2a2 2 0 0 0 2 2h2v-1.5ZM8 12v-1.5h2a.5.5 0 0 0 .5-.5V8H12v2a2 2 0 0 1-2 2H8Zm2-12a2 2 0 0 1 2 2v2h-1.5V2a.5.5 0 0 0-.5-.5H8V0h2Z\" \/>\n\t\t\t<\/svg>\n\t\t<\/button><\/figure>\n\n\n\n<figure data-wp-context=\"{&quot;imageId&quot;:&quot;69dcc395bb39e&quot;}\" data-wp-interactive=\"core\/image\" data-wp-key=\"69dcc395bb39e\" class=\"wp-block-image size-large wp-lightbox-container\"><img loading=\"lazy\" decoding=\"async\" width=\"1024\" height=\"683\" data-wp-class--hide=\"state.isContentHidden\" data-wp-class--show=\"state.isContentVisible\" data-wp-init=\"callbacks.setButtonStyles\" data-wp-on--click=\"actions.showLightbox\" data-wp-on--load=\"callbacks.setButtonStyles\" data-wp-on-window--resize=\"callbacks.setButtonStyles\" data-id=\"6158\" src=\"https:\/\/fmpt.ac.ma\/website\/wp-content\/uploads\/2025\/09\/9th-JUIL-Personal-Pics063-1-1024x683.jpg\" alt=\"\" class=\"wp-image-6158\" srcset=\"https:\/\/fmpt.ac.ma\/website\/wp-content\/uploads\/2025\/09\/9th-JUIL-Personal-Pics063-1-1024x683.jpg 1024w, https:\/\/fmpt.ac.ma\/website\/wp-content\/uploads\/2025\/09\/9th-JUIL-Personal-Pics063-1-768x512.jpg 768w, https:\/\/fmpt.ac.ma\/website\/wp-content\/uploads\/2025\/09\/9th-JUIL-Personal-Pics063-1-1536x1024.jpg 1536w, https:\/\/fmpt.ac.ma\/website\/wp-content\/uploads\/2025\/09\/9th-JUIL-Personal-Pics063-1-2048x1365.jpg 2048w, https:\/\/fmpt.ac.ma\/website\/wp-content\/uploads\/2025\/09\/9th-JUIL-Personal-Pics063-1-360x240.jpg 360w\" sizes=\"auto, (max-width: 1024px) 100vw, 1024px\" \/><button\n\t\t\tclass=\"lightbox-trigger\"\n\t\t\ttype=\"button\"\n\t\t\taria-haspopup=\"dialog\"\n\t\t\taria-label=\"Agrandir\"\n\t\t\tdata-wp-init=\"callbacks.initTriggerButton\"\n\t\t\tdata-wp-on--click=\"actions.showLightbox\"\n\t\t\tdata-wp-style--right=\"state.imageButtonRight\"\n\t\t\tdata-wp-style--top=\"state.imageButtonTop\"\n\t\t>\n\t\t\t<svg xmlns=\"http:\/\/www.w3.org\/2000\/svg\" width=\"12\" height=\"12\" fill=\"none\" viewBox=\"0 0 12 12\">\n\t\t\t\t<path fill=\"#fff\" d=\"M2 0a2 2 0 0 0-2 2v2h1.5V2a.5.5 0 0 1 .5-.5h2V0H2Zm2 10.5H2a.5.5 0 0 1-.5-.5V8H0v2a2 2 0 0 0 2 2h2v-1.5ZM8 12v-1.5h2a.5.5 0 0 0 .5-.5V8H12v2a2 2 0 0 1-2 2H8Zm2-12a2 2 0 0 1 2 2v2h-1.5V2a.5.5 0 0 0-.5-.5H8V0h2Z\" \/>\n\t\t\t<\/svg>\n\t\t<\/button><\/figure>\n\n\n\n<figure data-wp-context=\"{&quot;imageId&quot;:&quot;69dcc395bba27&quot;}\" data-wp-interactive=\"core\/image\" data-wp-key=\"69dcc395bba27\" class=\"wp-block-image size-large wp-lightbox-container\"><img loading=\"lazy\" decoding=\"async\" width=\"1024\" height=\"683\" data-wp-class--hide=\"state.isContentHidden\" data-wp-class--show=\"state.isContentVisible\" data-wp-init=\"callbacks.setButtonStyles\" data-wp-on--click=\"actions.showLightbox\" data-wp-on--load=\"callbacks.setButtonStyles\" data-wp-on-window--resize=\"callbacks.setButtonStyles\" data-id=\"6155\" src=\"https:\/\/fmpt.ac.ma\/website\/wp-content\/uploads\/2025\/09\/9th-JUIL-Personal-Pics062-1-1-1024x683.jpg\" alt=\"\" class=\"wp-image-6155\" srcset=\"https:\/\/fmpt.ac.ma\/website\/wp-content\/uploads\/2025\/09\/9th-JUIL-Personal-Pics062-1-1-1024x683.jpg 1024w, https:\/\/fmpt.ac.ma\/website\/wp-content\/uploads\/2025\/09\/9th-JUIL-Personal-Pics062-1-1-768x512.jpg 768w, https:\/\/fmpt.ac.ma\/website\/wp-content\/uploads\/2025\/09\/9th-JUIL-Personal-Pics062-1-1-1536x1024.jpg 1536w, https:\/\/fmpt.ac.ma\/website\/wp-content\/uploads\/2025\/09\/9th-JUIL-Personal-Pics062-1-1-2048x1365.jpg 2048w, https:\/\/fmpt.ac.ma\/website\/wp-content\/uploads\/2025\/09\/9th-JUIL-Personal-Pics062-1-1-360x240.jpg 360w\" sizes=\"auto, (max-width: 1024px) 100vw, 1024px\" \/><button\n\t\t\tclass=\"lightbox-trigger\"\n\t\t\ttype=\"button\"\n\t\t\taria-haspopup=\"dialog\"\n\t\t\taria-label=\"Agrandir\"\n\t\t\tdata-wp-init=\"callbacks.initTriggerButton\"\n\t\t\tdata-wp-on--click=\"actions.showLightbox\"\n\t\t\tdata-wp-style--right=\"state.imageButtonRight\"\n\t\t\tdata-wp-style--top=\"state.imageButtonTop\"\n\t\t>\n\t\t\t<svg xmlns=\"http:\/\/www.w3.org\/2000\/svg\" width=\"12\" height=\"12\" fill=\"none\" viewBox=\"0 0 12 12\">\n\t\t\t\t<path fill=\"#fff\" d=\"M2 0a2 2 0 0 0-2 2v2h1.5V2a.5.5 0 0 1 .5-.5h2V0H2Zm2 10.5H2a.5.5 0 0 1-.5-.5V8H0v2a2 2 0 0 0 2 2h2v-1.5ZM8 12v-1.5h2a.5.5 0 0 0 .5-.5V8H12v2a2 2 0 0 1-2 2H8Zm2-12a2 2 0 0 1 2 2v2h-1.5V2a.5.5 0 0 0-.5-.5H8V0h2Z\" \/>\n\t\t\t<\/svg>\n\t\t<\/button><\/figure>\n\n\n\n<figure data-wp-context=\"{&quot;imageId&quot;:&quot;69dcc395bc0c0&quot;}\" data-wp-interactive=\"core\/image\" data-wp-key=\"69dcc395bc0c0\" class=\"wp-block-image size-large wp-lightbox-container\"><img loading=\"lazy\" decoding=\"async\" width=\"1024\" height=\"683\" data-wp-class--hide=\"state.isContentHidden\" data-wp-class--show=\"state.isContentVisible\" data-wp-init=\"callbacks.setButtonStyles\" data-wp-on--click=\"actions.showLightbox\" data-wp-on--load=\"callbacks.setButtonStyles\" data-wp-on-window--resize=\"callbacks.setButtonStyles\" data-id=\"6154\" src=\"https:\/\/fmpt.ac.ma\/website\/wp-content\/uploads\/2025\/09\/9th-JUIL-Personal-Pics054-1-1024x683.jpg\" alt=\"\" class=\"wp-image-6154\" srcset=\"https:\/\/fmpt.ac.ma\/website\/wp-content\/uploads\/2025\/09\/9th-JUIL-Personal-Pics054-1-1024x683.jpg 1024w, https:\/\/fmpt.ac.ma\/website\/wp-content\/uploads\/2025\/09\/9th-JUIL-Personal-Pics054-1-768x512.jpg 768w, https:\/\/fmpt.ac.ma\/website\/wp-content\/uploads\/2025\/09\/9th-JUIL-Personal-Pics054-1-1536x1024.jpg 1536w, https:\/\/fmpt.ac.ma\/website\/wp-content\/uploads\/2025\/09\/9th-JUIL-Personal-Pics054-1-2048x1365.jpg 2048w, https:\/\/fmpt.ac.ma\/website\/wp-content\/uploads\/2025\/09\/9th-JUIL-Personal-Pics054-1-360x240.jpg 360w\" sizes=\"auto, (max-width: 1024px) 100vw, 1024px\" \/><button\n\t\t\tclass=\"lightbox-trigger\"\n\t\t\ttype=\"button\"\n\t\t\taria-haspopup=\"dialog\"\n\t\t\taria-label=\"Agrandir\"\n\t\t\tdata-wp-init=\"callbacks.initTriggerButton\"\n\t\t\tdata-wp-on--click=\"actions.showLightbox\"\n\t\t\tdata-wp-style--right=\"state.imageButtonRight\"\n\t\t\tdata-wp-style--top=\"state.imageButtonTop\"\n\t\t>\n\t\t\t<svg xmlns=\"http:\/\/www.w3.org\/2000\/svg\" width=\"12\" height=\"12\" fill=\"none\" viewBox=\"0 0 12 12\">\n\t\t\t\t<path fill=\"#fff\" d=\"M2 0a2 2 0 0 0-2 2v2h1.5V2a.5.5 0 0 1 .5-.5h2V0H2Zm2 10.5H2a.5.5 0 0 1-.5-.5V8H0v2a2 2 0 0 0 2 2h2v-1.5ZM8 12v-1.5h2a.5.5 0 0 0 .5-.5V8H12v2a2 2 0 0 1-2 2H8Zm2-12a2 2 0 0 1 2 2v2h-1.5V2a.5.5 0 0 0-.5-.5H8V0h2Z\" \/>\n\t\t\t<\/svg>\n\t\t<\/button><\/figure>\n\n\n\n<figure data-wp-context=\"{&quot;imageId&quot;:&quot;69dcc395bc73f&quot;}\" data-wp-interactive=\"core\/image\" data-wp-key=\"69dcc395bc73f\" class=\"wp-block-image size-large wp-lightbox-container\"><img loading=\"lazy\" decoding=\"async\" width=\"1024\" height=\"683\" data-wp-class--hide=\"state.isContentHidden\" data-wp-class--show=\"state.isContentVisible\" data-wp-init=\"callbacks.setButtonStyles\" data-wp-on--click=\"actions.showLightbox\" data-wp-on--load=\"callbacks.setButtonStyles\" data-wp-on-window--resize=\"callbacks.setButtonStyles\" data-id=\"6156\" src=\"https:\/\/fmpt.ac.ma\/website\/wp-content\/uploads\/2025\/09\/9th-JUIL-Personal-Pics060-1-1024x683.jpg\" alt=\"\" class=\"wp-image-6156\" srcset=\"https:\/\/fmpt.ac.ma\/website\/wp-content\/uploads\/2025\/09\/9th-JUIL-Personal-Pics060-1-1024x683.jpg 1024w, https:\/\/fmpt.ac.ma\/website\/wp-content\/uploads\/2025\/09\/9th-JUIL-Personal-Pics060-1-768x512.jpg 768w, https:\/\/fmpt.ac.ma\/website\/wp-content\/uploads\/2025\/09\/9th-JUIL-Personal-Pics060-1-1536x1024.jpg 1536w, https:\/\/fmpt.ac.ma\/website\/wp-content\/uploads\/2025\/09\/9th-JUIL-Personal-Pics060-1-2048x1365.jpg 2048w, https:\/\/fmpt.ac.ma\/website\/wp-content\/uploads\/2025\/09\/9th-JUIL-Personal-Pics060-1-360x240.jpg 360w\" sizes=\"auto, (max-width: 1024px) 100vw, 1024px\" \/><button\n\t\t\tclass=\"lightbox-trigger\"\n\t\t\ttype=\"button\"\n\t\t\taria-haspopup=\"dialog\"\n\t\t\taria-label=\"Agrandir\"\n\t\t\tdata-wp-init=\"callbacks.initTriggerButton\"\n\t\t\tdata-wp-on--click=\"actions.showLightbox\"\n\t\t\tdata-wp-style--right=\"state.imageButtonRight\"\n\t\t\tdata-wp-style--top=\"state.imageButtonTop\"\n\t\t>\n\t\t\t<svg xmlns=\"http:\/\/www.w3.org\/2000\/svg\" width=\"12\" height=\"12\" fill=\"none\" viewBox=\"0 0 12 12\">\n\t\t\t\t<path fill=\"#fff\" d=\"M2 0a2 2 0 0 0-2 2v2h1.5V2a.5.5 0 0 1 .5-.5h2V0H2Zm2 10.5H2a.5.5 0 0 1-.5-.5V8H0v2a2 2 0 0 0 2 2h2v-1.5ZM8 12v-1.5h2a.5.5 0 0 0 .5-.5V8H12v2a2 2 0 0 1-2 2H8Zm2-12a2 2 0 0 1 2 2v2h-1.5V2a.5.5 0 0 0-.5-.5H8V0h2Z\" \/>\n\t\t\t<\/svg>\n\t\t<\/button><\/figure>\n\n\n\n<figure data-wp-context=\"{&quot;imageId&quot;:&quot;69dcc395bcdce&quot;}\" data-wp-interactive=\"core\/image\" data-wp-key=\"69dcc395bcdce\" class=\"wp-block-image size-large wp-lightbox-container\"><img loading=\"lazy\" decoding=\"async\" width=\"1024\" height=\"683\" data-wp-class--hide=\"state.isContentHidden\" data-wp-class--show=\"state.isContentVisible\" data-wp-init=\"callbacks.setButtonStyles\" data-wp-on--click=\"actions.showLightbox\" data-wp-on--load=\"callbacks.setButtonStyles\" data-wp-on-window--resize=\"callbacks.setButtonStyles\" data-id=\"6157\" src=\"https:\/\/fmpt.ac.ma\/website\/wp-content\/uploads\/2025\/09\/9th-JUIL-Personal-Pics058-1-1024x683.jpg\" alt=\"\" class=\"wp-image-6157\" srcset=\"https:\/\/fmpt.ac.ma\/website\/wp-content\/uploads\/2025\/09\/9th-JUIL-Personal-Pics058-1-1024x683.jpg 1024w, https:\/\/fmpt.ac.ma\/website\/wp-content\/uploads\/2025\/09\/9th-JUIL-Personal-Pics058-1-768x512.jpg 768w, https:\/\/fmpt.ac.ma\/website\/wp-content\/uploads\/2025\/09\/9th-JUIL-Personal-Pics058-1-1536x1024.jpg 1536w, https:\/\/fmpt.ac.ma\/website\/wp-content\/uploads\/2025\/09\/9th-JUIL-Personal-Pics058-1-2048x1365.jpg 2048w, https:\/\/fmpt.ac.ma\/website\/wp-content\/uploads\/2025\/09\/9th-JUIL-Personal-Pics058-1-360x240.jpg 360w\" sizes=\"auto, (max-width: 1024px) 100vw, 1024px\" \/><button\n\t\t\tclass=\"lightbox-trigger\"\n\t\t\ttype=\"button\"\n\t\t\taria-haspopup=\"dialog\"\n\t\t\taria-label=\"Agrandir\"\n\t\t\tdata-wp-init=\"callbacks.initTriggerButton\"\n\t\t\tdata-wp-on--click=\"actions.showLightbox\"\n\t\t\tdata-wp-style--right=\"state.imageButtonRight\"\n\t\t\tdata-wp-style--top=\"state.imageButtonTop\"\n\t\t>\n\t\t\t<svg xmlns=\"http:\/\/www.w3.org\/2000\/svg\" width=\"12\" height=\"12\" fill=\"none\" viewBox=\"0 0 12 12\">\n\t\t\t\t<path fill=\"#fff\" d=\"M2 0a2 2 0 0 0-2 2v2h1.5V2a.5.5 0 0 1 .5-.5h2V0H2Zm2 10.5H2a.5.5 0 0 1-.5-.5V8H0v2a2 2 0 0 0 2 2h2v-1.5ZM8 12v-1.5h2a.5.5 0 0 0 .5-.5V8H12v2a2 2 0 0 1-2 2H8Zm2-12a2 2 0 0 1 2 2v2h-1.5V2a.5.5 0 0 0-.5-.5H8V0h2Z\" \/>\n\t\t\t<\/svg>\n\t\t<\/button><\/figure>\n\n\n\n<figure data-wp-context=\"{&quot;imageId&quot;:&quot;69dcc395bd445&quot;}\" data-wp-interactive=\"core\/image\" data-wp-key=\"69dcc395bd445\" class=\"wp-block-image size-large wp-lightbox-container\"><img loading=\"lazy\" decoding=\"async\" width=\"683\" height=\"1024\" data-wp-class--hide=\"state.isContentHidden\" data-wp-class--show=\"state.isContentVisible\" data-wp-init=\"callbacks.setButtonStyles\" data-wp-on--click=\"actions.showLightbox\" data-wp-on--load=\"callbacks.setButtonStyles\" data-wp-on-window--resize=\"callbacks.setButtonStyles\" data-id=\"6159\" src=\"https:\/\/fmpt.ac.ma\/website\/wp-content\/uploads\/2025\/09\/9th-JUIL-Personal-Pics056-683x1024.jpg\" alt=\"\" class=\"wp-image-6159\" srcset=\"https:\/\/fmpt.ac.ma\/website\/wp-content\/uploads\/2025\/09\/9th-JUIL-Personal-Pics056-683x1024.jpg 683w, https:\/\/fmpt.ac.ma\/website\/wp-content\/uploads\/2025\/09\/9th-JUIL-Personal-Pics056-768x1152.jpg 768w, https:\/\/fmpt.ac.ma\/website\/wp-content\/uploads\/2025\/09\/9th-JUIL-Personal-Pics056-1024x1536.jpg 1024w, https:\/\/fmpt.ac.ma\/website\/wp-content\/uploads\/2025\/09\/9th-JUIL-Personal-Pics056-1365x2048.jpg 1365w, https:\/\/fmpt.ac.ma\/website\/wp-content\/uploads\/2025\/09\/9th-JUIL-Personal-Pics056-180x270.jpg 180w, https:\/\/fmpt.ac.ma\/website\/wp-content\/uploads\/2025\/09\/9th-JUIL-Personal-Pics056-scaled.jpg 1707w\" sizes=\"auto, (max-width: 683px) 100vw, 683px\" \/><button\n\t\t\tclass=\"lightbox-trigger\"\n\t\t\ttype=\"button\"\n\t\t\taria-haspopup=\"dialog\"\n\t\t\taria-label=\"Agrandir\"\n\t\t\tdata-wp-init=\"callbacks.initTriggerButton\"\n\t\t\tdata-wp-on--click=\"actions.showLightbox\"\n\t\t\tdata-wp-style--right=\"state.imageButtonRight\"\n\t\t\tdata-wp-style--top=\"state.imageButtonTop\"\n\t\t>\n\t\t\t<svg xmlns=\"http:\/\/www.w3.org\/2000\/svg\" width=\"12\" height=\"12\" fill=\"none\" viewBox=\"0 0 12 12\">\n\t\t\t\t<path fill=\"#fff\" d=\"M2 0a2 2 0 0 0-2 2v2h1.5V2a.5.5 0 0 1 .5-.5h2V0H2Zm2 10.5H2a.5.5 0 0 1-.5-.5V8H0v2a2 2 0 0 0 2 2h2v-1.5ZM8 12v-1.5h2a.5.5 0 0 0 .5-.5V8H12v2a2 2 0 0 1-2 2H8Zm2-12a2 2 0 0 1 2 2v2h-1.5V2a.5.5 0 0 0-.5-.5H8V0h2Z\" \/>\n\t\t\t<\/svg>\n\t\t<\/button><\/figure>\n\n\n\n<figure data-wp-context=\"{&quot;imageId&quot;:&quot;69dcc395bdab7&quot;}\" data-wp-interactive=\"core\/image\" data-wp-key=\"69dcc395bdab7\" class=\"wp-block-image size-large wp-lightbox-container\"><img loading=\"lazy\" decoding=\"async\" width=\"1024\" height=\"748\" data-wp-class--hide=\"state.isContentHidden\" data-wp-class--show=\"state.isContentVisible\" data-wp-init=\"callbacks.setButtonStyles\" data-wp-on--click=\"actions.showLightbox\" data-wp-on--load=\"callbacks.setButtonStyles\" data-wp-on-window--resize=\"callbacks.setButtonStyles\" data-id=\"6160\" src=\"https:\/\/fmpt.ac.ma\/website\/wp-content\/uploads\/2025\/09\/9th-JUIL-Personal-Pics055-1024x748.jpg\" alt=\"\" class=\"wp-image-6160\" srcset=\"https:\/\/fmpt.ac.ma\/website\/wp-content\/uploads\/2025\/09\/9th-JUIL-Personal-Pics055-1024x748.jpg 1024w, https:\/\/fmpt.ac.ma\/website\/wp-content\/uploads\/2025\/09\/9th-JUIL-Personal-Pics055-768x561.jpg 768w, https:\/\/fmpt.ac.ma\/website\/wp-content\/uploads\/2025\/09\/9th-JUIL-Personal-Pics055-1536x1122.jpg 1536w, https:\/\/fmpt.ac.ma\/website\/wp-content\/uploads\/2025\/09\/9th-JUIL-Personal-Pics055-2048x1496.jpg 2048w, https:\/\/fmpt.ac.ma\/website\/wp-content\/uploads\/2025\/09\/9th-JUIL-Personal-Pics055-360x263.jpg 360w\" sizes=\"auto, (max-width: 1024px) 100vw, 1024px\" \/><button\n\t\t\tclass=\"lightbox-trigger\"\n\t\t\ttype=\"button\"\n\t\t\taria-haspopup=\"dialog\"\n\t\t\taria-label=\"Agrandir\"\n\t\t\tdata-wp-init=\"callbacks.initTriggerButton\"\n\t\t\tdata-wp-on--click=\"actions.showLightbox\"\n\t\t\tdata-wp-style--right=\"state.imageButtonRight\"\n\t\t\tdata-wp-style--top=\"state.imageButtonTop\"\n\t\t>\n\t\t\t<svg xmlns=\"http:\/\/www.w3.org\/2000\/svg\" width=\"12\" height=\"12\" fill=\"none\" viewBox=\"0 0 12 12\">\n\t\t\t\t<path fill=\"#fff\" d=\"M2 0a2 2 0 0 0-2 2v2h1.5V2a.5.5 0 0 1 .5-.5h2V0H2Zm2 10.5H2a.5.5 0 0 1-.5-.5V8H0v2a2 2 0 0 0 2 2h2v-1.5ZM8 12v-1.5h2a.5.5 0 0 0 .5-.5V8H12v2a2 2 0 0 1-2 2H8Zm2-12a2 2 0 0 1 2 2v2h-1.5V2a.5.5 0 0 0-.5-.5H8V0h2Z\" \/>\n\t\t\t<\/svg>\n\t\t<\/button><\/figure>\n\n\n\n<figure data-wp-context=\"{&quot;imageId&quot;:&quot;69dcc395be145&quot;}\" data-wp-interactive=\"core\/image\" data-wp-key=\"69dcc395be145\" class=\"wp-block-image size-large wp-lightbox-container\"><img loading=\"lazy\" decoding=\"async\" width=\"1024\" height=\"683\" data-wp-class--hide=\"state.isContentHidden\" data-wp-class--show=\"state.isContentVisible\" data-wp-init=\"callbacks.setButtonStyles\" data-wp-on--click=\"actions.showLightbox\" data-wp-on--load=\"callbacks.setButtonStyles\" data-wp-on-window--resize=\"callbacks.setButtonStyles\" data-id=\"6161\" src=\"https:\/\/fmpt.ac.ma\/website\/wp-content\/uploads\/2025\/09\/9th-JUIL-Personal-Pics052-1-2-1024x683.jpg\" alt=\"\" class=\"wp-image-6161\" srcset=\"https:\/\/fmpt.ac.ma\/website\/wp-content\/uploads\/2025\/09\/9th-JUIL-Personal-Pics052-1-2-1024x683.jpg 1024w, https:\/\/fmpt.ac.ma\/website\/wp-content\/uploads\/2025\/09\/9th-JUIL-Personal-Pics052-1-2-768x512.jpg 768w, https:\/\/fmpt.ac.ma\/website\/wp-content\/uploads\/2025\/09\/9th-JUIL-Personal-Pics052-1-2-1536x1024.jpg 1536w, https:\/\/fmpt.ac.ma\/website\/wp-content\/uploads\/2025\/09\/9th-JUIL-Personal-Pics052-1-2-2048x1365.jpg 2048w, https:\/\/fmpt.ac.ma\/website\/wp-content\/uploads\/2025\/09\/9th-JUIL-Personal-Pics052-1-2-360x240.jpg 360w\" sizes=\"auto, (max-width: 1024px) 100vw, 1024px\" \/><button\n\t\t\tclass=\"lightbox-trigger\"\n\t\t\ttype=\"button\"\n\t\t\taria-haspopup=\"dialog\"\n\t\t\taria-label=\"Agrandir\"\n\t\t\tdata-wp-init=\"callbacks.initTriggerButton\"\n\t\t\tdata-wp-on--click=\"actions.showLightbox\"\n\t\t\tdata-wp-style--right=\"state.imageButtonRight\"\n\t\t\tdata-wp-style--top=\"state.imageButtonTop\"\n\t\t>\n\t\t\t<svg xmlns=\"http:\/\/www.w3.org\/2000\/svg\" width=\"12\" height=\"12\" fill=\"none\" viewBox=\"0 0 12 12\">\n\t\t\t\t<path fill=\"#fff\" d=\"M2 0a2 2 0 0 0-2 2v2h1.5V2a.5.5 0 0 1 .5-.5h2V0H2Zm2 10.5H2a.5.5 0 0 1-.5-.5V8H0v2a2 2 0 0 0 2 2h2v-1.5ZM8 12v-1.5h2a.5.5 0 0 0 .5-.5V8H12v2a2 2 0 0 1-2 2H8Zm2-12a2 2 0 0 1 2 2v2h-1.5V2a.5.5 0 0 0-.5-.5H8V0h2Z\" \/>\n\t\t\t<\/svg>\n\t\t<\/button><\/figure>\n<\/figure>\n","protected":false},"excerpt":{"rendered":"<p>Le doyen de la facult\u00e9 de m\u00e9decine et de pharmacie de Tanger, le vice-doyen \u00e0 la formation, le vice-doyen \u00e0 la recherche scientifique et la vice-doyenne \u00e0 la pharmacie ont accueilli les \u00e9tudiants de premi\u00e8re ann\u00e9e de m\u00e9decine et de <a href=\"https:\/\/fmpt.ac.ma\/website\/journee-dinauguration-pour-lannee-universitaire-2025-2026\/\" class=\"read-more\">Read More &#8230;<\/a><\/p>\n","protected":false},"author":2,"featured_media":0,"parent":0,"menu_order":0,"comment_status":"closed","ping_status":"closed","template":"","meta":{"footnotes":""},"class_list":["post-6145","page","type-page","status-publish","hentry"],"_links":{"self":[{"href":"https:\/\/fmpt.ac.ma\/website\/wp-json\/wp\/v2\/pages\/6145","targetHints":{"allow":["GET"]}}],"collection":[{"href":"https:\/\/fmpt.ac.ma\/website\/wp-json\/wp\/v2\/pages"}],"about":[{"href":"https:\/\/fmpt.ac.ma\/website\/wp-json\/wp\/v2\/types\/page"}],"author":[{"embeddable":true,"href":"https:\/\/fmpt.ac.ma\/website\/wp-json\/wp\/v2\/users\/2"}],"replies":[{"embeddable":true,"href":"https:\/\/fmpt.ac.ma\/website\/wp-json\/wp\/v2\/comments?post=6145"}],"version-history":[{"count":3,"href":"https:\/\/fmpt.ac.ma\/website\/wp-json\/wp\/v2\/pages\/6145\/revisions"}],"predecessor-version":[{"id":6165,"href":"https:\/\/fmpt.ac.ma\/website\/wp-json\/wp\/v2\/pages\/6145\/revisions\/6165"}],"wp:attachment":[{"href":"https:\/\/fmpt.ac.ma\/website\/wp-json\/wp\/v2\/media?parent=6145"}],"curies":[{"name":"wp","href":"https:\/\/api.w.org\/{rel}","templated":true}]}}