{"id":615,"date":"2024-03-05T13:35:41","date_gmt":"2024-03-05T12:35:41","guid":{"rendered":"https:\/\/fmpt.ac.ma\/website\/?page_id=615"},"modified":"2024-10-23T18:37:33","modified_gmt":"2024-10-23T16:37:33","slug":"cooperation-et-relations-internationales","status":"publish","type":"page","link":"https:\/\/fmpt.ac.ma\/website\/cooperation-et-relations-internationales\/","title":{"rendered":"Coop\u00e9ration et Relations Internationales"},"content":{"rendered":"\n<ul class=\"wp-block-list\">\n<li class=\"has-medium-font-size\">Convention of partnership between FMPT &amp; the British Language Centre.<\/li>\n\n\n\n<li class=\"has-medium-font-size\">Convention de partenariat entre la FMPT et l\u2019Amicale des M\u00e9decins G\u00e9n\u00e9ralistes Priv\u00e9s de la Wilaya de Tanger.<\/li>\n\n\n\n<li class=\"has-medium-font-size\">Convention entre la FMPT et l\u2019AMSPT \u00ab\u00a0<strong>A<\/strong>ssociation des <strong>M<\/strong>\u00e9decins de la <strong>S<\/strong>ant\u00e9 <strong>P<\/strong>ublique de <strong>T<\/strong>anger\u00a0\u00bb.<\/li>\n\n\n\n<li class=\"has-medium-font-size\">Convention de colaboration entre la FMPT et Instituto Internacional de Salud y H\u00e1bitos Saludables (espa\u00f1a).<\/li>\n\n\n\n<li class=\"has-medium-font-size\">Convention de collaboration entre la Fondation de Soins Pharmaceutiques et la FMPT.<\/li>\n\n\n\n<li class=\"has-medium-font-size\">Convention de coop\u00e9ration et de partenariat entre la FMPT et la Direction R\u00e9gionale de la Sant\u00e9 de Tanger-T\u00e9touan-Al Hoceima.<\/li>\n\n\n\n<li class=\"has-medium-font-size\">Convention sign\u00e9e entre l&rsquo;Universit\u00e9 Abdelmalek Essa\u00e2di et UNE.<\/li>\n<\/ul>\n","protected":false},"excerpt":{"rendered":"","protected":false},"author":1,"featured_media":0,"parent":0,"menu_order":0,"comment_status":"closed","ping_status":"closed","template":"","meta":{"footnotes":""},"class_list":["post-615","page","type-page","status-publish","hentry"],"_links":{"self":[{"href":"https:\/\/fmpt.ac.ma\/website\/wp-json\/wp\/v2\/pages\/615","targetHints":{"allow":["GET"]}}],"collection":[{"href":"https:\/\/fmpt.ac.ma\/website\/wp-json\/wp\/v2\/pages"}],"about":[{"href":"https:\/\/fmpt.ac.ma\/website\/wp-json\/wp\/v2\/types\/page"}],"author":[{"embeddable":true,"href":"https:\/\/fmpt.ac.ma\/website\/wp-json\/wp\/v2\/users\/1"}],"replies":[{"embeddable":true,"href":"https:\/\/fmpt.ac.ma\/website\/wp-json\/wp\/v2\/comments?post=615"}],"version-history":[{"count":3,"href":"https:\/\/fmpt.ac.ma\/website\/wp-json\/wp\/v2\/pages\/615\/revisions"}],"predecessor-version":[{"id":2823,"href":"https:\/\/fmpt.ac.ma\/website\/wp-json\/wp\/v2\/pages\/615\/revisions\/2823"}],"wp:attachment":[{"href":"https:\/\/fmpt.ac.ma\/website\/wp-json\/wp\/v2\/media?parent=615"}],"curies":[{"name":"wp","href":"https:\/\/api.w.org\/{rel}","templated":true}]}}