{"id":629,"date":"2024-03-05T13:39:21","date_gmt":"2024-03-05T12:39:21","guid":{"rendered":"https:\/\/fmpt.ac.ma\/website\/?page_id=629"},"modified":"2024-10-24T10:40:08","modified_gmt":"2024-10-24T08:40:08","slug":"ressources-documentaires","status":"publish","type":"page","link":"https:\/\/fmpt.ac.ma\/website\/ressources-documentaires\/","title":{"rendered":"Ressources \u00c9lectroniques"},"content":{"rendered":"\n<p class=\"has-black-color has-text-color has-link-color wp-elements-6e4049b92689a06da1ce7b98b0ba73ae\">le CDIM propose un acc\u00e8s \u00e0 des bases de donn\u00e9es en ligne de renomm\u00e9e mondiale, notamment <strong>ClinicalKey<\/strong>, <strong>Scopus<\/strong>, <strong>ScienceDirect<\/strong>, <strong>Web of Science<\/strong> et <strong>HINARI<\/strong>, assurant ainsi une couverture exhaustive des derni\u00e8res avanc\u00e9es en mati\u00e8re de recherche m\u00e9dicale et scientifique.<\/p>\n\n\n\n<p>Ces initiatives visent \u00e0 renforcer les comp\u00e9tences des \u00e9tudiants et des chercheurs, \u00e0 accro\u00eetre leur visibilit\u00e9 et leur comp\u00e9titivit\u00e9 internationale, tout en garantissant un acc\u00e8s \u00e9quitable \u00e0 des ressources documentaires de qualit\u00e9, contribuant ainsi \u00e0 l\u2019excellence acad\u00e9mique et \u00e0 l&rsquo;innovation scientifique.<\/p>\n\n\n\n<div style=\"height:37px\" aria-hidden=\"true\" class=\"wp-block-spacer\"><\/div>\n\n\n\n<h2 class=\"wp-block-heading has-vivid-cyan-blue-color has-text-color has-link-color wp-elements-dd2b5f98010297a0bfb818231fa87df2\"><strong><em>E-ressources<\/em> <\/strong><\/h2>\n\n\n<div class=\"wp-block-image\">\n<figure class=\"alignright size-full is-resized\"><img loading=\"lazy\" decoding=\"async\" width=\"747\" height=\"200\" src=\"https:\/\/www.fmpt.ac.ma\/website\/wp-content\/uploads\/2024\/10\/image-34.png\" alt=\"\" class=\"wp-image-2800\" style=\"width:317px;height:auto\" srcset=\"https:\/\/fmpt.ac.ma\/website\/wp-content\/uploads\/2024\/10\/image-34.png 747w, https:\/\/fmpt.ac.ma\/website\/wp-content\/uploads\/2024\/10\/image-34-360x96.png 360w\" sizes=\"auto, (max-width: 747px) 100vw, 747px\" \/><\/figure>\n<\/div>\n\n\n<p>Le Consortium marocain pour l\u2019acc\u00e8s aux ressources \u00e9lectroniques constitue un cadre institutionnel regroupant le <strong>Centre National pour la Recherche Scientifique et Technique (<a href=\"https:\/\/www.cnrst.ma\/fr\/\">CNRST<\/a>)<\/strong> et les universit\u00e9s publiques marocaines. Cr\u00e9\u00e9 en d\u00e9cembre 2007, il est r\u00e9gi par une convention conclue entre plusieurs parties prenantes : le<strong> Minist\u00e8re de l\u2019Enseignement Sup\u00e9rieur et de la Recherche Scientifique<\/strong>, le <strong>CNRST<\/strong>, ainsi que diverses universit\u00e9s marocaines, dont l&rsquo;<strong>Universit\u00e9 Abdelmalek Essa\u00e2di<\/strong>.<\/p>\n\n\n\n<p>Sous la tutelle de la pr\u00e9sidence de l\u2019Universit\u00e9 Abdelmalek Essa\u00e2di, la Facult\u00e9 dem\u00e9decine et de pharmacie de Tanger (FMPT) b\u00e9n\u00e9ficie de l\u2019acc\u00e8s aux ressources \u00e9lectroniques suivantes :<\/p>\n\n\n\n<ul class=\"wp-block-list\">\n<li><strong>SCOPUS: Scopus<\/strong> est une base de donn\u00e9es internationale d\u00e9velopp\u00e9e par Elsevier, sp\u00e9cialis\u00e9e dans l&rsquo;indexation et la citation d&rsquo;articles scientifiques. Elle indexe plus de <strong>90 millions d&rsquo;items<\/strong>, comprenant <strong>82 millions de publications<\/strong> issues de <strong>26 000 revues scientifiques<\/strong>, dont plus de <strong>6 000 en libre acc\u00e8s<\/strong>, ainsi que plus de <strong>290 000 livres<\/strong>, <strong>11 millions d&rsquo;actes de conf\u00e9rences<\/strong> et pr\u00e8s de <strong>50 millions de brevets<\/strong>. Scopus couvre un large \u00e9ventail de disciplines, allant des sciences naturelles aux sciences sociales, en passant par la m\u00e9decine, l&rsquo;ing\u00e9nierie et les arts.<\/li>\n<\/ul>\n\n\n\n<ul class=\"wp-block-list\">\n<li><strong>ScienceDirect<\/strong> : publi\u00e9e par Elsevier, c\u2019est une plateforme de r\u00e9f\u00e9rence pour la consultation de revues et de livres \u00e9lectroniques. Elle offre l&rsquo;acc\u00e8s \u00e0 plus de <strong>18 millions d&rsquo;articles<\/strong> et de chapitres de livres en texte int\u00e9gral, dont plus de <strong>1,4 million d&rsquo;articles en libre acc\u00e8s<\/strong>. Cette plateforme regroupe des publications acad\u00e9miques de premier plan, fournissant ainsi aux chercheurs, enseignants et \u00e9tudiants un acc\u00e8s privil\u00e9gi\u00e9 \u00e0 des recherches actuelles et \u00e0 des d\u00e9couvertes r\u00e9centes.<\/li>\n<\/ul>\n\n\n\n<ul class=\"wp-block-list\">\n<li><strong>Web of Science : <\/strong>Web of Science est une plateforme qui donne acc\u00e8s \u00e0 une vaste collection de r\u00e9f\u00e9rences d&rsquo;articles scientifiques, d&rsquo;actes de conf\u00e9rences et de chapitres de livres. Elle regroupe environ <strong>2,3 milliards de r\u00e9f\u00e9rences<\/strong> provenant d&rsquo;environ <strong>35 000 revues<\/strong>, ainsi que de livres, d&rsquo;actes de conf\u00e9rences, de brevets et de jeux de donn\u00e9es.<\/li>\n<\/ul>\n\n\n\n<ul class=\"wp-block-list\">\n<li><strong>HINARI<\/strong>(Health InterNetwork Access to Research Initiative):est un programme lanc\u00e9 par l\u2019Organisation mondiale de la sant\u00e9 (OMS), permet aux institutions des pays \u00e0 faible revenu d\u2019acc\u00e9der \u00e0 des milliers de revues et de ressources de recherche dans les domaines de la m\u00e9decine et de la sant\u00e9. Cette initiative offre plus de <strong>15 000 revues scientifiques<\/strong> et d\u2019autres ressources biom\u00e9dicales, facilitant ainsi l\u2019acc\u00e8s \u00e0 des connaissances essentielles pour les chercheurs et les professionnels de sant\u00e9 dans les r\u00e9gions o\u00f9 ces ressources sont souvent inaccessibles.<\/li>\n<\/ul>\n\n\n\n<h4 class=\"wp-block-heading has-black-color has-text-color has-link-color wp-elements-8d79a900d9111ac2f02b7bfc1de003c3\"><strong><em>Acc\u00e8s distant aux ressources \u00e9lectroniques<\/em><\/strong><\/h4>\n\n\n\n<p>Tous les \u00e9tudiants, les enseignants et les administratifs de la Facult\u00e9 disposent d&rsquo;une messagerie institutionnelle&nbsp; qui permet d\u2019identifier leur appartenance \u00e0 l&rsquo;Universit\u00e9 Abdelmalek Essa\u00e2di (UAE) et d\u2019acc\u00e9der \u00e0 distance aux ressources \u00e9lectroniques ainsi qu\u2019\u00e0 d\u2019autres services de l\u2019UAE.<\/p>\n\n\n\n<p><strong>L&rsquo;acc\u00e8s distant \u00e0 ces ressources<\/strong> est disponible via le lien suivant : <em><strong><a href=\"https:\/\/eressources.imist.ma\/login\">https:\/\/eressources.imist.ma\/login<\/a>. <\/strong><\/em><\/p>\n\n\n\n<p>Pour se connecter, il est n\u00e9cessaire de saisir les informations d&rsquo;identification. <\/p>\n\n\n\n<p><strong>La cr\u00e9ation d&rsquo;un compte<\/strong> est r\u00e9serv\u00e9e aux personnes affili\u00e9es \u00e0 l&rsquo; UAE et disposant d&rsquo;une adresse email institutionnelle. Si ces conditions sont remplies, l&rsquo;inscription peut \u00eatre effectu\u00e9e en utilisant ce formulaire : <strong><em><a href=\"https:\/\/register.eressources.imist.ma\/fr\/register\">https:\/\/register.eressources.imist.ma\/fr\/register<\/a>.<\/em><\/strong><\/p>\n\n\n\n<p>Pour toute <strong>assistance <\/strong>relative \u00e0 l&rsquo;acc\u00e8s distant aux ressources \u00e9lectroniques, il est possible de contacter : <a href=\"mailto:erconsortium@imist.ma\">erconsortium@imist.ma<\/a>.<\/p>\n\n\n\n<div style=\"height:20px\" aria-hidden=\"true\" class=\"wp-block-spacer\"><\/div>\n\n\n<div class=\"wp-block-image\">\n<figure class=\"alignright size-full is-resized\"><img loading=\"lazy\" decoding=\"async\" width=\"369\" height=\"136\" src=\"https:\/\/www.fmpt.ac.ma\/website\/wp-content\/uploads\/2024\/10\/image-35.png\" alt=\"\" class=\"wp-image-2803\" style=\"width:353px;height:auto\" srcset=\"https:\/\/fmpt.ac.ma\/website\/wp-content\/uploads\/2024\/10\/image-35.png 369w, https:\/\/fmpt.ac.ma\/website\/wp-content\/uploads\/2024\/10\/image-35-360x133.png 360w\" sizes=\"auto, (max-width: 369px) 100vw, 369px\" \/><\/figure>\n<\/div>\n\n\n<h2 class=\"wp-block-heading has-luminous-vivid-orange-color has-text-color has-link-color wp-elements-7c9e4190de8e967ea242c497be73f536\"><strong><em>ClinicalKey<\/em><\/strong> <\/h2>\n\n\n\n<p>De plus, la <strong>FMPT <\/strong>affirme son engagement envers l&rsquo;excellence acad\u00e9mique en s\u2019abonnant \u00e0 la base de donn\u00e9es <a href=\"https:\/\/www.clinicalkey.fr\/\">ClinicalKey<\/a>. Cette derni\u00e8re offre un acc\u00e8s complet \u00e0 une vaste collection de contenus m\u00e9dicaux, incluant des livres de r\u00e9f\u00e9rence, des revues scientifiques, des vid\u00e9os et des images cliniques.<\/p>\n\n\n\n<p>Avec des milliers d&rsquo;articles issus de <strong>42 trait\u00e9s EMC<\/strong> et des millions de ressources multim\u00e9dias, cette plateforme permet aux utilisateurs de se tenir inform\u00e9s des derni\u00e8res avanc\u00e9es en mati\u00e8re de recherche et de pratique clinique.<\/p>\n\n\n\n<p>L&rsquo;acc\u00e8s \u00e0 ClinicalKey est facilit\u00e9 par un syst\u00e8me de codes d&rsquo;acc\u00e8s : les enseignants chercheurs re\u00e7oivent un code qui leur permet de se connecter \u00e0 la plateforme depuis n&rsquo;importe quel appareil, offrant ainsi une flexibilit\u00e9 optimale dans l&rsquo;utilisation des ressources m\u00e9dicales. Pour l&rsquo;activation de leur compte <strong>ClinicalKey<\/strong> et pour toute information suppl\u00e9mentaire, les utilisateurs sont invit\u00e9s \u00e0 contacter le personnel de la biblioth\u00e8que via l&rsquo;adresse suivante : \u00ab\u00a0sid.fmpt@uae.ac.ma\u00a0\u00bb.<\/p>\n\n\n\n<p>De leur c\u00f4t\u00e9, les \u00e9tudiants peuvent acc\u00e9der \u00e0 ClinicalKey directement dans les locaux de la biblioth\u00e8que, o\u00f9 des stations de travail d\u00e9di\u00e9es sont mises \u00e0 leur disposition.<\/p>\n","protected":false},"excerpt":{"rendered":"<p>le CDIM propose un acc\u00e8s \u00e0 des bases de donn\u00e9es en ligne de renomm\u00e9e mondiale, notamment ClinicalKey, Scopus, ScienceDirect, Web of Science et HINARI, assurant ainsi une couverture exhaustive des derni\u00e8res avanc\u00e9es en mati\u00e8re de recherche m\u00e9dicale et scientifique. Ces <a href=\"https:\/\/fmpt.ac.ma\/website\/ressources-documentaires\/\" class=\"read-more\">Read More &#8230;<\/a><\/p>\n","protected":false},"author":1,"featured_media":0,"parent":0,"menu_order":0,"comment_status":"closed","ping_status":"closed","template":"","meta":{"footnotes":""},"class_list":["post-629","page","type-page","status-publish","hentry"],"_links":{"self":[{"href":"https:\/\/fmpt.ac.ma\/website\/wp-json\/wp\/v2\/pages\/629","targetHints":{"allow":["GET"]}}],"collection":[{"href":"https:\/\/fmpt.ac.ma\/website\/wp-json\/wp\/v2\/pages"}],"about":[{"href":"https:\/\/fmpt.ac.ma\/website\/wp-json\/wp\/v2\/types\/page"}],"author":[{"embeddable":true,"href":"https:\/\/fmpt.ac.ma\/website\/wp-json\/wp\/v2\/users\/1"}],"replies":[{"embeddable":true,"href":"https:\/\/fmpt.ac.ma\/website\/wp-json\/wp\/v2\/comments?post=629"}],"version-history":[{"count":13,"href":"https:\/\/fmpt.ac.ma\/website\/wp-json\/wp\/v2\/pages\/629\/revisions"}],"predecessor-version":[{"id":2899,"href":"https:\/\/fmpt.ac.ma\/website\/wp-json\/wp\/v2\/pages\/629\/revisions\/2899"}],"wp:attachment":[{"href":"https:\/\/fmpt.ac.ma\/website\/wp-json\/wp\/v2\/media?parent=629"}],"curies":[{"name":"wp","href":"https:\/\/api.w.org\/{rel}","templated":true}]}}