{"id":816,"date":"2024-03-19T14:00:32","date_gmt":"2024-03-19T13:00:32","guid":{"rendered":"https:\/\/fmpt.ac.ma\/website\/?page_id=816"},"modified":"2025-11-21T12:56:21","modified_gmt":"2025-11-21T11:56:21","slug":"liste-des-diplomes-universitaires","status":"publish","type":"page","link":"https:\/\/fmpt.ac.ma\/website\/liste-des-diplomes-universitaires\/","title":{"rendered":"Liste des Dipl\u00f4mes Universitaires"},"content":{"rendered":"\n<div class=\"wp-block-columns is-layout-flex wp-container-core-columns-is-layout-9d6595d7 wp-block-columns-is-layout-flex\">\n<div class=\"wp-block-column is-layout-flow wp-block-column-is-layout-flow\">\n<div class=\"wp-block-columns is-layout-flex wp-container-core-columns-is-layout-9d6595d7 wp-block-columns-is-layout-flex\">\n<div class=\"wp-block-column is-layout-flow wp-block-column-is-layout-flow\">\n<figure class=\"wp-block-image size-thumbnail\"><a href=\"https:\/\/fmpt.ac.ma\/website\/diplome-universitaire-physiologie-physiopathologie-du-sport-2025-2026\/\"><img loading=\"lazy\" decoding=\"async\" width=\"180\" height=\"180\" src=\"https:\/\/fmpt.ac.ma\/website\/wp-content\/uploads\/2025\/10\/Affiche-DU-PPS-Pr-El-Hangouche-2eme-edition-180x180.png\" alt=\"\" class=\"wp-image-7243\" style=\"aspect-ratio:1;object-fit:cover\" srcset=\"https:\/\/fmpt.ac.ma\/website\/wp-content\/uploads\/2025\/10\/Affiche-DU-PPS-Pr-El-Hangouche-2eme-edition-180x180.png 180w, https:\/\/fmpt.ac.ma\/website\/wp-content\/uploads\/2025\/10\/Affiche-DU-PPS-Pr-El-Hangouche-2eme-edition-600x600.png 600w\" sizes=\"auto, (max-width: 180px) 100vw, 180px\" \/><\/a><\/figure>\n<\/div>\n\n\n\n<div class=\"wp-block-column is-layout-flow wp-block-column-is-layout-flow\">\n<p><a href=\"https:\/\/fmpt.ac.ma\/website\/diplome-universitaire-physiologie-physiopathologie-du-sport-2025-2026\/\"><strong>Physiologie Physiopathologie du Sport<\/strong><br><br><strong>2025-2026<\/strong><\/a><\/p>\n<\/div>\n<\/div>\n<\/div>\n\n\n\n<div class=\"wp-block-column is-layout-flow wp-block-column-is-layout-flow\">\n<div class=\"wp-block-columns is-layout-flex wp-container-core-columns-is-layout-9d6595d7 wp-block-columns-is-layout-flex\">\n<div class=\"wp-block-column is-layout-flow wp-block-column-is-layout-flow\">\n<figure class=\"wp-block-image size-thumbnail\"><a href=\"https:\/\/fmpt.ac.ma\/website\/2025\/10\/23\/recherche-fondamentale-en-sciences-de-la-vie-et-de-la-sante-methodologie-et-aspects-pratiques-2025-2026\/\"><img loading=\"lazy\" decoding=\"async\" width=\"180\" height=\"180\" src=\"https:\/\/fmpt.ac.ma\/website\/wp-content\/uploads\/2025\/10\/Affiche-DU-RFSVS-Pr-El-Hangouche-6eme-edition--180x180.png\" alt=\"\" class=\"wp-image-7245\" style=\"aspect-ratio:1;object-fit:cover\" srcset=\"https:\/\/fmpt.ac.ma\/website\/wp-content\/uploads\/2025\/10\/Affiche-DU-RFSVS-Pr-El-Hangouche-6eme-edition--180x180.png 180w, https:\/\/fmpt.ac.ma\/website\/wp-content\/uploads\/2025\/10\/Affiche-DU-RFSVS-Pr-El-Hangouche-6eme-edition--600x600.png 600w\" sizes=\"auto, (max-width: 180px) 100vw, 180px\" \/><\/a><\/figure>\n<\/div>\n\n\n\n<div class=\"wp-block-column is-layout-flow wp-block-column-is-layout-flow\">\n<p><strong><a href=\"https:\/\/fmpt.ac.ma\/website\/2025\/10\/23\/recherche-fondamentale-en-sciences-de-la-vie-et-de-la-sante-methodologie-et-aspects-pratiques-2025-2026\/\">Recherche Fondamentale en Sciences de la Vie et de la Sant\u00e9: M\u00e9thodologie et aspects pratiques<br><br>2025-2026<\/a><\/strong><\/p>\n<\/div>\n<\/div>\n<\/div>\n<\/div>\n\n\n\n<div class=\"wp-block-columns is-layout-flex wp-container-core-columns-is-layout-9d6595d7 wp-block-columns-is-layout-flex\">\n<div class=\"wp-block-column is-layout-flow wp-block-column-is-layout-flow\">\n<div class=\"wp-block-columns is-layout-flex wp-container-core-columns-is-layout-9d6595d7 wp-block-columns-is-layout-flex\">\n<div class=\"wp-block-column is-layout-flow wp-block-column-is-layout-flow\">\n<figure class=\"wp-block-image size-thumbnail\"><img loading=\"lazy\" decoding=\"async\" width=\"180\" height=\"180\" src=\"https:\/\/fmpt.ac.ma\/website\/wp-content\/uploads\/2025\/10\/WhatsApp-Image-2025-10-16-at-14.48.42-180x180.jpeg\" alt=\"\" class=\"wp-image-7015\" srcset=\"https:\/\/fmpt.ac.ma\/website\/wp-content\/uploads\/2025\/10\/WhatsApp-Image-2025-10-16-at-14.48.42-180x180.jpeg 180w, https:\/\/fmpt.ac.ma\/website\/wp-content\/uploads\/2025\/10\/WhatsApp-Image-2025-10-16-at-14.48.42-600x600.jpeg 600w\" sizes=\"auto, (max-width: 180px) 100vw, 180px\" \/><\/figure>\n<\/div>\n\n\n\n<div class=\"wp-block-column is-layout-flow wp-block-column-is-layout-flow\">\n<p class=\"has-medium-font-size\"><a href=\"https:\/\/fmpt.ac.ma\/website\/2025\/10\/16\/diplome-universitaire-oncogeriatrie\/\">Dipl\u00f4me Universitaire Oncog\u00e9riatrie<\/a><\/p>\n<\/div>\n<\/div>\n<\/div>\n\n\n\n<div class=\"wp-block-column is-layout-flow wp-block-column-is-layout-flow\">\n<div class=\"wp-block-columns is-layout-flex wp-container-core-columns-is-layout-9d6595d7 wp-block-columns-is-layout-flex\">\n<div class=\"wp-block-column is-layout-flow wp-block-column-is-layout-flow\">\n<figure class=\"wp-block-image size-thumbnail\"><img loading=\"lazy\" decoding=\"async\" width=\"180\" height=\"180\" src=\"https:\/\/fmpt.ac.ma\/website\/wp-content\/uploads\/2025\/10\/Brochure-DU-RDP-BIOPHYSIQUE-V3-9_page-0001-180x180.jpg\" alt=\"\" class=\"wp-image-7356\" srcset=\"https:\/\/fmpt.ac.ma\/website\/wp-content\/uploads\/2025\/10\/Brochure-DU-RDP-BIOPHYSIQUE-V3-9_page-0001-180x180.jpg 180w, https:\/\/fmpt.ac.ma\/website\/wp-content\/uploads\/2025\/10\/Brochure-DU-RDP-BIOPHYSIQUE-V3-9_page-0001-600x600.jpg 600w\" sizes=\"auto, (max-width: 180px) 100vw, 180px\" \/><\/figure>\n<\/div>\n\n\n\n<div class=\"wp-block-column is-layout-flow wp-block-column-is-layout-flow\">\n<p class=\"has-medium-font-size\"><a href=\"https:\/\/fmpt.ac.ma\/website\/2025\/09\/08\/diplome-universitaire-radioprotection-en-milieu-medical-annee-universitaire-2025-2026\/\">DIPL\u00d4ME UNIVERSITAIRE RADIOPROTECTION EN MILIEU MEDICAL Ann\u00e9e Universitaire : 2025\/2026<\/a><\/p>\n<\/div>\n<\/div>\n<\/div>\n<\/div>\n\n\n\n<div class=\"wp-block-columns is-layout-flex wp-container-core-columns-is-layout-9d6595d7 wp-block-columns-is-layout-flex\">\n<div class=\"wp-block-column is-vertically-aligned-stretch is-layout-flow wp-block-column-is-layout-flow\">\n<div class=\"wp-block-columns is-layout-flex wp-container-core-columns-is-layout-9d6595d7 wp-block-columns-is-layout-flex\">\n<div class=\"wp-block-column is-layout-flow wp-block-column-is-layout-flow\">\n<figure class=\"wp-block-image size-thumbnail is-resized\"><img loading=\"lazy\" decoding=\"async\" width=\"180\" height=\"180\" src=\"https:\/\/fmpt.ac.ma\/website\/wp-content\/uploads\/2025\/11\/laffiche--180x180.jpeg\" alt=\"\" class=\"wp-image-7574\" style=\"width:187px;height:auto\" srcset=\"https:\/\/fmpt.ac.ma\/website\/wp-content\/uploads\/2025\/11\/laffiche--180x180.jpeg 180w, https:\/\/fmpt.ac.ma\/website\/wp-content\/uploads\/2025\/11\/laffiche--600x600.jpeg 600w\" sizes=\"auto, (max-width: 180px) 100vw, 180px\" \/><\/figure>\n<\/div>\n\n\n\n<div class=\"wp-block-column is-layout-flow wp-block-column-is-layout-flow\">\n<p class=\"has-medium-font-size\"><a href=\"https:\/\/www.fmpt.ac.ma\/website\/2024\/08\/20\/diplome-universitaire-medecine-durgence-pratique-et-situations-dexception-sanitaire\/\"><\/a><a href=\"https:\/\/www.fmpt.ac.ma\/website\/diplome-universitaire-physiologie-physiopathologie-du-sport\/\"><\/a><a href=\"https:\/\/fmpt.ac.ma\/website\/2025\/11\/21\/diplome-universitaire-en-echographie-2\/\" data-type=\"link\" data-id=\"https:\/\/fmpt.ac.ma\/website\/2025\/11\/21\/diplome-universitaire-en-echographie-2\/\">Dipl\u00f4me Universitaire en \u00c9chographie<\/a><\/p>\n<\/div>\n<\/div>\n<\/div>\n\n\n\n<div class=\"wp-block-column is-layout-flow wp-block-column-is-layout-flow\">\n<div class=\"wp-block-columns is-layout-flex wp-container-core-columns-is-layout-9d6595d7 wp-block-columns-is-layout-flex\">\n<div class=\"wp-block-column is-layout-flow wp-block-column-is-layout-flow\">\n<figure class=\"wp-block-image size-medium is-resized\"><img loading=\"lazy\" decoding=\"async\" width=\"600\" height=\"600\" src=\"https:\/\/www.fmpt.ac.ma\/website\/wp-content\/uploads\/2024\/10\/Affiche-DU-MUPSES-600x600.png\" alt=\"\" class=\"wp-image-2995\" style=\"width:202px;height:auto\" srcset=\"https:\/\/fmpt.ac.ma\/website\/wp-content\/uploads\/2024\/10\/Affiche-DU-MUPSES-600x600.png 600w, https:\/\/fmpt.ac.ma\/website\/wp-content\/uploads\/2024\/10\/Affiche-DU-MUPSES-180x180.png 180w\" sizes=\"auto, (max-width: 600px) 100vw, 600px\" \/><\/figure>\n<\/div>\n\n\n\n<div class=\"wp-block-column is-layout-flow wp-block-column-is-layout-flow\">\n<p class=\"has-medium-font-size\"><a href=\"http:\/\/www.fmpt.ac.ma\/website\/diplome-universitaire-prevention-promotion-de-la-sante-et-education-pour-la-sante\/\"><\/a><a href=\"https:\/\/www.fmpt.ac.ma\/website\/diplome-universitaire-recherche-fondamentale-en-sciences-de-la-vie-et-de-la-sante-methodologie-et-aspects-pratiques\/\"><\/a><a href=\"https:\/\/www.fmpt.ac.ma\/website\/diplome-universitaire-physiologie-physiopathologie-du-sport\/\"><\/a><a href=\"https:\/\/www.fmpt.ac.ma\/website\/2024\/08\/20\/diplome-universitaire-medecine-durgence-pratique-et-situations-dexception-sanitaire\/\">Dipl\u00f4me Universitaire M\u00e9decine d\u2019Urgence Pratique et Situations d\u2019Exception Sanitaire 2025-2026<\/a><\/p>\n<\/div>\n<\/div>\n<\/div>\n<\/div>\n\n\n\n<div class=\"wp-block-columns is-layout-flex wp-container-core-columns-is-layout-9d6595d7 wp-block-columns-is-layout-flex\">\n<div class=\"wp-block-column is-layout-flow wp-block-column-is-layout-flow\">\n<figure class=\"wp-block-image size-large\"><img loading=\"lazy\" decoding=\"async\" width=\"1024\" height=\"693\" src=\"http:\/\/www.fmpt.ac.ma\/website\/wp-content\/uploads\/2024\/03\/icon2-1024x693.jpg\" alt=\"\" class=\"wp-image-843\" srcset=\"https:\/\/fmpt.ac.ma\/website\/wp-content\/uploads\/2024\/03\/icon2-1024x693.jpg 1024w, https:\/\/fmpt.ac.ma\/website\/wp-content\/uploads\/2024\/03\/icon2-768x520.jpg 768w, https:\/\/fmpt.ac.ma\/website\/wp-content\/uploads\/2024\/03\/icon2-360x244.jpg 360w, https:\/\/fmpt.ac.ma\/website\/wp-content\/uploads\/2024\/03\/icon2.jpg 1140w\" sizes=\"auto, (max-width: 1024px) 100vw, 1024px\" \/><\/figure>\n<\/div>\n\n\n\n<div class=\"wp-block-column is-layout-flow wp-block-column-is-layout-flow\">\n<p class=\"has-medium-font-size\"><a href=\"https:\/\/www.fmpt.ac.ma\/website\/6eme-edition-diplome-universitaire-epidemiologie-statistique-recherche\/\"><a href=\"http:\/\/www.fmpt.ac.ma\/website\/diplome-universitaire-english-for-medical-and-research-purposes\/\">Dipl\u00f4me Universitaire &#8211; ENGLISH FOR MEDICAL AND RESEARCH PURPOSES<\/a><\/a><\/p>\n<\/div>\n\n\n\n<div class=\"wp-block-column is-layout-flow wp-block-column-is-layout-flow\">\n<div class=\"wp-block-columns is-layout-flex wp-container-core-columns-is-layout-9d6595d7 wp-block-columns-is-layout-flex\">\n<div class=\"wp-block-column is-layout-flow wp-block-column-is-layout-flow\"><\/div>\n<\/div>\n<\/div>\n\n\n\n<div class=\"wp-block-column is-layout-flow wp-block-column-is-layout-flow\"><\/div>\n<\/div>\n\n\n\n<p><\/p>\n","protected":false},"excerpt":{"rendered":"<p>Physiologie Physiopathologie du Sport 2025-2026 Recherche Fondamentale en Sciences de la Vie et de la Sant\u00e9: M\u00e9thodologie et aspects pratiques 2025-2026 Dipl\u00f4me Universitaire Oncog\u00e9riatrie DIPL\u00d4ME UNIVERSITAIRE RADIOPROTECTION EN MILIEU MEDICAL Ann\u00e9e Universitaire : 2025\/2026 Dipl\u00f4me Universitaire en \u00c9chographie Dipl\u00f4me Universitaire <a href=\"https:\/\/fmpt.ac.ma\/website\/liste-des-diplomes-universitaires\/\" class=\"read-more\">Read More &#8230;<\/a><\/p>\n","protected":false},"author":1,"featured_media":0,"parent":0,"menu_order":0,"comment_status":"closed","ping_status":"closed","template":"","meta":{"footnotes":""},"class_list":["post-816","page","type-page","status-publish","hentry"],"_links":{"self":[{"href":"https:\/\/fmpt.ac.ma\/website\/wp-json\/wp\/v2\/pages\/816","targetHints":{"allow":["GET"]}}],"collection":[{"href":"https:\/\/fmpt.ac.ma\/website\/wp-json\/wp\/v2\/pages"}],"about":[{"href":"https:\/\/fmpt.ac.ma\/website\/wp-json\/wp\/v2\/types\/page"}],"author":[{"embeddable":true,"href":"https:\/\/fmpt.ac.ma\/website\/wp-json\/wp\/v2\/users\/1"}],"replies":[{"embeddable":true,"href":"https:\/\/fmpt.ac.ma\/website\/wp-json\/wp\/v2\/comments?post=816"}],"version-history":[{"count":46,"href":"https:\/\/fmpt.ac.ma\/website\/wp-json\/wp\/v2\/pages\/816\/revisions"}],"predecessor-version":[{"id":7579,"href":"https:\/\/fmpt.ac.ma\/website\/wp-json\/wp\/v2\/pages\/816\/revisions\/7579"}],"wp:attachment":[{"href":"https:\/\/fmpt.ac.ma\/website\/wp-json\/wp\/v2\/media?parent=816"}],"curies":[{"name":"wp","href":"https:\/\/api.w.org\/{rel}","templated":true}]}}