{"id":886,"date":"2024-03-20T12:23:20","date_gmt":"2024-03-20T11:23:20","guid":{"rendered":"https:\/\/fmpt.ac.ma\/website\/?page_id=886"},"modified":"2024-10-24T10:46:17","modified_gmt":"2024-10-24T08:46:17","slug":"publication-scientifique","status":"publish","type":"page","link":"https:\/\/fmpt.ac.ma\/website\/publication-scientifique\/","title":{"rendered":"Bibliom\u00e9trie"},"content":{"rendered":"\n<div style=\"height:55px\" aria-hidden=\"true\" class=\"wp-block-spacer\"><\/div>\n\n\n\n<div class=\"wp-block-group is-vertical is-content-justification-stretch is-layout-flex wp-container-core-group-is-layout-b16ad781 wp-block-group-is-layout-flex\">\n<div class=\"wp-block-group\"><div class=\"wp-block-group__inner-container is-layout-constrained wp-block-group-is-layout-constrained\">\n<p>Le service de recherche de la FMPT a conduit en juillet 2024 une enqu\u00eate bibliom\u00e9trique de grande envergure, visant \u00e0 \u00e9valuer la visibilit\u00e9 des chercheurs de la facult\u00e9 \u00e0 travers leurs publications scientifiques. Cette \u00e9tude, qui s&rsquo;inscrit sur une d\u00e9cennie compl\u00e8te (de 2014, date de cr\u00e9ation officielle de la FMPT, jusqu&rsquo;au 18 juillet 2024), a port\u00e9 sur l&rsquo;ensemble des 122 professeurs de la facult\u00e9, comprenant des professeurs de l&rsquo;enseignement sup\u00e9rieur, des agr\u00e9g\u00e9s ainsi que des assistants.<\/p>\n\n\n\n<p>En se focalisant sur la base de donn\u00e9es SCOPUS, cette enqu\u00eate a permis d&rsquo;analyser en profondeur les contributions des enseignants-chercheurs et &nbsp;mettre en lumi\u00e8re la production scientifique de la FMPT au fil des ann\u00e9es.<\/p>\n<\/div><\/div>\n<\/div>\n\n\n\n<div style=\"height:26px\" aria-hidden=\"true\" class=\"wp-block-spacer\"><\/div>\n\n\n<div class=\"wp-block-image\">\n<figure class=\"aligncenter size-full is-resized\"><img loading=\"lazy\" decoding=\"async\" width=\"948\" height=\"564\" src=\"https:\/\/www.fmpt.ac.ma\/website\/wp-content\/uploads\/2024\/10\/image-7.png\" alt=\"\" class=\"wp-image-2610\" style=\"width:652px;height:auto\" srcset=\"https:\/\/fmpt.ac.ma\/website\/wp-content\/uploads\/2024\/10\/image-7.png 948w, https:\/\/fmpt.ac.ma\/website\/wp-content\/uploads\/2024\/10\/image-7-768x457.png 768w, https:\/\/fmpt.ac.ma\/website\/wp-content\/uploads\/2024\/10\/image-7-360x214.png 360w\" sizes=\"auto, (max-width: 948px) 100vw, 948px\" \/><\/figure>\n<\/div>\n\n\n<div style=\"height:46px\" aria-hidden=\"true\" class=\"wp-block-spacer\"><\/div>\n\n\n\n<h2 class=\"wp-block-heading has-text-align-left\"><em><strong>Distribution des professeurs par d\u00e9partement<\/strong><\/em><\/h2>\n\n\n\n<div style=\"height:27px\" aria-hidden=\"true\" class=\"wp-block-spacer\"><\/div>\n\n\n\n<figure class=\"wp-block-gallery has-nested-images columns-default is-cropped wp-block-gallery-1 is-layout-flex wp-block-gallery-is-layout-flex\">\n<figure class=\"wp-block-image size-full\"><img loading=\"lazy\" decoding=\"async\" width=\"408\" height=\"306\" data-id=\"2625\" src=\"https:\/\/www.fmpt.ac.ma\/website\/wp-content\/uploads\/2024\/10\/image-13.png\" alt=\"\" class=\"wp-image-2625\" srcset=\"https:\/\/fmpt.ac.ma\/website\/wp-content\/uploads\/2024\/10\/image-13.png 408w, https:\/\/fmpt.ac.ma\/website\/wp-content\/uploads\/2024\/10\/image-13-360x270.png 360w\" sizes=\"auto, (max-width: 408px) 100vw, 408px\" \/><\/figure>\n\n\n<div class=\"wp-block-image\">\n<figure class=\"alignleft size-full\"><img loading=\"lazy\" decoding=\"async\" width=\"932\" height=\"625\" data-id=\"2658\" src=\"https:\/\/www.fmpt.ac.ma\/website\/wp-content\/uploads\/2024\/10\/image-26.png\" alt=\"\" class=\"wp-image-2658\" srcset=\"https:\/\/fmpt.ac.ma\/website\/wp-content\/uploads\/2024\/10\/image-26.png 932w, https:\/\/fmpt.ac.ma\/website\/wp-content\/uploads\/2024\/10\/image-26-768x515.png 768w, https:\/\/fmpt.ac.ma\/website\/wp-content\/uploads\/2024\/10\/image-26-360x241.png 360w\" sizes=\"auto, (max-width: 932px) 100vw, 932px\" \/><\/figure>\n<\/div><\/figure>\n\n\n\n<div style=\"height:58px\" aria-hidden=\"true\" class=\"wp-block-spacer\"><\/div>\n\n\n\n<h2 class=\"wp-block-heading\"><em><strong>Production scientifique par d\u00e9partement<\/strong><\/em><\/h2>\n\n\n\n<div style=\"height:23px\" aria-hidden=\"true\" class=\"wp-block-spacer\"><\/div>\n\n\n\n<figure class=\"wp-block-gallery has-nested-images columns-default is-cropped wp-block-gallery-2 is-layout-flex wp-block-gallery-is-layout-flex\">\n<figure class=\"wp-block-image size-large\"><img loading=\"lazy\" decoding=\"async\" width=\"858\" height=\"409\" data-id=\"2695\" src=\"https:\/\/www.fmpt.ac.ma\/website\/wp-content\/uploads\/2024\/10\/image-30.png\" alt=\"\" class=\"wp-image-2695\" srcset=\"https:\/\/fmpt.ac.ma\/website\/wp-content\/uploads\/2024\/10\/image-30.png 858w, https:\/\/fmpt.ac.ma\/website\/wp-content\/uploads\/2024\/10\/image-30-768x366.png 768w, https:\/\/fmpt.ac.ma\/website\/wp-content\/uploads\/2024\/10\/image-30-360x172.png 360w\" sizes=\"auto, (max-width: 858px) 100vw, 858px\" \/><\/figure>\n\n\n\n<figure class=\"wp-block-image size-large\"><img loading=\"lazy\" decoding=\"async\" width=\"927\" height=\"622\" data-id=\"2697\" src=\"https:\/\/www.fmpt.ac.ma\/website\/wp-content\/uploads\/2024\/10\/image-31.png\" alt=\"\" class=\"wp-image-2697\" srcset=\"https:\/\/fmpt.ac.ma\/website\/wp-content\/uploads\/2024\/10\/image-31.png 927w, https:\/\/fmpt.ac.ma\/website\/wp-content\/uploads\/2024\/10\/image-31-768x515.png 768w, https:\/\/fmpt.ac.ma\/website\/wp-content\/uploads\/2024\/10\/image-31-360x242.png 360w\" sizes=\"auto, (max-width: 927px) 100vw, 927px\" \/><\/figure>\n<\/figure>\n\n\n\n<div style=\"height:58px\" aria-hidden=\"true\" class=\"wp-block-spacer\"><\/div>\n\n\n\n<h2 class=\"wp-block-heading\"><em><strong>Production scientifique par anciennet\u00e9<\/strong><\/em><\/h2>\n\n\n\n<div style=\"height:23px\" aria-hidden=\"true\" class=\"wp-block-spacer\"><\/div>\n\n\n\n<figure class=\"wp-block-gallery has-nested-images columns-default is-cropped wp-block-gallery-3 is-layout-flex wp-block-gallery-is-layout-flex\">\n<figure class=\"wp-block-image size-large\"><img loading=\"lazy\" decoding=\"async\" width=\"567\" height=\"484\" data-id=\"2671\" src=\"https:\/\/www.fmpt.ac.ma\/website\/wp-content\/uploads\/2024\/10\/image-28.png\" alt=\"\" class=\"wp-image-2671\" srcset=\"https:\/\/fmpt.ac.ma\/website\/wp-content\/uploads\/2024\/10\/image-28.png 567w, https:\/\/fmpt.ac.ma\/website\/wp-content\/uploads\/2024\/10\/image-28-316x270.png 316w\" sizes=\"auto, (max-width: 567px) 100vw, 567px\" \/><\/figure>\n\n\n\n<figure class=\"wp-block-image size-large\"><img loading=\"lazy\" decoding=\"async\" width=\"521\" height=\"321\" data-id=\"2672\" src=\"https:\/\/www.fmpt.ac.ma\/website\/wp-content\/uploads\/2024\/10\/image-29.png\" alt=\"\" class=\"wp-image-2672\" srcset=\"https:\/\/fmpt.ac.ma\/website\/wp-content\/uploads\/2024\/10\/image-29.png 521w, https:\/\/fmpt.ac.ma\/website\/wp-content\/uploads\/2024\/10\/image-29-360x222.png 360w\" sizes=\"auto, (max-width: 521px) 100vw, 521px\" \/><\/figure>\n<\/figure>\n\n\n\n<div style=\"height:23px\" aria-hidden=\"true\" class=\"wp-block-spacer\"><\/div>\n\n\n\n<div style=\"height:47px\" aria-hidden=\"true\" class=\"wp-block-spacer\"><\/div>\n\n\n\n<h2 class=\"wp-block-heading\"><em>H-index<\/em><\/h2>\n\n\n\n<div style=\"height:25px\" aria-hidden=\"true\" class=\"wp-block-spacer\"><\/div>\n\n\n\n<figure class=\"wp-block-table aligncenter\"><table><tbody><tr><td><strong>Anciennet\u00e9<\/strong><\/td><td><strong>H.index<\/strong><\/td><td><strong>R\u00e9sultat minimum<\/strong><\/td><td><strong>R\u00e9sultat maximum<\/strong><\/td><\/tr><tr><td><strong>Professeurs <\/strong>d\u2019enseignement<strong> sup\u00e9rieur<\/strong><\/td><td>1,56<\/td><td>0<\/td><td>11<\/td><\/tr><tr><td><strong>Professeurs agr\u00e9g\u00e9s<\/strong><\/td><td>3,52<\/td><td>0<\/td><td>16<\/td><\/tr><tr><td><strong>Professeurs assistants<\/strong><\/td><td>5,62<\/td><td>1<\/td><td>12<\/td><\/tr><\/tbody><\/table><\/figure>\n\n\n<div class=\"wp-block-image\">\n<figure class=\"aligncenter size-full\"><img loading=\"lazy\" decoding=\"async\" width=\"683\" height=\"481\" src=\"https:\/\/www.fmpt.ac.ma\/website\/wp-content\/uploads\/2024\/10\/image-20.png\" alt=\"\" class=\"wp-image-2636\" srcset=\"https:\/\/fmpt.ac.ma\/website\/wp-content\/uploads\/2024\/10\/image-20.png 683w, https:\/\/fmpt.ac.ma\/website\/wp-content\/uploads\/2024\/10\/image-20-360x254.png 360w\" sizes=\"auto, (max-width: 683px) 100vw, 683px\" \/><\/figure>\n<\/div>","protected":false},"excerpt":{"rendered":"<p>Le service de recherche de la FMPT a conduit en juillet 2024 une enqu\u00eate bibliom\u00e9trique de grande envergure, visant \u00e0 \u00e9valuer la visibilit\u00e9 des chercheurs de la facult\u00e9 \u00e0 travers leurs publications scientifiques. Cette \u00e9tude, qui s&rsquo;inscrit sur une d\u00e9cennie <a href=\"https:\/\/fmpt.ac.ma\/website\/publication-scientifique\/\" class=\"read-more\">Read More &#8230;<\/a><\/p>\n","protected":false},"author":1,"featured_media":0,"parent":0,"menu_order":0,"comment_status":"closed","ping_status":"closed","template":"","meta":{"footnotes":""},"class_list":["post-886","page","type-page","status-publish","hentry"],"_links":{"self":[{"href":"https:\/\/fmpt.ac.ma\/website\/wp-json\/wp\/v2\/pages\/886","targetHints":{"allow":["GET"]}}],"collection":[{"href":"https:\/\/fmpt.ac.ma\/website\/wp-json\/wp\/v2\/pages"}],"about":[{"href":"https:\/\/fmpt.ac.ma\/website\/wp-json\/wp\/v2\/types\/page"}],"author":[{"embeddable":true,"href":"https:\/\/fmpt.ac.ma\/website\/wp-json\/wp\/v2\/users\/1"}],"replies":[{"embeddable":true,"href":"https:\/\/fmpt.ac.ma\/website\/wp-json\/wp\/v2\/comments?post=886"}],"version-history":[{"count":43,"href":"https:\/\/fmpt.ac.ma\/website\/wp-json\/wp\/v2\/pages\/886\/revisions"}],"predecessor-version":[{"id":2902,"href":"https:\/\/fmpt.ac.ma\/website\/wp-json\/wp\/v2\/pages\/886\/revisions\/2902"}],"wp:attachment":[{"href":"https:\/\/fmpt.ac.ma\/website\/wp-json\/wp\/v2\/media?parent=886"}],"curies":[{"name":"wp","href":"https:\/\/api.w.org\/{rel}","templated":true}]}}